{"id":22641,"date":"2025-04-06T19:32:59","date_gmt":"2025-04-06T19:32:59","guid":{"rendered":"https:\/\/bartek-kruk.pl\/?page_id=22641"},"modified":"2025-04-06T19:33:00","modified_gmt":"2025-04-06T19:33:00","slug":"informacje-o-dostawie","status":"publish","type":"page","link":"https:\/\/bartek-kruk.pl\/en\/informacje-o-dostawie\/","title":{"rendered":"Delivery Information"},"content":{"rendered":"<h4 class=\"wp-block-heading\">Physical products<\/h4>\n\n\n\n<p>All physical products (e.g. clothing, training accessories) are shipped via <strong>InPost \u2013 Parcel Lockers 24\/7<\/strong>.<\/p>\n\n\n\n<ul class=\"wp-block-list\">\n<li><strong>Order processing time:<\/strong> up to 3 business days from the moment the payment is received.<\/li>\n\n\n\n<li><strong>Delivery time:<\/strong> usually 1-2 business days from the time of shipment.<\/li>\n\n\n\n<li><strong>Shipping cost:<\/strong> in line with the current InPost price list, visible in the basket when placing the order.<\/li>\n\n\n\n<li><strong>Track your shipment:<\/strong> After shipping, you will receive a tracking number and a link to track the package status.<\/li>\n<\/ul>\n\n\n\n<p>Please remember to double check your shipping details before placing your order \u2013 we are not responsible for any incorrect information.<\/p>\n\n\n\n<h4 class=\"wp-block-heading\">Digital products<\/h4>\n\n\n\n<p>Digital products (training plans, access to online materials, consultations, etc.) are delivered <strong>automatically<\/strong> via email or via platform access \u2013 depending on the type of product.<\/p>\n\n\n\n<ul class=\"wp-block-list\">\n<li><strong>Delivery time:<\/strong> immediately after payment is received (or as specified in the product description).<\/li>\n\n\n\n<li><strong>Shipping costs:<\/strong> do not apply to digital products \u2013 they are free.<\/li>\n<\/ul>","protected":false},"excerpt":{"rendered":"<p>Produkty fizyczne Wszystkie produkty fizyczne (np. odzie\u017c, akcesoria treningowe) wysy\u0142ane s\u0105 za po\u015brednictwem InPost \u2013 Paczkomaty 24\/7. Pami\u0119taj, aby dok\u0142adnie sprawdzi\u0107 dane do wysy\u0142ki przed z\u0142o\u017ceniem zam\u00f3wienia \u2013 nie ponosimy odpowiedzialno\u015bci za b\u0142\u0119dnie podane informacje. Produkty cyfrowe Produkty cyfrowe (plany treningowe, dost\u0119p do materia\u0142\u00f3w online, konsultacje itp.) dostarczane s\u0105 automatycznie drog\u0105 mailow\u0105 lub przez dost\u0119p [&hellip;]<\/p>","protected":false},"author":2,"featured_media":0,"parent":0,"menu_order":0,"comment_status":"closed","ping_status":"closed","template":"","meta":{"footnotes":""},"class_list":["post-22641","page","type-page","status-publish","hentry"],"yoast_head":"<!-- This site is optimized with the Yoast SEO plugin v25.8 - https:\/\/yoast.com\/wordpress\/plugins\/seo\/ -->\n<title>Informacje o dostawie - Bartek Kruk<\/title>\n<meta name=\"robots\" content=\"index, follow, max-snippet:-1, max-image-preview:large, max-video-preview:-1\" \/>\n<link rel=\"canonical\" href=\"https:\/\/bartek-kruk.pl\/en\/informacje-o-dostawie\/\" \/>\n<meta property=\"og:locale\" content=\"en_US\" \/>\n<meta property=\"og:type\" content=\"article\" \/>\n<meta property=\"og:title\" content=\"Informacje o dostawie - Bartek Kruk\" \/>\n<meta property=\"og:description\" content=\"Produkty fizyczne Wszystkie produkty fizyczne (np. odzie\u017c, akcesoria treningowe) wysy\u0142ane s\u0105 za po\u015brednictwem InPost \u2013 Paczkomaty 24\/7. Pami\u0119taj, aby dok\u0142adnie sprawdzi\u0107 dane do wysy\u0142ki przed z\u0142o\u017ceniem zam\u00f3wienia \u2013 nie ponosimy odpowiedzialno\u015bci za b\u0142\u0119dnie podane informacje. Produkty cyfrowe Produkty cyfrowe (plany treningowe, dost\u0119p do materia\u0142\u00f3w online, konsultacje itp.) dostarczane s\u0105 automatycznie drog\u0105 mailow\u0105 lub przez dost\u0119p [&hellip;]\" \/>\n<meta property=\"og:url\" content=\"https:\/\/bartek-kruk.pl\/en\/informacje-o-dostawie\/\" \/>\n<meta property=\"og:site_name\" content=\"Bartek Kruk\" \/>\n<meta property=\"article:publisher\" content=\"https:\/\/www.facebook.com\/bartekkrukworkout\" \/>\n<meta property=\"article:modified_time\" content=\"2025-04-06T19:33:00+00:00\" \/>\n<meta name=\"twitter:card\" content=\"summary_large_image\" \/>\n<meta name=\"twitter:label1\" content=\"Est. reading time\" \/>\n\t<meta name=\"twitter:data1\" content=\"1 minute\" \/>\n<script type=\"application\/ld+json\" class=\"yoast-schema-graph\">{\"@context\":\"https:\/\/schema.org\",\"@graph\":[{\"@type\":\"WebPage\",\"@id\":\"https:\/\/bartek-kruk.pl\/informacje-o-dostawie\/\",\"url\":\"https:\/\/bartek-kruk.pl\/informacje-o-dostawie\/\",\"name\":\"Informacje o dostawie - Bartek Kruk\",\"isPartOf\":{\"@id\":\"https:\/\/bartek-kruk.pl\/#website\"},\"datePublished\":\"2025-04-06T19:32:59+00:00\",\"dateModified\":\"2025-04-06T19:33:00+00:00\",\"breadcrumb\":{\"@id\":\"https:\/\/bartek-kruk.pl\/informacje-o-dostawie\/#breadcrumb\"},\"inLanguage\":\"en-US\",\"potentialAction\":[{\"@type\":\"ReadAction\",\"target\":[\"https:\/\/bartek-kruk.pl\/informacje-o-dostawie\/\"]}]},{\"@type\":\"BreadcrumbList\",\"@id\":\"https:\/\/bartek-kruk.pl\/informacje-o-dostawie\/#breadcrumb\",\"itemListElement\":[{\"@type\":\"ListItem\",\"position\":1,\"name\":\"Strona g\u0142\u00f3wna\",\"item\":\"https:\/\/bartek-kruk.pl\/\"},{\"@type\":\"ListItem\",\"position\":2,\"name\":\"Informacje o dostawie\"}]},{\"@type\":\"WebSite\",\"@id\":\"https:\/\/bartek-kruk.pl\/#website\",\"url\":\"https:\/\/bartek-kruk.pl\/\",\"name\":\"Bartek Kruk\",\"description\":\"Trening Personalny | Terapia | Szkolenia\",\"publisher\":{\"@id\":\"https:\/\/bartek-kruk.pl\/#\/schema\/person\/db8c951a4d31a75b256b28d668b4e18d\"},\"potentialAction\":[{\"@type\":\"SearchAction\",\"target\":{\"@type\":\"EntryPoint\",\"urlTemplate\":\"https:\/\/bartek-kruk.pl\/?s={search_term_string}\"},\"query-input\":{\"@type\":\"PropertyValueSpecification\",\"valueRequired\":true,\"valueName\":\"search_term_string\"}}],\"inLanguage\":\"en-US\"},{\"@type\":[\"Person\",\"Organization\"],\"@id\":\"https:\/\/bartek-kruk.pl\/#\/schema\/person\/db8c951a4d31a75b256b28d668b4e18d\",\"name\":\"Bartek Kruk\",\"image\":{\"@type\":\"ImageObject\",\"inLanguage\":\"en-US\",\"@id\":\"https:\/\/bartek-kruk.pl\/#\/schema\/person\/image\/\",\"url\":\"https:\/\/bartek-kruk.pl\/wp-content\/uploads\/2025\/07\/images.jpg\",\"contentUrl\":\"https:\/\/bartek-kruk.pl\/wp-content\/uploads\/2025\/07\/images.jpg\",\"width\":225,\"height\":225,\"caption\":\"Bartek Kruk\"},\"logo\":{\"@id\":\"https:\/\/bartek-kruk.pl\/#\/schema\/person\/image\/\"},\"sameAs\":[\"https:\/\/bartek-kruk.pl\",\"https:\/\/www.facebook.com\/bartekkrukworkout\",\"https:\/\/www.instagram.com\/bartekkruk_\/?hl=en\"]}]}<\/script>\n<!-- \/ Yoast SEO plugin. -->","yoast_head_json":{"title":"Informacje o dostawie - Bartek Kruk","robots":{"index":"index","follow":"follow","max-snippet":"max-snippet:-1","max-image-preview":"max-image-preview:large","max-video-preview":"max-video-preview:-1"},"canonical":"https:\/\/bartek-kruk.pl\/en\/informacje-o-dostawie\/","og_locale":"en_US","og_type":"article","og_title":"Informacje o dostawie - Bartek Kruk","og_description":"Produkty fizyczne Wszystkie produkty fizyczne (np. odzie\u017c, akcesoria treningowe) wysy\u0142ane s\u0105 za po\u015brednictwem InPost \u2013 Paczkomaty 24\/7. Pami\u0119taj, aby dok\u0142adnie sprawdzi\u0107 dane do wysy\u0142ki przed z\u0142o\u017ceniem zam\u00f3wienia \u2013 nie ponosimy odpowiedzialno\u015bci za b\u0142\u0119dnie podane informacje. Produkty cyfrowe Produkty cyfrowe (plany treningowe, dost\u0119p do materia\u0142\u00f3w online, konsultacje itp.) dostarczane s\u0105 automatycznie drog\u0105 mailow\u0105 lub przez dost\u0119p [&hellip;]","og_url":"https:\/\/bartek-kruk.pl\/en\/informacje-o-dostawie\/","og_site_name":"Bartek Kruk","article_publisher":"https:\/\/www.facebook.com\/bartekkrukworkout","article_modified_time":"2025-04-06T19:33:00+00:00","twitter_card":"summary_large_image","twitter_misc":{"Est. reading time":"1 minute"},"schema":{"@context":"https:\/\/schema.org","@graph":[{"@type":"WebPage","@id":"https:\/\/bartek-kruk.pl\/informacje-o-dostawie\/","url":"https:\/\/bartek-kruk.pl\/informacje-o-dostawie\/","name":"Informacje o dostawie - Bartek Kruk","isPartOf":{"@id":"https:\/\/bartek-kruk.pl\/#website"},"datePublished":"2025-04-06T19:32:59+00:00","dateModified":"2025-04-06T19:33:00+00:00","breadcrumb":{"@id":"https:\/\/bartek-kruk.pl\/informacje-o-dostawie\/#breadcrumb"},"inLanguage":"en-US","potentialAction":[{"@type":"ReadAction","target":["https:\/\/bartek-kruk.pl\/informacje-o-dostawie\/"]}]},{"@type":"BreadcrumbList","@id":"https:\/\/bartek-kruk.pl\/informacje-o-dostawie\/#breadcrumb","itemListElement":[{"@type":"ListItem","position":1,"name":"Strona g\u0142\u00f3wna","item":"https:\/\/bartek-kruk.pl\/"},{"@type":"ListItem","position":2,"name":"Informacje o dostawie"}]},{"@type":"WebSite","@id":"https:\/\/bartek-kruk.pl\/#website","url":"https:\/\/bartek-kruk.pl\/","name":"Bartek Kruk","description":"Personal Training | Therapy | Training","publisher":{"@id":"https:\/\/bartek-kruk.pl\/#\/schema\/person\/db8c951a4d31a75b256b28d668b4e18d"},"potentialAction":[{"@type":"SearchAction","target":{"@type":"EntryPoint","urlTemplate":"https:\/\/bartek-kruk.pl\/?s={search_term_string}"},"query-input":{"@type":"PropertyValueSpecification","valueRequired":true,"valueName":"search_term_string"}}],"inLanguage":"en-US"},{"@type":["Person","Organization"],"@id":"https:\/\/bartek-kruk.pl\/#\/schema\/person\/db8c951a4d31a75b256b28d668b4e18d","name":"Bartek Kruk","image":{"@type":"ImageObject","inLanguage":"en-US","@id":"https:\/\/bartek-kruk.pl\/#\/schema\/person\/image\/","url":"https:\/\/bartek-kruk.pl\/wp-content\/uploads\/2025\/07\/images.jpg","contentUrl":"https:\/\/bartek-kruk.pl\/wp-content\/uploads\/2025\/07\/images.jpg","width":225,"height":225,"caption":"Bartek Kruk"},"logo":{"@id":"https:\/\/bartek-kruk.pl\/#\/schema\/person\/image\/"},"sameAs":["https:\/\/bartek-kruk.pl","https:\/\/www.facebook.com\/bartekkrukworkout","https:\/\/www.instagram.com\/bartekkruk_\/?hl=en"]}]}},"_links":{"self":[{"href":"https:\/\/bartek-kruk.pl\/en\/wp-json\/wp\/v2\/pages\/22641","targetHints":{"allow":["GET"]}}],"collection":[{"href":"https:\/\/bartek-kruk.pl\/en\/wp-json\/wp\/v2\/pages"}],"about":[{"href":"https:\/\/bartek-kruk.pl\/en\/wp-json\/wp\/v2\/types\/page"}],"author":[{"embeddable":true,"href":"https:\/\/bartek-kruk.pl\/en\/wp-json\/wp\/v2\/users\/2"}],"replies":[{"embeddable":true,"href":"https:\/\/bartek-kruk.pl\/en\/wp-json\/wp\/v2\/comments?post=22641"}],"version-history":[{"count":1,"href":"https:\/\/bartek-kruk.pl\/en\/wp-json\/wp\/v2\/pages\/22641\/revisions"}],"predecessor-version":[{"id":22642,"href":"https:\/\/bartek-kruk.pl\/en\/wp-json\/wp\/v2\/pages\/22641\/revisions\/22642"}],"wp:attachment":[{"href":"https:\/\/bartek-kruk.pl\/en\/wp-json\/wp\/v2\/media?parent=22641"}],"curies":[{"name":"wp","href":"https:\/\/api.w.org\/{rel}","templated":true}]}}