{"id":22087,"date":"2025-02-24T18:25:26","date_gmt":"2025-02-24T18:25:26","guid":{"rendered":"https:\/\/bartek-kruk.pl\/?post_type=product&#038;p=22087"},"modified":"2025-06-13T14:54:22","modified_gmt":"2025-06-13T14:54:22","slug":"koszulka-psycha","status":"publish","type":"product","link":"https:\/\/bartek-kruk.pl\/en\/product\/koszulka-psycha\/","title":{"rendered":"\u201cPsyche\u201d T-shirt"},"content":{"rendered":"<p><span style=\"font-weight: 400;\">\u201c#PSYCHA\u201d T-SHIRT \u2013 BECAUSE IT&#039;S ALL IN THE HEAD \ud83d\udd25<\/span><\/p>\n<p><span style=\"font-weight: 400;\">\u00a0<\/span><\/p>\n<p><span style=\"font-weight: 400;\">If you want to reach the top, you need a strong mind. The body follows the mind, and without a strong mind, there&#039;s no progress\u2014not in training, not in life. That&#039;s why we created the &quot;#PSYCHA&quot; T-shirt, a reminder that what&#039;s in your head determines everything.<\/span><\/p>\n<p><span style=\"font-weight: 400;\">\u00a0<\/span><\/p>\n<p><span style=\"font-weight: 400;\">When you put it on, you step up to a higher level. This isn&#039;t just a T-shirt\u2014it&#039;s armor for those who know that the greatest barriers are broken in the mind. This is the mindset of winners\u2014people who never give up, go after what&#039;s right, and accept no limits.<\/span><\/p>\n<p><span style=\"font-weight: 400;\">\u00a0<\/span><\/p>\n<p><span style=\"font-weight: 400;\">\ud83d\udd25 What makes the \u201c#PSYCHA\u201d T-shirt stand out? \ud83d\udd25<\/span><\/p>\n<p><span style=\"font-weight: 400;\">\u2714 Minimalist, strong message \u2013 #PSYCHA on the chest and the Kruku Team logo on the back, because you are part of something bigger.<\/span><\/p>\n<p><span style=\"font-weight: 400;\">\u2714 Versatile \u2013 perfect for training, but also suitable for everyday use, because mental strength is key not only at the gym.<\/span><\/p>\n<p><span style=\"font-weight: 400;\">\u2714 Comfort and quality \u2013 airy, comfortable and natural material that will allow you to act without restrictions.<\/span><\/p>\n<p><span style=\"font-weight: 400;\">\u00a0<\/span><\/p>\n<p><span style=\"font-weight: 400;\">There&#039;s no progress without a strong mind. Do you have the Psyche? Then act. \ud83d\udd25\ud83d\udcaa<\/span><\/p>","protected":false},"excerpt":{"rendered":"<p>KOSZULKA \u201c#PSYCHA\u201d \u2013 BO WSZYSTKO SIEDZI W G\u0141OWIE \ud83d\udd25 \u00a0 Je\u015bli chcesz osi\u0105gn\u0105\u0107 szczyt, musisz mie\u0107 mocn\u0105 psych\u0119. Cia\u0142o pod\u0105\u017ca za umys\u0142em, a bez silnego mentalu nie ma progresu \u2013 ani na treningu, ani w \u017cyciu. Dlatego powsta\u0142a koszulka \u201c#PSYCHA\u201d, kt\u00f3ra przypomina Ci, \u017ce to, co masz w g\u0142owie, decyduje o wszystkim. \u00a0 Kiedy j\u0105 [&hellip;]<\/p>","protected":false},"featured_media":22232,"comment_status":"open","ping_status":"closed","template":"","meta":[],"product_brand":[],"product_cat":[15,144,145,147],"product_tag":[],"class_list":{"0":"post-22087","1":"product","2":"type-product","3":"status-publish","4":"has-post-thumbnail","6":"product_cat-uncategorized","7":"product_cat-sklep","8":"product_cat-odziez-sportowa","9":"product_cat-koszulki","11":"first","12":"instock","13":"sale","14":"shipping-taxable","15":"purchasable","16":"product-type-variable","17":"add-to-wishlist-after_add_to_cart"},"yoast_head":"<!-- This site is optimized with the Yoast SEO plugin v25.8 - https:\/\/yoast.com\/wordpress\/plugins\/seo\/ -->\n<title>Koszulka &quot;Psycha&quot; - Bartek Kruk<\/title>\n<meta name=\"robots\" content=\"index, follow, max-snippet:-1, max-image-preview:large, max-video-preview:-1\" \/>\n<link rel=\"canonical\" href=\"https:\/\/bartek-kruk.pl\/en\/product\/koszulka-psycha\/\" \/>\n<meta property=\"og:locale\" content=\"en_US\" \/>\n<meta property=\"og:type\" content=\"article\" \/>\n<meta property=\"og:title\" content=\"Koszulka &quot;Psycha&quot; - Bartek Kruk\" \/>\n<meta property=\"og:description\" content=\"KOSZULKA \u201c#PSYCHA\u201d \u2013 BO WSZYSTKO SIEDZI W G\u0141OWIE \ud83d\udd25 \u00a0 Je\u015bli chcesz osi\u0105gn\u0105\u0107 szczyt, musisz mie\u0107 mocn\u0105 psych\u0119. Cia\u0142o pod\u0105\u017ca za umys\u0142em, a bez silnego mentalu nie ma progresu \u2013 ani na treningu, ani w \u017cyciu. Dlatego powsta\u0142a koszulka \u201c#PSYCHA\u201d, kt\u00f3ra przypomina Ci, \u017ce to, co masz w g\u0142owie, decyduje o wszystkim. \u00a0 Kiedy j\u0105 [&hellip;]\" \/>\n<meta property=\"og:url\" content=\"https:\/\/bartek-kruk.pl\/en\/product\/koszulka-psycha\/\" \/>\n<meta property=\"og:site_name\" content=\"Bartek Kruk\" \/>\n<meta property=\"article:publisher\" content=\"https:\/\/www.facebook.com\/bartekkrukworkout\" \/>\n<meta property=\"article:modified_time\" content=\"2025-06-13T14:54:22+00:00\" \/>\n<meta property=\"og:image\" content=\"https:\/\/bartek-kruk.pl\/wp-content\/uploads\/2025\/02\/IMG_4281-scaled.jpg\" \/>\n\t<meta property=\"og:image:width\" content=\"2048\" \/>\n\t<meta property=\"og:image:height\" content=\"2560\" \/>\n\t<meta property=\"og:image:type\" content=\"image\/jpeg\" \/>\n<meta name=\"twitter:card\" content=\"summary_large_image\" \/>\n<meta name=\"twitter:label1\" content=\"Est. reading time\" \/>\n\t<meta name=\"twitter:data1\" content=\"1 minute\" \/>\n<script type=\"application\/ld+json\" class=\"yoast-schema-graph\">{\"@context\":\"https:\/\/schema.org\",\"@graph\":[{\"@type\":\"WebPage\",\"@id\":\"https:\/\/bartek-kruk.pl\/product\/koszulka-psycha\/\",\"url\":\"https:\/\/bartek-kruk.pl\/product\/koszulka-psycha\/\",\"name\":\"Koszulka \\\"Psycha\\\" - Bartek Kruk\",\"isPartOf\":{\"@id\":\"https:\/\/bartek-kruk.pl\/#website\"},\"primaryImageOfPage\":{\"@id\":\"https:\/\/bartek-kruk.pl\/product\/koszulka-psycha\/#primaryimage\"},\"image\":{\"@id\":\"https:\/\/bartek-kruk.pl\/product\/koszulka-psycha\/#primaryimage\"},\"thumbnailUrl\":\"https:\/\/bartek-kruk.pl\/wp-content\/uploads\/2025\/02\/IMG_4281-scaled.jpg\",\"datePublished\":\"2025-02-24T18:25:26+00:00\",\"dateModified\":\"2025-06-13T14:54:22+00:00\",\"breadcrumb\":{\"@id\":\"https:\/\/bartek-kruk.pl\/product\/koszulka-psycha\/#breadcrumb\"},\"inLanguage\":\"en-US\",\"potentialAction\":[{\"@type\":\"ReadAction\",\"target\":[\"https:\/\/bartek-kruk.pl\/product\/koszulka-psycha\/\"]}]},{\"@type\":\"ImageObject\",\"inLanguage\":\"en-US\",\"@id\":\"https:\/\/bartek-kruk.pl\/product\/koszulka-psycha\/#primaryimage\",\"url\":\"https:\/\/bartek-kruk.pl\/wp-content\/uploads\/2025\/02\/IMG_4281-scaled.jpg\",\"contentUrl\":\"https:\/\/bartek-kruk.pl\/wp-content\/uploads\/2025\/02\/IMG_4281-scaled.jpg\",\"width\":2048,\"height\":2560},{\"@type\":\"BreadcrumbList\",\"@id\":\"https:\/\/bartek-kruk.pl\/product\/koszulka-psycha\/#breadcrumb\",\"itemListElement\":[{\"@type\":\"ListItem\",\"position\":1,\"name\":\"Strona g\u0142\u00f3wna\",\"item\":\"https:\/\/bartek-kruk.pl\/\"},{\"@type\":\"ListItem\",\"position\":2,\"name\":\"Sklep\",\"item\":\"https:\/\/bartek-kruk.pl\/sklep\/\"},{\"@type\":\"ListItem\",\"position\":3,\"name\":\"Koszulka &#8220;Psycha&#8221;\"}]},{\"@type\":\"WebSite\",\"@id\":\"https:\/\/bartek-kruk.pl\/#website\",\"url\":\"https:\/\/bartek-kruk.pl\/\",\"name\":\"Bartek Kruk\",\"description\":\"Trening Personalny | Terapia | Szkolenia\",\"publisher\":{\"@id\":\"https:\/\/bartek-kruk.pl\/#\/schema\/person\/db8c951a4d31a75b256b28d668b4e18d\"},\"potentialAction\":[{\"@type\":\"SearchAction\",\"target\":{\"@type\":\"EntryPoint\",\"urlTemplate\":\"https:\/\/bartek-kruk.pl\/?s={search_term_string}\"},\"query-input\":{\"@type\":\"PropertyValueSpecification\",\"valueRequired\":true,\"valueName\":\"search_term_string\"}}],\"inLanguage\":\"en-US\"},{\"@type\":[\"Person\",\"Organization\"],\"@id\":\"https:\/\/bartek-kruk.pl\/#\/schema\/person\/db8c951a4d31a75b256b28d668b4e18d\",\"name\":\"Bartek Kruk\",\"image\":{\"@type\":\"ImageObject\",\"inLanguage\":\"en-US\",\"@id\":\"https:\/\/bartek-kruk.pl\/#\/schema\/person\/image\/\",\"url\":\"https:\/\/bartek-kruk.pl\/wp-content\/uploads\/2025\/07\/images.jpg\",\"contentUrl\":\"https:\/\/bartek-kruk.pl\/wp-content\/uploads\/2025\/07\/images.jpg\",\"width\":225,\"height\":225,\"caption\":\"Bartek Kruk\"},\"logo\":{\"@id\":\"https:\/\/bartek-kruk.pl\/#\/schema\/person\/image\/\"},\"sameAs\":[\"https:\/\/bartek-kruk.pl\",\"https:\/\/www.facebook.com\/bartekkrukworkout\",\"https:\/\/www.instagram.com\/bartekkruk_\/?hl=en\"]}]}<\/script>\n<!-- \/ Yoast SEO plugin. -->","yoast_head_json":{"title":"Koszulka \"Psycha\" - Bartek Kruk","robots":{"index":"index","follow":"follow","max-snippet":"max-snippet:-1","max-image-preview":"max-image-preview:large","max-video-preview":"max-video-preview:-1"},"canonical":"https:\/\/bartek-kruk.pl\/en\/product\/koszulka-psycha\/","og_locale":"en_US","og_type":"article","og_title":"Koszulka \"Psycha\" - Bartek Kruk","og_description":"KOSZULKA \u201c#PSYCHA\u201d \u2013 BO WSZYSTKO SIEDZI W G\u0141OWIE \ud83d\udd25 \u00a0 Je\u015bli chcesz osi\u0105gn\u0105\u0107 szczyt, musisz mie\u0107 mocn\u0105 psych\u0119. Cia\u0142o pod\u0105\u017ca za umys\u0142em, a bez silnego mentalu nie ma progresu \u2013 ani na treningu, ani w \u017cyciu. Dlatego powsta\u0142a koszulka \u201c#PSYCHA\u201d, kt\u00f3ra przypomina Ci, \u017ce to, co masz w g\u0142owie, decyduje o wszystkim. \u00a0 Kiedy j\u0105 [&hellip;]","og_url":"https:\/\/bartek-kruk.pl\/en\/product\/koszulka-psycha\/","og_site_name":"Bartek Kruk","article_publisher":"https:\/\/www.facebook.com\/bartekkrukworkout","article_modified_time":"2025-06-13T14:54:22+00:00","og_image":[{"width":2048,"height":2560,"url":"https:\/\/bartek-kruk.pl\/wp-content\/uploads\/2025\/02\/IMG_4281-scaled.jpg","type":"image\/jpeg"}],"twitter_card":"summary_large_image","twitter_misc":{"Est. reading time":"1 minute"},"schema":{"@context":"https:\/\/schema.org","@graph":[{"@type":"WebPage","@id":"https:\/\/bartek-kruk.pl\/product\/koszulka-psycha\/","url":"https:\/\/bartek-kruk.pl\/product\/koszulka-psycha\/","name":"Koszulka \"Psycha\" - Bartek Kruk","isPartOf":{"@id":"https:\/\/bartek-kruk.pl\/#website"},"primaryImageOfPage":{"@id":"https:\/\/bartek-kruk.pl\/product\/koszulka-psycha\/#primaryimage"},"image":{"@id":"https:\/\/bartek-kruk.pl\/product\/koszulka-psycha\/#primaryimage"},"thumbnailUrl":"https:\/\/bartek-kruk.pl\/wp-content\/uploads\/2025\/02\/IMG_4281-scaled.jpg","datePublished":"2025-02-24T18:25:26+00:00","dateModified":"2025-06-13T14:54:22+00:00","breadcrumb":{"@id":"https:\/\/bartek-kruk.pl\/product\/koszulka-psycha\/#breadcrumb"},"inLanguage":"en-US","potentialAction":[{"@type":"ReadAction","target":["https:\/\/bartek-kruk.pl\/product\/koszulka-psycha\/"]}]},{"@type":"ImageObject","inLanguage":"en-US","@id":"https:\/\/bartek-kruk.pl\/product\/koszulka-psycha\/#primaryimage","url":"https:\/\/bartek-kruk.pl\/wp-content\/uploads\/2025\/02\/IMG_4281-scaled.jpg","contentUrl":"https:\/\/bartek-kruk.pl\/wp-content\/uploads\/2025\/02\/IMG_4281-scaled.jpg","width":2048,"height":2560},{"@type":"BreadcrumbList","@id":"https:\/\/bartek-kruk.pl\/product\/koszulka-psycha\/#breadcrumb","itemListElement":[{"@type":"ListItem","position":1,"name":"Strona g\u0142\u00f3wna","item":"https:\/\/bartek-kruk.pl\/"},{"@type":"ListItem","position":2,"name":"Sklep","item":"https:\/\/bartek-kruk.pl\/sklep\/"},{"@type":"ListItem","position":3,"name":"Koszulka &#8220;Psycha&#8221;"}]},{"@type":"WebSite","@id":"https:\/\/bartek-kruk.pl\/#website","url":"https:\/\/bartek-kruk.pl\/","name":"Bartek Kruk","description":"Personal Training | Therapy | Training","publisher":{"@id":"https:\/\/bartek-kruk.pl\/#\/schema\/person\/db8c951a4d31a75b256b28d668b4e18d"},"potentialAction":[{"@type":"SearchAction","target":{"@type":"EntryPoint","urlTemplate":"https:\/\/bartek-kruk.pl\/?s={search_term_string}"},"query-input":{"@type":"PropertyValueSpecification","valueRequired":true,"valueName":"search_term_string"}}],"inLanguage":"en-US"},{"@type":["Person","Organization"],"@id":"https:\/\/bartek-kruk.pl\/#\/schema\/person\/db8c951a4d31a75b256b28d668b4e18d","name":"Bartek Kruk","image":{"@type":"ImageObject","inLanguage":"en-US","@id":"https:\/\/bartek-kruk.pl\/#\/schema\/person\/image\/","url":"https:\/\/bartek-kruk.pl\/wp-content\/uploads\/2025\/07\/images.jpg","contentUrl":"https:\/\/bartek-kruk.pl\/wp-content\/uploads\/2025\/07\/images.jpg","width":225,"height":225,"caption":"Bartek Kruk"},"logo":{"@id":"https:\/\/bartek-kruk.pl\/#\/schema\/person\/image\/"},"sameAs":["https:\/\/bartek-kruk.pl","https:\/\/www.facebook.com\/bartekkrukworkout","https:\/\/www.instagram.com\/bartekkruk_\/?hl=en"]}]}},"_links":{"self":[{"href":"https:\/\/bartek-kruk.pl\/en\/wp-json\/wp\/v2\/product\/22087","targetHints":{"allow":["GET"]}}],"collection":[{"href":"https:\/\/bartek-kruk.pl\/en\/wp-json\/wp\/v2\/product"}],"about":[{"href":"https:\/\/bartek-kruk.pl\/en\/wp-json\/wp\/v2\/types\/product"}],"replies":[{"embeddable":true,"href":"https:\/\/bartek-kruk.pl\/en\/wp-json\/wp\/v2\/comments?post=22087"}],"wp:featuredmedia":[{"embeddable":true,"href":"https:\/\/bartek-kruk.pl\/en\/wp-json\/wp\/v2\/media\/22232"}],"wp:attachment":[{"href":"https:\/\/bartek-kruk.pl\/en\/wp-json\/wp\/v2\/media?parent=22087"}],"wp:term":[{"taxonomy":"product_brand","embeddable":true,"href":"https:\/\/bartek-kruk.pl\/en\/wp-json\/wp\/v2\/product_brand?post=22087"},{"taxonomy":"product_cat","embeddable":true,"href":"https:\/\/bartek-kruk.pl\/en\/wp-json\/wp\/v2\/product_cat?post=22087"},{"taxonomy":"product_tag","embeddable":true,"href":"https:\/\/bartek-kruk.pl\/en\/wp-json\/wp\/v2\/product_tag?post=22087"}],"curies":[{"name":"wp","href":"https:\/\/api.w.org\/{rel}","templated":true}]}}