{"id":22088,"date":"2025-02-24T18:32:46","date_gmt":"2025-02-24T18:32:46","guid":{"rendered":"https:\/\/bartek-kruk.pl\/?post_type=product&#038;p=22088"},"modified":"2025-06-13T14:52:35","modified_gmt":"2025-06-13T14:52:35","slug":"koszulka-kuznia-mistrzow-dla-tych-ktorzy-tworza-swoja-legende-%f0%9f%94%a5","status":"publish","type":"product","link":"https:\/\/bartek-kruk.pl\/en\/product\/koszulka-kuznia-mistrzow-dla-tych-ktorzy-tworza-swoja-legende-%f0%9f%94%a5\/","title":{"rendered":"\u201cFORGE OF CHAMPIONS\u201d T-SHIRT \u2013 FOR THOSE WHO CREATE THEIR LEGEND \ud83d\udd25"},"content":{"rendered":"<p><span style=\"font-weight: 400;\"> This isn&#039;t just an ordinary T-shirt. It&#039;s a symbol. It&#039;s a manifestation of your determination, hard work, and tenacity. &quot;Forge of Champions&quot; is clothing for people who don&#039;t look for excuses, but for solutions. For those who give their 100% every day and aren&#039;t afraid of fire, because they know that true champions are born in fire.<\/span><\/p>\n<p><span style=\"font-weight: 400;\">\u00a0<\/span><\/p>\n<p><span style=\"font-weight: 400;\">When you put it on, you&#039;ll feel a power like never before. It&#039;s a reminder that you&#039;re in a process\u2014that every workout, every decision, and every effort is leading you to your goal. Not for just anyone. For those who want more.<\/span><\/p>\n<p>&nbsp;<\/p>\n<p><span style=\"font-weight: 400;\">\ud83d\udd25 What makes this T-shirt stand out? \ud83d\udd25<\/span><\/p>\n<p><span style=\"font-weight: 400;\">\u2714 Unique, fiery design that attracts attention and shows that you are ready for anything.<\/span><\/p>\n<p><span style=\"font-weight: 400;\">\u2714 Comfortable and breathable material \u2013 perfect for intense workouts and everyday challenges.<\/span><\/p>\n<p><span style=\"font-weight: 400;\">\u2714 A symbol of passion and commitment \u2013 you wear it because you are among those who do not give up.<\/span><\/p>\n<p><span style=\"font-weight: 400;\">\u00a0<\/span><\/p>\n<p><span style=\"font-weight: 400;\">This isn&#039;t just any garment. This is your armor. Ready to enter the Forge of Masters? \ud83d\udd25\ud83d\udcaa<\/span><\/p>","protected":false},"excerpt":{"rendered":"<p>To nie jest zwyk\u0142a koszulka. To symbol. To manifest Twojej determinacji, ci\u0119\u017ckiej pracy i nieust\u0119pliwo\u015bci. \u201cKu\u017ania Mistrz\u00f3w\u201d to odzie\u017c dla ludzi, kt\u00f3rzy nie szukaj\u0105 wym\u00f3wek, tylko rozwi\u0105za\u0144. Dla tych, kt\u00f3rzy codziennie daj\u0105 z siebie 100% i nie boj\u0105 si\u0119 ognia, bo wiedz\u0105, \u017ce w\u0142a\u015bnie w ogniu rodz\u0105 si\u0119 prawdziwi mistrzowie. \u00a0 Kiedy j\u0105 za\u0142o\u017cysz, poczujesz [&hellip;]<\/p>","protected":false},"featured_media":22219,"comment_status":"open","ping_status":"closed","template":"","meta":[],"product_brand":[],"product_cat":[144,145,147],"product_tag":[],"class_list":{"0":"post-22088","1":"product","2":"type-product","3":"status-publish","4":"has-post-thumbnail","6":"product_cat-sklep","7":"product_cat-odziez-sportowa","8":"product_cat-koszulki","10":"first","11":"instock","12":"sale","13":"shipping-taxable","14":"purchasable","15":"product-type-variable","16":"add-to-wishlist-after_add_to_cart"},"yoast_head":"<!-- This site is optimized with the Yoast SEO plugin v25.8 - https:\/\/yoast.com\/wordpress\/plugins\/seo\/ -->\n<title>KOSZULKA \u201cKU\u0179NIA MISTRZ\u00d3W\u201d \u2013 DLA TYCH, KT\u00d3RZY TWORZ\u0104 SWOJ\u0104 LEGEND\u0118 \ud83d\udd25 - Bartek Kruk<\/title>\n<meta name=\"robots\" content=\"index, follow, max-snippet:-1, max-image-preview:large, max-video-preview:-1\" \/>\n<link rel=\"canonical\" href=\"https:\/\/bartek-kruk.pl\/en\/product\/koszulka-kuznia-mistrzow-dla-tych-ktorzy-tworza-swoja-legende-\ud83d\udd25\/\" \/>\n<meta property=\"og:locale\" content=\"en_US\" \/>\n<meta property=\"og:type\" content=\"article\" \/>\n<meta property=\"og:title\" content=\"KOSZULKA \u201cKU\u0179NIA MISTRZ\u00d3W\u201d \u2013 DLA TYCH, KT\u00d3RZY TWORZ\u0104 SWOJ\u0104 LEGEND\u0118 \ud83d\udd25 - Bartek Kruk\" \/>\n<meta property=\"og:description\" content=\"To nie jest zwyk\u0142a koszulka. To symbol. To manifest Twojej determinacji, ci\u0119\u017ckiej pracy i nieust\u0119pliwo\u015bci. \u201cKu\u017ania Mistrz\u00f3w\u201d to odzie\u017c dla ludzi, kt\u00f3rzy nie szukaj\u0105 wym\u00f3wek, tylko rozwi\u0105za\u0144. Dla tych, kt\u00f3rzy codziennie daj\u0105 z siebie 100% i nie boj\u0105 si\u0119 ognia, bo wiedz\u0105, \u017ce w\u0142a\u015bnie w ogniu rodz\u0105 si\u0119 prawdziwi mistrzowie. \u00a0 Kiedy j\u0105 za\u0142o\u017cysz, poczujesz [&hellip;]\" \/>\n<meta property=\"og:url\" content=\"https:\/\/bartek-kruk.pl\/en\/product\/koszulka-kuznia-mistrzow-dla-tych-ktorzy-tworza-swoja-legende-\ud83d\udd25\/\" \/>\n<meta property=\"og:site_name\" content=\"Bartek Kruk\" \/>\n<meta property=\"article:publisher\" content=\"https:\/\/www.facebook.com\/bartekkrukworkout\" \/>\n<meta property=\"article:modified_time\" content=\"2025-06-13T14:52:35+00:00\" \/>\n<meta property=\"og:image\" content=\"https:\/\/bartek-kruk.pl\/wp-content\/uploads\/2025\/03\/IMG_8722-scaled.jpg\" \/>\n\t<meta property=\"og:image:width\" content=\"2048\" \/>\n\t<meta property=\"og:image:height\" content=\"2560\" \/>\n\t<meta property=\"og:image:type\" content=\"image\/jpeg\" \/>\n<meta name=\"twitter:card\" content=\"summary_large_image\" \/>\n<meta name=\"twitter:label1\" content=\"Est. reading time\" \/>\n\t<meta name=\"twitter:data1\" content=\"1 minute\" \/>\n<script type=\"application\/ld+json\" class=\"yoast-schema-graph\">{\"@context\":\"https:\/\/schema.org\",\"@graph\":[{\"@type\":\"WebPage\",\"@id\":\"https:\/\/bartek-kruk.pl\/product\/koszulka-kuznia-mistrzow-dla-tych-ktorzy-tworza-swoja-legende-%f0%9f%94%a5\/\",\"url\":\"https:\/\/bartek-kruk.pl\/product\/koszulka-kuznia-mistrzow-dla-tych-ktorzy-tworza-swoja-legende-%f0%9f%94%a5\/\",\"name\":\"KOSZULKA \u201cKU\u0179NIA MISTRZ\u00d3W\u201d \u2013 DLA TYCH, KT\u00d3RZY TWORZ\u0104 SWOJ\u0104 LEGEND\u0118 \ud83d\udd25 - Bartek Kruk\",\"isPartOf\":{\"@id\":\"https:\/\/bartek-kruk.pl\/#website\"},\"primaryImageOfPage\":{\"@id\":\"https:\/\/bartek-kruk.pl\/product\/koszulka-kuznia-mistrzow-dla-tych-ktorzy-tworza-swoja-legende-%f0%9f%94%a5\/#primaryimage\"},\"image\":{\"@id\":\"https:\/\/bartek-kruk.pl\/product\/koszulka-kuznia-mistrzow-dla-tych-ktorzy-tworza-swoja-legende-%f0%9f%94%a5\/#primaryimage\"},\"thumbnailUrl\":\"https:\/\/bartek-kruk.pl\/wp-content\/uploads\/2025\/03\/IMG_8722-scaled.jpg\",\"datePublished\":\"2025-02-24T18:32:46+00:00\",\"dateModified\":\"2025-06-13T14:52:35+00:00\",\"breadcrumb\":{\"@id\":\"https:\/\/bartek-kruk.pl\/product\/koszulka-kuznia-mistrzow-dla-tych-ktorzy-tworza-swoja-legende-%f0%9f%94%a5\/#breadcrumb\"},\"inLanguage\":\"en-US\",\"potentialAction\":[{\"@type\":\"ReadAction\",\"target\":[\"https:\/\/bartek-kruk.pl\/product\/koszulka-kuznia-mistrzow-dla-tych-ktorzy-tworza-swoja-legende-%f0%9f%94%a5\/\"]}]},{\"@type\":\"ImageObject\",\"inLanguage\":\"en-US\",\"@id\":\"https:\/\/bartek-kruk.pl\/product\/koszulka-kuznia-mistrzow-dla-tych-ktorzy-tworza-swoja-legende-%f0%9f%94%a5\/#primaryimage\",\"url\":\"https:\/\/bartek-kruk.pl\/wp-content\/uploads\/2025\/03\/IMG_8722-scaled.jpg\",\"contentUrl\":\"https:\/\/bartek-kruk.pl\/wp-content\/uploads\/2025\/03\/IMG_8722-scaled.jpg\",\"width\":2048,\"height\":2560},{\"@type\":\"BreadcrumbList\",\"@id\":\"https:\/\/bartek-kruk.pl\/product\/koszulka-kuznia-mistrzow-dla-tych-ktorzy-tworza-swoja-legende-%f0%9f%94%a5\/#breadcrumb\",\"itemListElement\":[{\"@type\":\"ListItem\",\"position\":1,\"name\":\"Strona g\u0142\u00f3wna\",\"item\":\"https:\/\/bartek-kruk.pl\/\"},{\"@type\":\"ListItem\",\"position\":2,\"name\":\"Sklep\",\"item\":\"https:\/\/bartek-kruk.pl\/sklep\/\"},{\"@type\":\"ListItem\",\"position\":3,\"name\":\"KOSZULKA \u201cKU\u0179NIA MISTRZ\u00d3W\u201d \u2013 DLA TYCH, KT\u00d3RZY TWORZ\u0104 SWOJ\u0104 LEGEND\u0118 \ud83d\udd25\"}]},{\"@type\":\"WebSite\",\"@id\":\"https:\/\/bartek-kruk.pl\/#website\",\"url\":\"https:\/\/bartek-kruk.pl\/\",\"name\":\"Bartek Kruk\",\"description\":\"Trening Personalny | Terapia | Szkolenia\",\"publisher\":{\"@id\":\"https:\/\/bartek-kruk.pl\/#\/schema\/person\/db8c951a4d31a75b256b28d668b4e18d\"},\"potentialAction\":[{\"@type\":\"SearchAction\",\"target\":{\"@type\":\"EntryPoint\",\"urlTemplate\":\"https:\/\/bartek-kruk.pl\/?s={search_term_string}\"},\"query-input\":{\"@type\":\"PropertyValueSpecification\",\"valueRequired\":true,\"valueName\":\"search_term_string\"}}],\"inLanguage\":\"en-US\"},{\"@type\":[\"Person\",\"Organization\"],\"@id\":\"https:\/\/bartek-kruk.pl\/#\/schema\/person\/db8c951a4d31a75b256b28d668b4e18d\",\"name\":\"Bartek Kruk\",\"image\":{\"@type\":\"ImageObject\",\"inLanguage\":\"en-US\",\"@id\":\"https:\/\/bartek-kruk.pl\/#\/schema\/person\/image\/\",\"url\":\"https:\/\/bartek-kruk.pl\/wp-content\/uploads\/2025\/07\/images.jpg\",\"contentUrl\":\"https:\/\/bartek-kruk.pl\/wp-content\/uploads\/2025\/07\/images.jpg\",\"width\":225,\"height\":225,\"caption\":\"Bartek Kruk\"},\"logo\":{\"@id\":\"https:\/\/bartek-kruk.pl\/#\/schema\/person\/image\/\"},\"sameAs\":[\"https:\/\/bartek-kruk.pl\",\"https:\/\/www.facebook.com\/bartekkrukworkout\",\"https:\/\/www.instagram.com\/bartekkruk_\/?hl=en\"]}]}<\/script>\n<!-- \/ Yoast SEO plugin. -->","yoast_head_json":{"title":"KOSZULKA \u201cKU\u0179NIA MISTRZ\u00d3W\u201d \u2013 DLA TYCH, KT\u00d3RZY TWORZ\u0104 SWOJ\u0104 LEGEND\u0118 \ud83d\udd25 - Bartek Kruk","robots":{"index":"index","follow":"follow","max-snippet":"max-snippet:-1","max-image-preview":"max-image-preview:large","max-video-preview":"max-video-preview:-1"},"canonical":"https:\/\/bartek-kruk.pl\/en\/product\/koszulka-kuznia-mistrzow-dla-tych-ktorzy-tworza-swoja-legende-\ud83d\udd25\/","og_locale":"en_US","og_type":"article","og_title":"KOSZULKA \u201cKU\u0179NIA MISTRZ\u00d3W\u201d \u2013 DLA TYCH, KT\u00d3RZY TWORZ\u0104 SWOJ\u0104 LEGEND\u0118 \ud83d\udd25 - Bartek Kruk","og_description":"To nie jest zwyk\u0142a koszulka. To symbol. To manifest Twojej determinacji, ci\u0119\u017ckiej pracy i nieust\u0119pliwo\u015bci. \u201cKu\u017ania Mistrz\u00f3w\u201d to odzie\u017c dla ludzi, kt\u00f3rzy nie szukaj\u0105 wym\u00f3wek, tylko rozwi\u0105za\u0144. Dla tych, kt\u00f3rzy codziennie daj\u0105 z siebie 100% i nie boj\u0105 si\u0119 ognia, bo wiedz\u0105, \u017ce w\u0142a\u015bnie w ogniu rodz\u0105 si\u0119 prawdziwi mistrzowie. \u00a0 Kiedy j\u0105 za\u0142o\u017cysz, poczujesz [&hellip;]","og_url":"https:\/\/bartek-kruk.pl\/en\/product\/koszulka-kuznia-mistrzow-dla-tych-ktorzy-tworza-swoja-legende-\ud83d\udd25\/","og_site_name":"Bartek Kruk","article_publisher":"https:\/\/www.facebook.com\/bartekkrukworkout","article_modified_time":"2025-06-13T14:52:35+00:00","og_image":[{"width":2048,"height":2560,"url":"https:\/\/bartek-kruk.pl\/wp-content\/uploads\/2025\/03\/IMG_8722-scaled.jpg","type":"image\/jpeg"}],"twitter_card":"summary_large_image","twitter_misc":{"Est. reading time":"1 minute"},"schema":{"@context":"https:\/\/schema.org","@graph":[{"@type":"WebPage","@id":"https:\/\/bartek-kruk.pl\/product\/koszulka-kuznia-mistrzow-dla-tych-ktorzy-tworza-swoja-legende-%f0%9f%94%a5\/","url":"https:\/\/bartek-kruk.pl\/product\/koszulka-kuznia-mistrzow-dla-tych-ktorzy-tworza-swoja-legende-%f0%9f%94%a5\/","name":"KOSZULKA \u201cKU\u0179NIA MISTRZ\u00d3W\u201d \u2013 DLA TYCH, KT\u00d3RZY TWORZ\u0104 SWOJ\u0104 LEGEND\u0118 \ud83d\udd25 - Bartek Kruk","isPartOf":{"@id":"https:\/\/bartek-kruk.pl\/#website"},"primaryImageOfPage":{"@id":"https:\/\/bartek-kruk.pl\/product\/koszulka-kuznia-mistrzow-dla-tych-ktorzy-tworza-swoja-legende-%f0%9f%94%a5\/#primaryimage"},"image":{"@id":"https:\/\/bartek-kruk.pl\/product\/koszulka-kuznia-mistrzow-dla-tych-ktorzy-tworza-swoja-legende-%f0%9f%94%a5\/#primaryimage"},"thumbnailUrl":"https:\/\/bartek-kruk.pl\/wp-content\/uploads\/2025\/03\/IMG_8722-scaled.jpg","datePublished":"2025-02-24T18:32:46+00:00","dateModified":"2025-06-13T14:52:35+00:00","breadcrumb":{"@id":"https:\/\/bartek-kruk.pl\/product\/koszulka-kuznia-mistrzow-dla-tych-ktorzy-tworza-swoja-legende-%f0%9f%94%a5\/#breadcrumb"},"inLanguage":"en-US","potentialAction":[{"@type":"ReadAction","target":["https:\/\/bartek-kruk.pl\/product\/koszulka-kuznia-mistrzow-dla-tych-ktorzy-tworza-swoja-legende-%f0%9f%94%a5\/"]}]},{"@type":"ImageObject","inLanguage":"en-US","@id":"https:\/\/bartek-kruk.pl\/product\/koszulka-kuznia-mistrzow-dla-tych-ktorzy-tworza-swoja-legende-%f0%9f%94%a5\/#primaryimage","url":"https:\/\/bartek-kruk.pl\/wp-content\/uploads\/2025\/03\/IMG_8722-scaled.jpg","contentUrl":"https:\/\/bartek-kruk.pl\/wp-content\/uploads\/2025\/03\/IMG_8722-scaled.jpg","width":2048,"height":2560},{"@type":"BreadcrumbList","@id":"https:\/\/bartek-kruk.pl\/product\/koszulka-kuznia-mistrzow-dla-tych-ktorzy-tworza-swoja-legende-%f0%9f%94%a5\/#breadcrumb","itemListElement":[{"@type":"ListItem","position":1,"name":"Strona g\u0142\u00f3wna","item":"https:\/\/bartek-kruk.pl\/"},{"@type":"ListItem","position":2,"name":"Sklep","item":"https:\/\/bartek-kruk.pl\/sklep\/"},{"@type":"ListItem","position":3,"name":"KOSZULKA \u201cKU\u0179NIA MISTRZ\u00d3W\u201d \u2013 DLA TYCH, KT\u00d3RZY TWORZ\u0104 SWOJ\u0104 LEGEND\u0118 \ud83d\udd25"}]},{"@type":"WebSite","@id":"https:\/\/bartek-kruk.pl\/#website","url":"https:\/\/bartek-kruk.pl\/","name":"Bartek Kruk","description":"Personal Training | Therapy | Training","publisher":{"@id":"https:\/\/bartek-kruk.pl\/#\/schema\/person\/db8c951a4d31a75b256b28d668b4e18d"},"potentialAction":[{"@type":"SearchAction","target":{"@type":"EntryPoint","urlTemplate":"https:\/\/bartek-kruk.pl\/?s={search_term_string}"},"query-input":{"@type":"PropertyValueSpecification","valueRequired":true,"valueName":"search_term_string"}}],"inLanguage":"en-US"},{"@type":["Person","Organization"],"@id":"https:\/\/bartek-kruk.pl\/#\/schema\/person\/db8c951a4d31a75b256b28d668b4e18d","name":"Bartek Kruk","image":{"@type":"ImageObject","inLanguage":"en-US","@id":"https:\/\/bartek-kruk.pl\/#\/schema\/person\/image\/","url":"https:\/\/bartek-kruk.pl\/wp-content\/uploads\/2025\/07\/images.jpg","contentUrl":"https:\/\/bartek-kruk.pl\/wp-content\/uploads\/2025\/07\/images.jpg","width":225,"height":225,"caption":"Bartek Kruk"},"logo":{"@id":"https:\/\/bartek-kruk.pl\/#\/schema\/person\/image\/"},"sameAs":["https:\/\/bartek-kruk.pl","https:\/\/www.facebook.com\/bartekkrukworkout","https:\/\/www.instagram.com\/bartekkruk_\/?hl=en"]}]}},"_links":{"self":[{"href":"https:\/\/bartek-kruk.pl\/en\/wp-json\/wp\/v2\/product\/22088","targetHints":{"allow":["GET"]}}],"collection":[{"href":"https:\/\/bartek-kruk.pl\/en\/wp-json\/wp\/v2\/product"}],"about":[{"href":"https:\/\/bartek-kruk.pl\/en\/wp-json\/wp\/v2\/types\/product"}],"replies":[{"embeddable":true,"href":"https:\/\/bartek-kruk.pl\/en\/wp-json\/wp\/v2\/comments?post=22088"}],"wp:featuredmedia":[{"embeddable":true,"href":"https:\/\/bartek-kruk.pl\/en\/wp-json\/wp\/v2\/media\/22219"}],"wp:attachment":[{"href":"https:\/\/bartek-kruk.pl\/en\/wp-json\/wp\/v2\/media?parent=22088"}],"wp:term":[{"taxonomy":"product_brand","embeddable":true,"href":"https:\/\/bartek-kruk.pl\/en\/wp-json\/wp\/v2\/product_brand?post=22088"},{"taxonomy":"product_cat","embeddable":true,"href":"https:\/\/bartek-kruk.pl\/en\/wp-json\/wp\/v2\/product_cat?post=22088"},{"taxonomy":"product_tag","embeddable":true,"href":"https:\/\/bartek-kruk.pl\/en\/wp-json\/wp\/v2\/product_tag?post=22088"}],"curies":[{"name":"wp","href":"https:\/\/api.w.org\/{rel}","templated":true}]}}