{"id":22092,"date":"2025-03-09T17:42:25","date_gmt":"2025-03-09T17:42:25","guid":{"rendered":"https:\/\/bartek-kruk.pl\/?post_type=product&#038;p=22092"},"modified":"2025-06-13T14:43:41","modified_gmt":"2025-06-13T14:43:41","slug":"bluza-street-workout-beast","status":"publish","type":"product","link":"https:\/\/bartek-kruk.pl\/en\/product\/bluza-street-workout-beast\/","title":{"rendered":"\u201cStreet Workout Beast\u201d sweatshirt"},"content":{"rendered":"<p><span style=\"font-weight: 400;\">Street Workout Beast Hoodie \u2013 Unleash the Beast Within You!<\/span><\/p>\n<p><span style=\"font-weight: 400;\">\u00a0<\/span><\/p>\n<p><span style=\"font-weight: 400;\">Feel the power, comfort, and unique style of the signature Street Workout Beast sweatshirt. It&#039;s more than just clothing\u2014it&#039;s a manifestation of your determination, passion, and the strength that lies within you. You won&#039;t find anything quite as unique anywhere else. This sweatshirt was created for people who aren&#039;t afraid of challenges, who treat training like a true battle. When you put it on, you don&#039;t just feel good\u2014you feel the beast unleashed within you!<\/span><\/p>\n<p><span style=\"font-weight: 400;\">\u00a0<\/span><\/p>\n<p><span style=\"font-weight: 400;\">On the back of the sweatshirt is the distinctive Street Workout Beast logo, as if scratched by a beast that had torn the fabric. It&#039;s a symbol of your inner strength, ready for anything. On the front, on the left chest, is my logo \u2013 a signature of quality you can wear with pride.<\/span><\/p>\n<p><span style=\"font-weight: 400;\">\u00a0<\/span><\/p>\n<p><span style=\"font-weight: 400;\">Why is Street Workout Beast more than just a sweatshirt?<\/span><\/p>\n<ul>\n<li><span style=\"font-weight: 400;\"> \u00a0 \u00a0 \u00a0 <\/span> <span style=\"font-weight: 400;\">Comfort: Made from a blend of 80% cotton and 20% polyester, it&#039;s breathable yet warm and comfortable. When you put it on, you&#039;ll feel like someone&#039;s wrapping you up, allowing you complete freedom of movement.<\/span><\/li>\n<li><span style=\"font-weight: 400;\"> \u00a0 \u00a0 \u00a0 <\/span> <span style=\"font-weight: 400;\">Unique: This sweatshirt lets you express your passion for training in a unique way. No other sweatshirt has this same character.<\/span><\/li>\n<li><span style=\"font-weight: 400;\"> \u00a0 \u00a0 \u00a0 <\/span> <span style=\"font-weight: 400;\">Style and motivation: Thanks to its unique design, this sweatshirt not only looks great but also provides motivation. As soon as you put it on, you&#039;ll feel a surge of energy, ready for action and challenges.<\/span><\/li>\n<li><span style=\"font-weight: 400;\"> \u00a0 \u00a0 \u00a0 <\/span> <span style=\"font-weight: 400;\">Comfort: Super comfortable \u2013 perfect for training and everyday wear. Whether you&#039;re in the middle of an intense workout or just relaxing after a long day, this sweatshirt is perfect for any occasion.<\/span><\/li>\n<\/ul>\n<p><span style=\"font-weight: 400;\">\u00a0<\/span><\/p>\n<p><span style=\"font-weight: 400;\">There&#039;s no other like it. The Street Workout Beast sweatshirt is more than just clothing. It&#039;s your weapon on the path to perfection.\u00a0<\/span><\/p>","protected":false},"excerpt":{"rendered":"<p>Bluza Street Workout Beast \u2013 Uwalniaj w sobie Besti\u0119! \u00a0 Poczuj si\u0142\u0119, komfort i unikalny styl z autorsk\u0105 bluz\u0105 Street Workout Beast. To wi\u0119cej ni\u017c odzie\u017c \u2013 to manifest Twojej determinacji, pasji i si\u0142y, kt\u00f3re w Tobie drzemi\u0105. Nigdzie indziej nie znajdziesz czego\u015b tak wyj\u0105tkowego. Ta bluza zosta\u0142a stworzona dla ludzi, kt\u00f3rzy nie boj\u0105 si\u0119 [&hellip;]<\/p>","protected":false},"featured_media":22419,"comment_status":"open","ping_status":"closed","template":"","meta":[],"product_brand":[],"product_cat":[144,145,148],"product_tag":[],"class_list":{"0":"post-22092","1":"product","2":"type-product","3":"status-publish","4":"has-post-thumbnail","6":"product_cat-sklep","7":"product_cat-odziez-sportowa","8":"product_cat-bluzy","10":"first","11":"instock","12":"sale","13":"shipping-taxable","14":"purchasable","15":"product-type-variable","16":"add-to-wishlist-after_add_to_cart"},"yoast_head":"<!-- This site is optimized with the Yoast SEO plugin v25.8 - https:\/\/yoast.com\/wordpress\/plugins\/seo\/ -->\n<title>Bluza &quot;Street Workout Beast&quot; - Bartek Kruk<\/title>\n<meta name=\"robots\" content=\"index, follow, max-snippet:-1, max-image-preview:large, max-video-preview:-1\" \/>\n<link rel=\"canonical\" href=\"https:\/\/bartek-kruk.pl\/en\/product\/bluza-street-workout-beast\/\" \/>\n<meta property=\"og:locale\" content=\"en_US\" \/>\n<meta property=\"og:type\" content=\"article\" \/>\n<meta property=\"og:title\" content=\"Bluza &quot;Street Workout Beast&quot; - Bartek Kruk\" \/>\n<meta property=\"og:description\" content=\"Bluza Street Workout Beast \u2013 Uwalniaj w sobie Besti\u0119! \u00a0 Poczuj si\u0142\u0119, komfort i unikalny styl z autorsk\u0105 bluz\u0105 Street Workout Beast. To wi\u0119cej ni\u017c odzie\u017c \u2013 to manifest Twojej determinacji, pasji i si\u0142y, kt\u00f3re w Tobie drzemi\u0105. Nigdzie indziej nie znajdziesz czego\u015b tak wyj\u0105tkowego. Ta bluza zosta\u0142a stworzona dla ludzi, kt\u00f3rzy nie boj\u0105 si\u0119 [&hellip;]\" \/>\n<meta property=\"og:url\" content=\"https:\/\/bartek-kruk.pl\/en\/product\/bluza-street-workout-beast\/\" \/>\n<meta property=\"og:site_name\" content=\"Bartek Kruk\" \/>\n<meta property=\"article:publisher\" content=\"https:\/\/www.facebook.com\/bartekkrukworkout\" \/>\n<meta property=\"article:modified_time\" content=\"2025-06-13T14:43:41+00:00\" \/>\n<meta property=\"og:image\" content=\"https:\/\/bartek-kruk.pl\/wp-content\/uploads\/2025\/03\/IMG_3112-scaled.jpg\" \/>\n\t<meta property=\"og:image:width\" content=\"2048\" \/>\n\t<meta property=\"og:image:height\" content=\"2560\" \/>\n\t<meta property=\"og:image:type\" content=\"image\/jpeg\" \/>\n<meta name=\"twitter:card\" content=\"summary_large_image\" \/>\n<meta name=\"twitter:label1\" content=\"Est. reading time\" \/>\n\t<meta name=\"twitter:data1\" content=\"1 minute\" \/>\n<script type=\"application\/ld+json\" class=\"yoast-schema-graph\">{\"@context\":\"https:\/\/schema.org\",\"@graph\":[{\"@type\":\"WebPage\",\"@id\":\"https:\/\/bartek-kruk.pl\/product\/bluza-street-workout-beast\/\",\"url\":\"https:\/\/bartek-kruk.pl\/product\/bluza-street-workout-beast\/\",\"name\":\"Bluza \\\"Street Workout Beast\\\" - Bartek Kruk\",\"isPartOf\":{\"@id\":\"https:\/\/bartek-kruk.pl\/#website\"},\"primaryImageOfPage\":{\"@id\":\"https:\/\/bartek-kruk.pl\/product\/bluza-street-workout-beast\/#primaryimage\"},\"image\":{\"@id\":\"https:\/\/bartek-kruk.pl\/product\/bluza-street-workout-beast\/#primaryimage\"},\"thumbnailUrl\":\"https:\/\/bartek-kruk.pl\/wp-content\/uploads\/2025\/03\/IMG_3112-scaled.jpg\",\"datePublished\":\"2025-03-09T17:42:25+00:00\",\"dateModified\":\"2025-06-13T14:43:41+00:00\",\"breadcrumb\":{\"@id\":\"https:\/\/bartek-kruk.pl\/product\/bluza-street-workout-beast\/#breadcrumb\"},\"inLanguage\":\"en-US\",\"potentialAction\":[{\"@type\":\"ReadAction\",\"target\":[\"https:\/\/bartek-kruk.pl\/product\/bluza-street-workout-beast\/\"]}]},{\"@type\":\"ImageObject\",\"inLanguage\":\"en-US\",\"@id\":\"https:\/\/bartek-kruk.pl\/product\/bluza-street-workout-beast\/#primaryimage\",\"url\":\"https:\/\/bartek-kruk.pl\/wp-content\/uploads\/2025\/03\/IMG_3112-scaled.jpg\",\"contentUrl\":\"https:\/\/bartek-kruk.pl\/wp-content\/uploads\/2025\/03\/IMG_3112-scaled.jpg\",\"width\":2048,\"height\":2560},{\"@type\":\"BreadcrumbList\",\"@id\":\"https:\/\/bartek-kruk.pl\/product\/bluza-street-workout-beast\/#breadcrumb\",\"itemListElement\":[{\"@type\":\"ListItem\",\"position\":1,\"name\":\"Strona g\u0142\u00f3wna\",\"item\":\"https:\/\/bartek-kruk.pl\/\"},{\"@type\":\"ListItem\",\"position\":2,\"name\":\"Sklep\",\"item\":\"https:\/\/bartek-kruk.pl\/sklep\/\"},{\"@type\":\"ListItem\",\"position\":3,\"name\":\"Bluza &#8220;Street Workout Beast&#8221;\"}]},{\"@type\":\"WebSite\",\"@id\":\"https:\/\/bartek-kruk.pl\/#website\",\"url\":\"https:\/\/bartek-kruk.pl\/\",\"name\":\"Bartek Kruk\",\"description\":\"Trening Personalny | Terapia | Szkolenia\",\"publisher\":{\"@id\":\"https:\/\/bartek-kruk.pl\/#\/schema\/person\/db8c951a4d31a75b256b28d668b4e18d\"},\"potentialAction\":[{\"@type\":\"SearchAction\",\"target\":{\"@type\":\"EntryPoint\",\"urlTemplate\":\"https:\/\/bartek-kruk.pl\/?s={search_term_string}\"},\"query-input\":{\"@type\":\"PropertyValueSpecification\",\"valueRequired\":true,\"valueName\":\"search_term_string\"}}],\"inLanguage\":\"en-US\"},{\"@type\":[\"Person\",\"Organization\"],\"@id\":\"https:\/\/bartek-kruk.pl\/#\/schema\/person\/db8c951a4d31a75b256b28d668b4e18d\",\"name\":\"Bartek Kruk\",\"image\":{\"@type\":\"ImageObject\",\"inLanguage\":\"en-US\",\"@id\":\"https:\/\/bartek-kruk.pl\/#\/schema\/person\/image\/\",\"url\":\"https:\/\/bartek-kruk.pl\/wp-content\/uploads\/2025\/07\/images.jpg\",\"contentUrl\":\"https:\/\/bartek-kruk.pl\/wp-content\/uploads\/2025\/07\/images.jpg\",\"width\":225,\"height\":225,\"caption\":\"Bartek Kruk\"},\"logo\":{\"@id\":\"https:\/\/bartek-kruk.pl\/#\/schema\/person\/image\/\"},\"sameAs\":[\"https:\/\/bartek-kruk.pl\",\"https:\/\/www.facebook.com\/bartekkrukworkout\",\"https:\/\/www.instagram.com\/bartekkruk_\/?hl=en\"]}]}<\/script>\n<!-- \/ Yoast SEO plugin. -->","yoast_head_json":{"title":"Bluza \"Street Workout Beast\" - Bartek Kruk","robots":{"index":"index","follow":"follow","max-snippet":"max-snippet:-1","max-image-preview":"max-image-preview:large","max-video-preview":"max-video-preview:-1"},"canonical":"https:\/\/bartek-kruk.pl\/en\/product\/bluza-street-workout-beast\/","og_locale":"en_US","og_type":"article","og_title":"Bluza \"Street Workout Beast\" - Bartek Kruk","og_description":"Bluza Street Workout Beast \u2013 Uwalniaj w sobie Besti\u0119! \u00a0 Poczuj si\u0142\u0119, komfort i unikalny styl z autorsk\u0105 bluz\u0105 Street Workout Beast. To wi\u0119cej ni\u017c odzie\u017c \u2013 to manifest Twojej determinacji, pasji i si\u0142y, kt\u00f3re w Tobie drzemi\u0105. Nigdzie indziej nie znajdziesz czego\u015b tak wyj\u0105tkowego. Ta bluza zosta\u0142a stworzona dla ludzi, kt\u00f3rzy nie boj\u0105 si\u0119 [&hellip;]","og_url":"https:\/\/bartek-kruk.pl\/en\/product\/bluza-street-workout-beast\/","og_site_name":"Bartek Kruk","article_publisher":"https:\/\/www.facebook.com\/bartekkrukworkout","article_modified_time":"2025-06-13T14:43:41+00:00","og_image":[{"width":2048,"height":2560,"url":"https:\/\/bartek-kruk.pl\/wp-content\/uploads\/2025\/03\/IMG_3112-scaled.jpg","type":"image\/jpeg"}],"twitter_card":"summary_large_image","twitter_misc":{"Est. reading time":"1 minute"},"schema":{"@context":"https:\/\/schema.org","@graph":[{"@type":"WebPage","@id":"https:\/\/bartek-kruk.pl\/product\/bluza-street-workout-beast\/","url":"https:\/\/bartek-kruk.pl\/product\/bluza-street-workout-beast\/","name":"Bluza \"Street Workout Beast\" - Bartek Kruk","isPartOf":{"@id":"https:\/\/bartek-kruk.pl\/#website"},"primaryImageOfPage":{"@id":"https:\/\/bartek-kruk.pl\/product\/bluza-street-workout-beast\/#primaryimage"},"image":{"@id":"https:\/\/bartek-kruk.pl\/product\/bluza-street-workout-beast\/#primaryimage"},"thumbnailUrl":"https:\/\/bartek-kruk.pl\/wp-content\/uploads\/2025\/03\/IMG_3112-scaled.jpg","datePublished":"2025-03-09T17:42:25+00:00","dateModified":"2025-06-13T14:43:41+00:00","breadcrumb":{"@id":"https:\/\/bartek-kruk.pl\/product\/bluza-street-workout-beast\/#breadcrumb"},"inLanguage":"en-US","potentialAction":[{"@type":"ReadAction","target":["https:\/\/bartek-kruk.pl\/product\/bluza-street-workout-beast\/"]}]},{"@type":"ImageObject","inLanguage":"en-US","@id":"https:\/\/bartek-kruk.pl\/product\/bluza-street-workout-beast\/#primaryimage","url":"https:\/\/bartek-kruk.pl\/wp-content\/uploads\/2025\/03\/IMG_3112-scaled.jpg","contentUrl":"https:\/\/bartek-kruk.pl\/wp-content\/uploads\/2025\/03\/IMG_3112-scaled.jpg","width":2048,"height":2560},{"@type":"BreadcrumbList","@id":"https:\/\/bartek-kruk.pl\/product\/bluza-street-workout-beast\/#breadcrumb","itemListElement":[{"@type":"ListItem","position":1,"name":"Strona g\u0142\u00f3wna","item":"https:\/\/bartek-kruk.pl\/"},{"@type":"ListItem","position":2,"name":"Sklep","item":"https:\/\/bartek-kruk.pl\/sklep\/"},{"@type":"ListItem","position":3,"name":"Bluza &#8220;Street Workout Beast&#8221;"}]},{"@type":"WebSite","@id":"https:\/\/bartek-kruk.pl\/#website","url":"https:\/\/bartek-kruk.pl\/","name":"Bartek Kruk","description":"Personal Training | Therapy | Training","publisher":{"@id":"https:\/\/bartek-kruk.pl\/#\/schema\/person\/db8c951a4d31a75b256b28d668b4e18d"},"potentialAction":[{"@type":"SearchAction","target":{"@type":"EntryPoint","urlTemplate":"https:\/\/bartek-kruk.pl\/?s={search_term_string}"},"query-input":{"@type":"PropertyValueSpecification","valueRequired":true,"valueName":"search_term_string"}}],"inLanguage":"en-US"},{"@type":["Person","Organization"],"@id":"https:\/\/bartek-kruk.pl\/#\/schema\/person\/db8c951a4d31a75b256b28d668b4e18d","name":"Bartek Kruk","image":{"@type":"ImageObject","inLanguage":"en-US","@id":"https:\/\/bartek-kruk.pl\/#\/schema\/person\/image\/","url":"https:\/\/bartek-kruk.pl\/wp-content\/uploads\/2025\/07\/images.jpg","contentUrl":"https:\/\/bartek-kruk.pl\/wp-content\/uploads\/2025\/07\/images.jpg","width":225,"height":225,"caption":"Bartek Kruk"},"logo":{"@id":"https:\/\/bartek-kruk.pl\/#\/schema\/person\/image\/"},"sameAs":["https:\/\/bartek-kruk.pl","https:\/\/www.facebook.com\/bartekkrukworkout","https:\/\/www.instagram.com\/bartekkruk_\/?hl=en"]}]}},"_links":{"self":[{"href":"https:\/\/bartek-kruk.pl\/en\/wp-json\/wp\/v2\/product\/22092","targetHints":{"allow":["GET"]}}],"collection":[{"href":"https:\/\/bartek-kruk.pl\/en\/wp-json\/wp\/v2\/product"}],"about":[{"href":"https:\/\/bartek-kruk.pl\/en\/wp-json\/wp\/v2\/types\/product"}],"replies":[{"embeddable":true,"href":"https:\/\/bartek-kruk.pl\/en\/wp-json\/wp\/v2\/comments?post=22092"}],"wp:featuredmedia":[{"embeddable":true,"href":"https:\/\/bartek-kruk.pl\/en\/wp-json\/wp\/v2\/media\/22419"}],"wp:attachment":[{"href":"https:\/\/bartek-kruk.pl\/en\/wp-json\/wp\/v2\/media?parent=22092"}],"wp:term":[{"taxonomy":"product_brand","embeddable":true,"href":"https:\/\/bartek-kruk.pl\/en\/wp-json\/wp\/v2\/product_brand?post=22092"},{"taxonomy":"product_cat","embeddable":true,"href":"https:\/\/bartek-kruk.pl\/en\/wp-json\/wp\/v2\/product_cat?post=22092"},{"taxonomy":"product_tag","embeddable":true,"href":"https:\/\/bartek-kruk.pl\/en\/wp-json\/wp\/v2\/product_tag?post=22092"}],"curies":[{"name":"wp","href":"https:\/\/api.w.org\/{rel}","templated":true}]}}