{"id":22104,"date":"2025-03-09T18:55:55","date_gmt":"2025-03-09T18:55:55","guid":{"rendered":"https:\/\/bartek-kruk.pl\/?post_type=product&#038;p=22104"},"modified":"2026-03-21T11:48:30","modified_gmt":"2026-03-21T11:48:30","slug":"plany-treningowe","status":"publish","type":"product","link":"https:\/\/bartek-kruk.pl\/en\/product\/plany-treningowe\/","title":{"rendered":"Training Plans"},"content":{"rendered":"<ul>\n<li>A ready-made, personalized action plan delivered straight to your inbox! \ud83c\udfaf You&#039;ll receive a detailed plan tailored to your goals, abilities, and available equipment. Perfect for independent individuals who need professional structure.<\/li>\n<\/ul>","protected":false},"excerpt":{"rendered":"<p>A ready-made, personalized action plan delivered straight to your inbox! \ud83c\udfaf You&#039;ll receive a detailed plan tailored to your goals, abilities, and available equipment. Perfect for independent individuals who need professional structure.<\/p>","protected":false},"featured_media":23088,"comment_status":"open","ping_status":"closed","template":"","meta":[],"product_brand":[],"product_cat":[143],"product_tag":[],"class_list":{"0":"post-22104","1":"product","2":"type-product","3":"status-publish","4":"has-post-thumbnail","6":"product_cat-wspolpraca-trenerska","8":"first","9":"instock","10":"sale","11":"sold-individually","12":"shipping-taxable","13":"purchasable","14":"product-type-variable","15":"add-to-wishlist-after_add_to_cart"},"yoast_head":"<!-- This site is optimized with the Yoast SEO plugin v25.8 - https:\/\/yoast.com\/wordpress\/plugins\/seo\/ -->\n<title>Plany Treningowe - Bartek Kruk<\/title>\n<meta name=\"robots\" content=\"index, follow, max-snippet:-1, max-image-preview:large, max-video-preview:-1\" \/>\n<link rel=\"canonical\" href=\"https:\/\/bartek-kruk.pl\/en\/product\/plany-treningowe\/\" \/>\n<meta property=\"og:locale\" content=\"en_US\" \/>\n<meta property=\"og:type\" content=\"article\" \/>\n<meta property=\"og:title\" content=\"Plany Treningowe - Bartek Kruk\" \/>\n<meta property=\"og:description\" content=\"Gotowy, spersonalizowany plan dzia\u0142ania prosto na Twoj\u0105 skrzynk\u0119! \ud83c\udfaf Otrzymujesz szczeg\u00f3\u0142owy plan dopasowany do Twoich cel\u00f3w, mo\u017cliwo\u015bci i dost\u0119pnego sprz\u0119tu. Idealne dla os\u00f3b samodzielnych, potrzebuj\u0105cych profesjonalnej struktury.\" \/>\n<meta property=\"og:url\" content=\"https:\/\/bartek-kruk.pl\/en\/product\/plany-treningowe\/\" \/>\n<meta property=\"og:site_name\" content=\"Bartek Kruk\" \/>\n<meta property=\"article:publisher\" content=\"https:\/\/www.facebook.com\/bartekkrukworkout\" \/>\n<meta property=\"article:modified_time\" content=\"2026-03-21T11:48:30+00:00\" \/>\n<meta property=\"og:image\" content=\"https:\/\/bartek-kruk.pl\/wp-content\/uploads\/2025\/03\/IMG_4510-1-scaled.jpg\" \/>\n\t<meta property=\"og:image:width\" content=\"1707\" \/>\n\t<meta property=\"og:image:height\" content=\"2560\" \/>\n\t<meta property=\"og:image:type\" content=\"image\/jpeg\" \/>\n<meta name=\"twitter:card\" content=\"summary_large_image\" \/>\n<meta name=\"twitter:label1\" content=\"Est. reading time\" \/>\n\t<meta name=\"twitter:data1\" content=\"1 minute\" \/>\n<script type=\"application\/ld+json\" class=\"yoast-schema-graph\">{\"@context\":\"https:\/\/schema.org\",\"@graph\":[{\"@type\":\"WebPage\",\"@id\":\"https:\/\/bartek-kruk.pl\/product\/plany-treningowe\/\",\"url\":\"https:\/\/bartek-kruk.pl\/product\/plany-treningowe\/\",\"name\":\"Plany Treningowe - Bartek Kruk\",\"isPartOf\":{\"@id\":\"https:\/\/bartek-kruk.pl\/#website\"},\"primaryImageOfPage\":{\"@id\":\"https:\/\/bartek-kruk.pl\/product\/plany-treningowe\/#primaryimage\"},\"image\":{\"@id\":\"https:\/\/bartek-kruk.pl\/product\/plany-treningowe\/#primaryimage\"},\"thumbnailUrl\":\"https:\/\/bartek-kruk.pl\/wp-content\/uploads\/2025\/03\/IMG_4510-1-scaled.jpg\",\"datePublished\":\"2025-03-09T18:55:55+00:00\",\"dateModified\":\"2026-03-21T11:48:30+00:00\",\"breadcrumb\":{\"@id\":\"https:\/\/bartek-kruk.pl\/product\/plany-treningowe\/#breadcrumb\"},\"inLanguage\":\"en-US\",\"potentialAction\":[{\"@type\":\"ReadAction\",\"target\":[\"https:\/\/bartek-kruk.pl\/product\/plany-treningowe\/\"]}]},{\"@type\":\"ImageObject\",\"inLanguage\":\"en-US\",\"@id\":\"https:\/\/bartek-kruk.pl\/product\/plany-treningowe\/#primaryimage\",\"url\":\"https:\/\/bartek-kruk.pl\/wp-content\/uploads\/2025\/03\/IMG_4510-1-scaled.jpg\",\"contentUrl\":\"https:\/\/bartek-kruk.pl\/wp-content\/uploads\/2025\/03\/IMG_4510-1-scaled.jpg\",\"width\":1707,\"height\":2560},{\"@type\":\"BreadcrumbList\",\"@id\":\"https:\/\/bartek-kruk.pl\/product\/plany-treningowe\/#breadcrumb\",\"itemListElement\":[{\"@type\":\"ListItem\",\"position\":1,\"name\":\"Strona g\u0142\u00f3wna\",\"item\":\"https:\/\/bartek-kruk.pl\/\"},{\"@type\":\"ListItem\",\"position\":2,\"name\":\"Sklep\",\"item\":\"https:\/\/bartek-kruk.pl\/sklep\/\"},{\"@type\":\"ListItem\",\"position\":3,\"name\":\"Plany Treningowe\"}]},{\"@type\":\"WebSite\",\"@id\":\"https:\/\/bartek-kruk.pl\/#website\",\"url\":\"https:\/\/bartek-kruk.pl\/\",\"name\":\"Bartek Kruk\",\"description\":\"Trening Personalny | Terapia | Szkolenia\",\"publisher\":{\"@id\":\"https:\/\/bartek-kruk.pl\/#\/schema\/person\/db8c951a4d31a75b256b28d668b4e18d\"},\"potentialAction\":[{\"@type\":\"SearchAction\",\"target\":{\"@type\":\"EntryPoint\",\"urlTemplate\":\"https:\/\/bartek-kruk.pl\/?s={search_term_string}\"},\"query-input\":{\"@type\":\"PropertyValueSpecification\",\"valueRequired\":true,\"valueName\":\"search_term_string\"}}],\"inLanguage\":\"en-US\"},{\"@type\":[\"Person\",\"Organization\"],\"@id\":\"https:\/\/bartek-kruk.pl\/#\/schema\/person\/db8c951a4d31a75b256b28d668b4e18d\",\"name\":\"Bartek Kruk\",\"image\":{\"@type\":\"ImageObject\",\"inLanguage\":\"en-US\",\"@id\":\"https:\/\/bartek-kruk.pl\/#\/schema\/person\/image\/\",\"url\":\"https:\/\/bartek-kruk.pl\/wp-content\/uploads\/2025\/07\/images.jpg\",\"contentUrl\":\"https:\/\/bartek-kruk.pl\/wp-content\/uploads\/2025\/07\/images.jpg\",\"width\":225,\"height\":225,\"caption\":\"Bartek Kruk\"},\"logo\":{\"@id\":\"https:\/\/bartek-kruk.pl\/#\/schema\/person\/image\/\"},\"sameAs\":[\"https:\/\/bartek-kruk.pl\",\"https:\/\/www.facebook.com\/bartekkrukworkout\",\"https:\/\/www.instagram.com\/bartekkruk_\/?hl=en\"]}]}<\/script>\n<!-- \/ Yoast SEO plugin. -->","yoast_head_json":{"title":"Plany Treningowe - Bartek Kruk","robots":{"index":"index","follow":"follow","max-snippet":"max-snippet:-1","max-image-preview":"max-image-preview:large","max-video-preview":"max-video-preview:-1"},"canonical":"https:\/\/bartek-kruk.pl\/en\/product\/plany-treningowe\/","og_locale":"en_US","og_type":"article","og_title":"Plany Treningowe - Bartek Kruk","og_description":"Gotowy, spersonalizowany plan dzia\u0142ania prosto na Twoj\u0105 skrzynk\u0119! \ud83c\udfaf Otrzymujesz szczeg\u00f3\u0142owy plan dopasowany do Twoich cel\u00f3w, mo\u017cliwo\u015bci i dost\u0119pnego sprz\u0119tu. Idealne dla os\u00f3b samodzielnych, potrzebuj\u0105cych profesjonalnej struktury.","og_url":"https:\/\/bartek-kruk.pl\/en\/product\/plany-treningowe\/","og_site_name":"Bartek Kruk","article_publisher":"https:\/\/www.facebook.com\/bartekkrukworkout","article_modified_time":"2026-03-21T11:48:30+00:00","og_image":[{"width":1707,"height":2560,"url":"https:\/\/bartek-kruk.pl\/wp-content\/uploads\/2025\/03\/IMG_4510-1-scaled.jpg","type":"image\/jpeg"}],"twitter_card":"summary_large_image","twitter_misc":{"Est. reading time":"1 minute"},"schema":{"@context":"https:\/\/schema.org","@graph":[{"@type":"WebPage","@id":"https:\/\/bartek-kruk.pl\/product\/plany-treningowe\/","url":"https:\/\/bartek-kruk.pl\/product\/plany-treningowe\/","name":"Plany Treningowe - Bartek Kruk","isPartOf":{"@id":"https:\/\/bartek-kruk.pl\/#website"},"primaryImageOfPage":{"@id":"https:\/\/bartek-kruk.pl\/product\/plany-treningowe\/#primaryimage"},"image":{"@id":"https:\/\/bartek-kruk.pl\/product\/plany-treningowe\/#primaryimage"},"thumbnailUrl":"https:\/\/bartek-kruk.pl\/wp-content\/uploads\/2025\/03\/IMG_4510-1-scaled.jpg","datePublished":"2025-03-09T18:55:55+00:00","dateModified":"2026-03-21T11:48:30+00:00","breadcrumb":{"@id":"https:\/\/bartek-kruk.pl\/product\/plany-treningowe\/#breadcrumb"},"inLanguage":"en-US","potentialAction":[{"@type":"ReadAction","target":["https:\/\/bartek-kruk.pl\/product\/plany-treningowe\/"]}]},{"@type":"ImageObject","inLanguage":"en-US","@id":"https:\/\/bartek-kruk.pl\/product\/plany-treningowe\/#primaryimage","url":"https:\/\/bartek-kruk.pl\/wp-content\/uploads\/2025\/03\/IMG_4510-1-scaled.jpg","contentUrl":"https:\/\/bartek-kruk.pl\/wp-content\/uploads\/2025\/03\/IMG_4510-1-scaled.jpg","width":1707,"height":2560},{"@type":"BreadcrumbList","@id":"https:\/\/bartek-kruk.pl\/product\/plany-treningowe\/#breadcrumb","itemListElement":[{"@type":"ListItem","position":1,"name":"Strona g\u0142\u00f3wna","item":"https:\/\/bartek-kruk.pl\/"},{"@type":"ListItem","position":2,"name":"Sklep","item":"https:\/\/bartek-kruk.pl\/sklep\/"},{"@type":"ListItem","position":3,"name":"Plany Treningowe"}]},{"@type":"WebSite","@id":"https:\/\/bartek-kruk.pl\/#website","url":"https:\/\/bartek-kruk.pl\/","name":"Bartek Kruk","description":"Personal Training | Therapy | Training","publisher":{"@id":"https:\/\/bartek-kruk.pl\/#\/schema\/person\/db8c951a4d31a75b256b28d668b4e18d"},"potentialAction":[{"@type":"SearchAction","target":{"@type":"EntryPoint","urlTemplate":"https:\/\/bartek-kruk.pl\/?s={search_term_string}"},"query-input":{"@type":"PropertyValueSpecification","valueRequired":true,"valueName":"search_term_string"}}],"inLanguage":"en-US"},{"@type":["Person","Organization"],"@id":"https:\/\/bartek-kruk.pl\/#\/schema\/person\/db8c951a4d31a75b256b28d668b4e18d","name":"Bartek Kruk","image":{"@type":"ImageObject","inLanguage":"en-US","@id":"https:\/\/bartek-kruk.pl\/#\/schema\/person\/image\/","url":"https:\/\/bartek-kruk.pl\/wp-content\/uploads\/2025\/07\/images.jpg","contentUrl":"https:\/\/bartek-kruk.pl\/wp-content\/uploads\/2025\/07\/images.jpg","width":225,"height":225,"caption":"Bartek Kruk"},"logo":{"@id":"https:\/\/bartek-kruk.pl\/#\/schema\/person\/image\/"},"sameAs":["https:\/\/bartek-kruk.pl","https:\/\/www.facebook.com\/bartekkrukworkout","https:\/\/www.instagram.com\/bartekkruk_\/?hl=en"]}]}},"_links":{"self":[{"href":"https:\/\/bartek-kruk.pl\/en\/wp-json\/wp\/v2\/product\/22104","targetHints":{"allow":["GET"]}}],"collection":[{"href":"https:\/\/bartek-kruk.pl\/en\/wp-json\/wp\/v2\/product"}],"about":[{"href":"https:\/\/bartek-kruk.pl\/en\/wp-json\/wp\/v2\/types\/product"}],"replies":[{"embeddable":true,"href":"https:\/\/bartek-kruk.pl\/en\/wp-json\/wp\/v2\/comments?post=22104"}],"wp:featuredmedia":[{"embeddable":true,"href":"https:\/\/bartek-kruk.pl\/en\/wp-json\/wp\/v2\/media\/23088"}],"wp:attachment":[{"href":"https:\/\/bartek-kruk.pl\/en\/wp-json\/wp\/v2\/media?parent=22104"}],"wp:term":[{"taxonomy":"product_brand","embeddable":true,"href":"https:\/\/bartek-kruk.pl\/en\/wp-json\/wp\/v2\/product_brand?post=22104"},{"taxonomy":"product_cat","embeddable":true,"href":"https:\/\/bartek-kruk.pl\/en\/wp-json\/wp\/v2\/product_cat?post=22104"},{"taxonomy":"product_tag","embeddable":true,"href":"https:\/\/bartek-kruk.pl\/en\/wp-json\/wp\/v2\/product_tag?post=22104"}],"curies":[{"name":"wp","href":"https:\/\/api.w.org\/{rel}","templated":true}]}}