{"id":22449,"date":"2025-03-30T17:13:07","date_gmt":"2025-03-30T17:13:07","guid":{"rendered":"https:\/\/bartek-kruk.pl\/?post_type=product&#038;p=22449"},"modified":"2025-08-10T17:11:44","modified_gmt":"2025-08-10T17:11:44","slug":"terapeutyczna-konsultacja-stacjonarna-krakow-ul-zablocie-25-7","status":"publish","type":"product","link":"https:\/\/bartek-kruk.pl\/en\/product\/terapeutyczna-konsultacja-stacjonarna-krakow-ul-zablocie-25-7\/","title":{"rendered":"Inpatient Therapeutic Collaboration"},"content":{"rendered":"<ul>\n<li><strong>Extensive and detailed interview<\/strong><\/li>\n<li><strong>Functional diagnostics<\/strong> \u2013 body posture analysis, range of motion tests, manual tests, palpation tests, neuromuscular tests<\/li>\n<li><strong>Applying the most effective therapeutic methods<\/strong> the cause of pain<\/li>\n<li><strong>Implementation of the first and most effective movement recommendations<\/strong> for independent work aimed at the cause of the pain problem<\/li>\n<li><strong>Video recording<\/strong> all exercises<\/li>\n<li><strong>Location:<\/strong> Krakow, Zab\u0142ocie Street 25\/4<\/li>\n<\/ul>","protected":false},"excerpt":{"rendered":"<p>Obszerny i szczeg\u00f3\u0142owy wywiad Diagnostyka funkcjonalna \u2013 analiza postawy cia\u0142a, testy zakres\u00f3w ruchomo\u015bci, testy manualne, testy palpacyjne, testy nerwowo-mi\u0119\u015bniowe Zaaplikowanie najskuteczniejszych metod terapeutycznych na przyczyn\u0119 dolegliwo\u015bci b\u00f3lowych Wdro\u017cenie pierwszych oraz najskuteczniejszych zalece\u0144 ruchowych do samodzielnej pracy ukierunkowanych na przyczyn\u0119 problemu b\u00f3lowego Nagranie w formie wideo wszystkich \u0107wicze\u0144 Lokalizacja: Krak\u00f3w, ul. Zab\u0142ocie 25\/4<\/p>","protected":false},"featured_media":22940,"comment_status":"open","ping_status":"closed","template":"","meta":[],"product_brand":[],"product_cat":[142],"product_tag":[],"class_list":{"0":"post-22449","1":"product","2":"type-product","3":"status-publish","4":"has-post-thumbnail","6":"product_cat-wspolpraca-terapeutyczna","8":"first","9":"instock","10":"sale","11":"sold-individually","12":"shipping-taxable","13":"purchasable","14":"product-type-variable","15":"add-to-wishlist-after_add_to_cart"},"yoast_head":"<!-- This site is optimized with the Yoast SEO plugin v25.8 - https:\/\/yoast.com\/wordpress\/plugins\/seo\/ -->\n<title>Terapeutyczna Wsp\u00f3\u0142praca Stacjonarna - Bartek Kruk<\/title>\n<meta name=\"robots\" content=\"index, follow, max-snippet:-1, max-image-preview:large, max-video-preview:-1\" \/>\n<link rel=\"canonical\" href=\"https:\/\/bartek-kruk.pl\/en\/product\/terapeutyczna-konsultacja-stacjonarna-krakow-ul-zablocie-25-7\/\" \/>\n<meta property=\"og:locale\" content=\"en_US\" \/>\n<meta property=\"og:type\" content=\"article\" \/>\n<meta property=\"og:title\" content=\"Terapeutyczna Wsp\u00f3\u0142praca Stacjonarna - Bartek Kruk\" \/>\n<meta property=\"og:description\" content=\"Obszerny i szczeg\u00f3\u0142owy wywiad Diagnostyka funkcjonalna \u2013 analiza postawy cia\u0142a, testy zakres\u00f3w ruchomo\u015bci, testy manualne, testy palpacyjne, testy nerwowo-mi\u0119\u015bniowe Zaaplikowanie najskuteczniejszych metod terapeutycznych na przyczyn\u0119 dolegliwo\u015bci b\u00f3lowych Wdro\u017cenie pierwszych oraz najskuteczniejszych zalece\u0144 ruchowych do samodzielnej pracy ukierunkowanych na przyczyn\u0119 problemu b\u00f3lowego Nagranie w formie wideo wszystkich \u0107wicze\u0144 Lokalizacja: Krak\u00f3w, ul. Zab\u0142ocie 25\/4\" \/>\n<meta property=\"og:url\" content=\"https:\/\/bartek-kruk.pl\/en\/product\/terapeutyczna-konsultacja-stacjonarna-krakow-ul-zablocie-25-7\/\" \/>\n<meta property=\"og:site_name\" content=\"Bartek Kruk\" \/>\n<meta property=\"article:publisher\" content=\"https:\/\/www.facebook.com\/bartekkrukworkout\" \/>\n<meta property=\"article:modified_time\" content=\"2025-08-10T17:11:44+00:00\" \/>\n<meta property=\"og:image\" content=\"https:\/\/bartek-kruk.pl\/wp-content\/uploads\/2025\/03\/IMG_4490-scaled.jpg\" \/>\n\t<meta property=\"og:image:width\" content=\"1707\" \/>\n\t<meta property=\"og:image:height\" content=\"2560\" \/>\n\t<meta property=\"og:image:type\" content=\"image\/jpeg\" \/>\n<meta name=\"twitter:card\" content=\"summary_large_image\" \/>\n<meta name=\"twitter:label1\" content=\"Est. reading time\" \/>\n\t<meta name=\"twitter:data1\" content=\"1 minute\" \/>\n<script type=\"application\/ld+json\" class=\"yoast-schema-graph\">{\"@context\":\"https:\/\/schema.org\",\"@graph\":[{\"@type\":\"WebPage\",\"@id\":\"https:\/\/bartek-kruk.pl\/product\/terapeutyczna-konsultacja-stacjonarna-krakow-ul-zablocie-25-7\/\",\"url\":\"https:\/\/bartek-kruk.pl\/product\/terapeutyczna-konsultacja-stacjonarna-krakow-ul-zablocie-25-7\/\",\"name\":\"Terapeutyczna Wsp\u00f3\u0142praca Stacjonarna - Bartek Kruk\",\"isPartOf\":{\"@id\":\"https:\/\/bartek-kruk.pl\/#website\"},\"primaryImageOfPage\":{\"@id\":\"https:\/\/bartek-kruk.pl\/product\/terapeutyczna-konsultacja-stacjonarna-krakow-ul-zablocie-25-7\/#primaryimage\"},\"image\":{\"@id\":\"https:\/\/bartek-kruk.pl\/product\/terapeutyczna-konsultacja-stacjonarna-krakow-ul-zablocie-25-7\/#primaryimage\"},\"thumbnailUrl\":\"https:\/\/bartek-kruk.pl\/wp-content\/uploads\/2025\/03\/IMG_4490-scaled.jpg\",\"datePublished\":\"2025-03-30T17:13:07+00:00\",\"dateModified\":\"2025-08-10T17:11:44+00:00\",\"breadcrumb\":{\"@id\":\"https:\/\/bartek-kruk.pl\/product\/terapeutyczna-konsultacja-stacjonarna-krakow-ul-zablocie-25-7\/#breadcrumb\"},\"inLanguage\":\"en-US\",\"potentialAction\":[{\"@type\":\"ReadAction\",\"target\":[\"https:\/\/bartek-kruk.pl\/product\/terapeutyczna-konsultacja-stacjonarna-krakow-ul-zablocie-25-7\/\"]}]},{\"@type\":\"ImageObject\",\"inLanguage\":\"en-US\",\"@id\":\"https:\/\/bartek-kruk.pl\/product\/terapeutyczna-konsultacja-stacjonarna-krakow-ul-zablocie-25-7\/#primaryimage\",\"url\":\"https:\/\/bartek-kruk.pl\/wp-content\/uploads\/2025\/03\/IMG_4490-scaled.jpg\",\"contentUrl\":\"https:\/\/bartek-kruk.pl\/wp-content\/uploads\/2025\/03\/IMG_4490-scaled.jpg\",\"width\":1707,\"height\":2560},{\"@type\":\"BreadcrumbList\",\"@id\":\"https:\/\/bartek-kruk.pl\/product\/terapeutyczna-konsultacja-stacjonarna-krakow-ul-zablocie-25-7\/#breadcrumb\",\"itemListElement\":[{\"@type\":\"ListItem\",\"position\":1,\"name\":\"Strona g\u0142\u00f3wna\",\"item\":\"https:\/\/bartek-kruk.pl\/\"},{\"@type\":\"ListItem\",\"position\":2,\"name\":\"Sklep\",\"item\":\"https:\/\/bartek-kruk.pl\/sklep\/\"},{\"@type\":\"ListItem\",\"position\":3,\"name\":\"Terapeutyczna Wsp\u00f3\u0142praca Stacjonarna\"}]},{\"@type\":\"WebSite\",\"@id\":\"https:\/\/bartek-kruk.pl\/#website\",\"url\":\"https:\/\/bartek-kruk.pl\/\",\"name\":\"Bartek Kruk\",\"description\":\"Trening Personalny | Terapia | Szkolenia\",\"publisher\":{\"@id\":\"https:\/\/bartek-kruk.pl\/#\/schema\/person\/db8c951a4d31a75b256b28d668b4e18d\"},\"potentialAction\":[{\"@type\":\"SearchAction\",\"target\":{\"@type\":\"EntryPoint\",\"urlTemplate\":\"https:\/\/bartek-kruk.pl\/?s={search_term_string}\"},\"query-input\":{\"@type\":\"PropertyValueSpecification\",\"valueRequired\":true,\"valueName\":\"search_term_string\"}}],\"inLanguage\":\"en-US\"},{\"@type\":[\"Person\",\"Organization\"],\"@id\":\"https:\/\/bartek-kruk.pl\/#\/schema\/person\/db8c951a4d31a75b256b28d668b4e18d\",\"name\":\"Bartek Kruk\",\"image\":{\"@type\":\"ImageObject\",\"inLanguage\":\"en-US\",\"@id\":\"https:\/\/bartek-kruk.pl\/#\/schema\/person\/image\/\",\"url\":\"https:\/\/bartek-kruk.pl\/wp-content\/uploads\/2025\/07\/images.jpg\",\"contentUrl\":\"https:\/\/bartek-kruk.pl\/wp-content\/uploads\/2025\/07\/images.jpg\",\"width\":225,\"height\":225,\"caption\":\"Bartek Kruk\"},\"logo\":{\"@id\":\"https:\/\/bartek-kruk.pl\/#\/schema\/person\/image\/\"},\"sameAs\":[\"https:\/\/bartek-kruk.pl\",\"https:\/\/www.facebook.com\/bartekkrukworkout\",\"https:\/\/www.instagram.com\/bartekkruk_\/?hl=en\"]}]}<\/script>\n<!-- \/ Yoast SEO plugin. -->","yoast_head_json":{"title":"Terapeutyczna Wsp\u00f3\u0142praca Stacjonarna - Bartek Kruk","robots":{"index":"index","follow":"follow","max-snippet":"max-snippet:-1","max-image-preview":"max-image-preview:large","max-video-preview":"max-video-preview:-1"},"canonical":"https:\/\/bartek-kruk.pl\/en\/product\/terapeutyczna-konsultacja-stacjonarna-krakow-ul-zablocie-25-7\/","og_locale":"en_US","og_type":"article","og_title":"Terapeutyczna Wsp\u00f3\u0142praca Stacjonarna - Bartek Kruk","og_description":"Obszerny i szczeg\u00f3\u0142owy wywiad Diagnostyka funkcjonalna \u2013 analiza postawy cia\u0142a, testy zakres\u00f3w ruchomo\u015bci, testy manualne, testy palpacyjne, testy nerwowo-mi\u0119\u015bniowe Zaaplikowanie najskuteczniejszych metod terapeutycznych na przyczyn\u0119 dolegliwo\u015bci b\u00f3lowych Wdro\u017cenie pierwszych oraz najskuteczniejszych zalece\u0144 ruchowych do samodzielnej pracy ukierunkowanych na przyczyn\u0119 problemu b\u00f3lowego Nagranie w formie wideo wszystkich \u0107wicze\u0144 Lokalizacja: Krak\u00f3w, ul. Zab\u0142ocie 25\/4","og_url":"https:\/\/bartek-kruk.pl\/en\/product\/terapeutyczna-konsultacja-stacjonarna-krakow-ul-zablocie-25-7\/","og_site_name":"Bartek Kruk","article_publisher":"https:\/\/www.facebook.com\/bartekkrukworkout","article_modified_time":"2025-08-10T17:11:44+00:00","og_image":[{"width":1707,"height":2560,"url":"https:\/\/bartek-kruk.pl\/wp-content\/uploads\/2025\/03\/IMG_4490-scaled.jpg","type":"image\/jpeg"}],"twitter_card":"summary_large_image","twitter_misc":{"Est. reading time":"1 minute"},"schema":{"@context":"https:\/\/schema.org","@graph":[{"@type":"WebPage","@id":"https:\/\/bartek-kruk.pl\/product\/terapeutyczna-konsultacja-stacjonarna-krakow-ul-zablocie-25-7\/","url":"https:\/\/bartek-kruk.pl\/product\/terapeutyczna-konsultacja-stacjonarna-krakow-ul-zablocie-25-7\/","name":"Terapeutyczna Wsp\u00f3\u0142praca Stacjonarna - Bartek Kruk","isPartOf":{"@id":"https:\/\/bartek-kruk.pl\/#website"},"primaryImageOfPage":{"@id":"https:\/\/bartek-kruk.pl\/product\/terapeutyczna-konsultacja-stacjonarna-krakow-ul-zablocie-25-7\/#primaryimage"},"image":{"@id":"https:\/\/bartek-kruk.pl\/product\/terapeutyczna-konsultacja-stacjonarna-krakow-ul-zablocie-25-7\/#primaryimage"},"thumbnailUrl":"https:\/\/bartek-kruk.pl\/wp-content\/uploads\/2025\/03\/IMG_4490-scaled.jpg","datePublished":"2025-03-30T17:13:07+00:00","dateModified":"2025-08-10T17:11:44+00:00","breadcrumb":{"@id":"https:\/\/bartek-kruk.pl\/product\/terapeutyczna-konsultacja-stacjonarna-krakow-ul-zablocie-25-7\/#breadcrumb"},"inLanguage":"en-US","potentialAction":[{"@type":"ReadAction","target":["https:\/\/bartek-kruk.pl\/product\/terapeutyczna-konsultacja-stacjonarna-krakow-ul-zablocie-25-7\/"]}]},{"@type":"ImageObject","inLanguage":"en-US","@id":"https:\/\/bartek-kruk.pl\/product\/terapeutyczna-konsultacja-stacjonarna-krakow-ul-zablocie-25-7\/#primaryimage","url":"https:\/\/bartek-kruk.pl\/wp-content\/uploads\/2025\/03\/IMG_4490-scaled.jpg","contentUrl":"https:\/\/bartek-kruk.pl\/wp-content\/uploads\/2025\/03\/IMG_4490-scaled.jpg","width":1707,"height":2560},{"@type":"BreadcrumbList","@id":"https:\/\/bartek-kruk.pl\/product\/terapeutyczna-konsultacja-stacjonarna-krakow-ul-zablocie-25-7\/#breadcrumb","itemListElement":[{"@type":"ListItem","position":1,"name":"Strona g\u0142\u00f3wna","item":"https:\/\/bartek-kruk.pl\/"},{"@type":"ListItem","position":2,"name":"Sklep","item":"https:\/\/bartek-kruk.pl\/sklep\/"},{"@type":"ListItem","position":3,"name":"Terapeutyczna Wsp\u00f3\u0142praca Stacjonarna"}]},{"@type":"WebSite","@id":"https:\/\/bartek-kruk.pl\/#website","url":"https:\/\/bartek-kruk.pl\/","name":"Bartek Kruk","description":"Personal Training | Therapy | Training","publisher":{"@id":"https:\/\/bartek-kruk.pl\/#\/schema\/person\/db8c951a4d31a75b256b28d668b4e18d"},"potentialAction":[{"@type":"SearchAction","target":{"@type":"EntryPoint","urlTemplate":"https:\/\/bartek-kruk.pl\/?s={search_term_string}"},"query-input":{"@type":"PropertyValueSpecification","valueRequired":true,"valueName":"search_term_string"}}],"inLanguage":"en-US"},{"@type":["Person","Organization"],"@id":"https:\/\/bartek-kruk.pl\/#\/schema\/person\/db8c951a4d31a75b256b28d668b4e18d","name":"Bartek Kruk","image":{"@type":"ImageObject","inLanguage":"en-US","@id":"https:\/\/bartek-kruk.pl\/#\/schema\/person\/image\/","url":"https:\/\/bartek-kruk.pl\/wp-content\/uploads\/2025\/07\/images.jpg","contentUrl":"https:\/\/bartek-kruk.pl\/wp-content\/uploads\/2025\/07\/images.jpg","width":225,"height":225,"caption":"Bartek Kruk"},"logo":{"@id":"https:\/\/bartek-kruk.pl\/#\/schema\/person\/image\/"},"sameAs":["https:\/\/bartek-kruk.pl","https:\/\/www.facebook.com\/bartekkrukworkout","https:\/\/www.instagram.com\/bartekkruk_\/?hl=en"]}]}},"_links":{"self":[{"href":"https:\/\/bartek-kruk.pl\/en\/wp-json\/wp\/v2\/product\/22449","targetHints":{"allow":["GET"]}}],"collection":[{"href":"https:\/\/bartek-kruk.pl\/en\/wp-json\/wp\/v2\/product"}],"about":[{"href":"https:\/\/bartek-kruk.pl\/en\/wp-json\/wp\/v2\/types\/product"}],"replies":[{"embeddable":true,"href":"https:\/\/bartek-kruk.pl\/en\/wp-json\/wp\/v2\/comments?post=22449"}],"wp:featuredmedia":[{"embeddable":true,"href":"https:\/\/bartek-kruk.pl\/en\/wp-json\/wp\/v2\/media\/22940"}],"wp:attachment":[{"href":"https:\/\/bartek-kruk.pl\/en\/wp-json\/wp\/v2\/media?parent=22449"}],"wp:term":[{"taxonomy":"product_brand","embeddable":true,"href":"https:\/\/bartek-kruk.pl\/en\/wp-json\/wp\/v2\/product_brand?post=22449"},{"taxonomy":"product_cat","embeddable":true,"href":"https:\/\/bartek-kruk.pl\/en\/wp-json\/wp\/v2\/product_cat?post=22449"},{"taxonomy":"product_tag","embeddable":true,"href":"https:\/\/bartek-kruk.pl\/en\/wp-json\/wp\/v2\/product_tag?post=22449"}],"curies":[{"name":"wp","href":"https:\/\/api.w.org\/{rel}","templated":true}]}}