{"id":22474,"date":"2025-03-30T18:06:57","date_gmt":"2025-03-30T18:06:57","guid":{"rendered":"https:\/\/bartek-kruk.pl\/?post_type=product&#038;p=22474"},"modified":"2025-06-05T20:57:10","modified_gmt":"2025-06-05T20:57:10","slug":"indywidualny-mentoring-biznesowy","status":"publish","type":"product","link":"https:\/\/bartek-kruk.pl\/en\/product\/indywidualny-mentoring-biznesowy\/","title":{"rendered":"Individual Business Mentoring"},"content":{"rendered":"<p><span style=\"font-weight: 400;\">Business mentoring for trainers \u2013 grow your business and start earning more!<\/span><\/p>\n<p><span style=\"font-weight: 400;\">\u00a0<\/span><\/p>\n<p><span style=\"font-weight: 400;\">Are you a trainer but don&#039;t know how to effectively acquire clients?<\/span><\/p>\n<p><span style=\"font-weight: 400;\">Want to run your own business but don&#039;t have a clear strategy?<\/span><\/p>\n<p><span style=\"font-weight: 400;\">Or maybe you&#039;re already in business, but you feel stuck and don&#039;t know how to reach a higher level of income?<\/span><\/p>\n<p><span style=\"font-weight: 400;\">\u00a0<\/span><\/p>\n<p><span style=\"font-weight: 400;\">If so, you&#039;ve come to the right place.<\/span><\/p>\n<p><span style=\"font-weight: 400;\">\u00a0<\/span><\/p>\n<p><span style=\"font-weight: 400;\">What is business mentoring for trainers?<\/span><\/p>\n<p><span style=\"font-weight: 400;\">\u00a0<\/span><\/p>\n<p><span style=\"font-weight: 400;\">This is a one-on-one collaboration during which I will help you develop your coaching business in a thoughtful, effective, and profitable way.<\/span><\/p>\n<p><span style=\"font-weight: 400;\">With 10 years of experience in the industry, I will show you proven strategies that will allow you to:<\/span><\/p>\n<p><span style=\"font-weight: 400;\">\u2714 Acquire regular customers \u2013 effective marketing and sales methods<\/span><\/p>\n<p><span style=\"font-weight: 400;\">\u2714 Optimize the offer \u2013 adapting services to the market and the customer<\/span><\/p>\n<p><span style=\"font-weight: 400;\">\u2714 Increase revenue \u2013 scaling your coaching business<\/span><\/p>\n<p><span style=\"font-weight: 400;\">\u2714 Build authority and a personal brand \u2013 how to become a recognizable expert<\/span><\/p>\n<p><span style=\"font-weight: 400;\">\u2714 Solve real problems in the trainer&#039;s work - we analyze your case studies and challenges<\/span><\/p>\n<p><span style=\"font-weight: 400;\">\u2714 Work more efficiently \u2013 work organization, time management and growth strategy<\/span><\/p>\n<p><span style=\"font-weight: 400;\">-Optimizing your social media, building your image and personal brand<\/span><\/p>\n<p><span style=\"font-weight: 400;\">\u00a0<\/span><\/p>\n<p><span style=\"font-weight: 400;\">How can you benefit from mentoring?<\/span><\/p>\n<p><span style=\"font-weight: 400;\">\u00a0<\/span><\/p>\n<p><span style=\"font-weight: 400;\">\ud83d\udd25 Permanent monthly cooperation (online business mentoring) \u2013 comprehensive management of your business, ongoing support, analyses and strategies tailored to your situation.<\/span><\/p>\n<p><span style=\"font-weight: 400;\">Price: PLN 1,497 \/ month<\/span><\/p>\n<p><span style=\"font-weight: 400;\">\u00a0<\/span><\/p>\n<p><span style=\"font-weight: 400;\">Who is this mentoring for?<\/span><\/p>\n<p><span style=\"font-weight: 400;\">\u00a0<\/span><\/p>\n<p><span style=\"font-weight: 400;\">\u2714 For personal and online trainers who want to increase their client base<\/span><\/p>\n<p><span style=\"font-weight: 400;\">\u2714 For people who are just starting out in the industry and want to get their business off to a good start<\/span><\/p>\n<p><span style=\"font-weight: 400;\">\u2714 For coaches who want to earn more and work smarter, not harder<\/span><\/p>\n<p><span style=\"font-weight: 400;\">\u2714 For those who feel stuck and need a fresh perspective and specific strategies<\/span><\/p>\n<p><span style=\"font-weight: 400;\">\u2714 For trainers who want to build a personal brand and stand out in the market<\/span><\/p>\n<p><span style=\"font-weight: 400;\">\u00a0<\/span><\/p>\n<p><span style=\"font-weight: 400;\">Don&#039;t let your passion for training become just a hobby.<\/span><\/p>\n<p><span style=\"font-weight: 400;\">Start acting like an entrepreneur and develop your career seriously!<\/span><\/p>\n<p><span style=\"font-weight: 400;\">\u00a0<\/span><\/p>\n<p><span style=\"font-weight: 400;\">Have questions? Want to schedule a consultation?<\/span><\/p>\n<p><span style=\"font-weight: 400;\">\ud83d\udc49 Contact us and start building a profitable business now!<\/span><\/p>","protected":false},"excerpt":{"rendered":"<p>Mentoring biznesowy dla trener\u00f3w \u2013 rozwijaj sw\u00f3j biznes i zacznij zarabia\u0107 wi\u0119cej! \u00a0 Jeste\u015b trenerem, ale nie wiesz, jak skutecznie pozyskiwa\u0107 klient\u00f3w? Chcesz prowadzi\u0107 sw\u00f3j w\u0142asny biznes, ale nie masz jasnej strategii? A mo\u017ce ju\u017c dzia\u0142asz, ale czujesz, \u017ce utkn\u0105\u0142e\u015b i nie wiesz, jak wej\u015b\u0107 na wy\u017cszy poziom zarobk\u00f3w? \u00a0 Je\u015bli tak \u2013 dobrze trafi\u0142e\u015b. [&hellip;]<\/p>","protected":false},"featured_media":22492,"comment_status":"open","ping_status":"closed","template":"","meta":[],"product_brand":[],"product_cat":[149],"product_tag":[],"class_list":{"0":"post-22474","1":"product","2":"type-product","3":"status-publish","4":"has-post-thumbnail","6":"product_cat-kursy-i-szkolenia","8":"first","9":"instock","10":"sale","11":"sold-individually","12":"shipping-taxable","13":"purchasable","14":"product-type-variable","15":"add-to-wishlist-after_add_to_cart"},"yoast_head":"<!-- This site is optimized with the Yoast SEO plugin v25.8 - https:\/\/yoast.com\/wordpress\/plugins\/seo\/ -->\n<title>Indywidualny Mentoring Biznesowy - Bartek Kruk<\/title>\n<meta name=\"robots\" content=\"index, follow, max-snippet:-1, max-image-preview:large, max-video-preview:-1\" \/>\n<link rel=\"canonical\" href=\"https:\/\/bartek-kruk.pl\/en\/product\/indywidualny-mentoring-biznesowy\/\" \/>\n<meta property=\"og:locale\" content=\"en_US\" \/>\n<meta property=\"og:type\" content=\"article\" \/>\n<meta property=\"og:title\" content=\"Indywidualny Mentoring Biznesowy - Bartek Kruk\" \/>\n<meta property=\"og:description\" content=\"Mentoring biznesowy dla trener\u00f3w \u2013 rozwijaj sw\u00f3j biznes i zacznij zarabia\u0107 wi\u0119cej! \u00a0 Jeste\u015b trenerem, ale nie wiesz, jak skutecznie pozyskiwa\u0107 klient\u00f3w? Chcesz prowadzi\u0107 sw\u00f3j w\u0142asny biznes, ale nie masz jasnej strategii? A mo\u017ce ju\u017c dzia\u0142asz, ale czujesz, \u017ce utkn\u0105\u0142e\u015b i nie wiesz, jak wej\u015b\u0107 na wy\u017cszy poziom zarobk\u00f3w? \u00a0 Je\u015bli tak \u2013 dobrze trafi\u0142e\u015b. [&hellip;]\" \/>\n<meta property=\"og:url\" content=\"https:\/\/bartek-kruk.pl\/en\/product\/indywidualny-mentoring-biznesowy\/\" \/>\n<meta property=\"og:site_name\" content=\"Bartek Kruk\" \/>\n<meta property=\"article:publisher\" content=\"https:\/\/www.facebook.com\/bartekkrukworkout\" \/>\n<meta property=\"article:modified_time\" content=\"2025-06-05T20:57:10+00:00\" \/>\n<meta property=\"og:image\" content=\"https:\/\/bartek-kruk.pl\/wp-content\/uploads\/2025\/03\/ChatGPT-Image-30-mar-2025-21_14_12.png\" \/>\n\t<meta property=\"og:image:width\" content=\"1024\" \/>\n\t<meta property=\"og:image:height\" content=\"1024\" \/>\n\t<meta property=\"og:image:type\" content=\"image\/png\" \/>\n<meta name=\"twitter:card\" content=\"summary_large_image\" \/>\n<meta name=\"twitter:label1\" content=\"Est. reading time\" \/>\n\t<meta name=\"twitter:data1\" content=\"2 minutes\" \/>\n<script type=\"application\/ld+json\" class=\"yoast-schema-graph\">{\"@context\":\"https:\/\/schema.org\",\"@graph\":[{\"@type\":\"WebPage\",\"@id\":\"https:\/\/bartek-kruk.pl\/product\/indywidualny-mentoring-biznesowy\/\",\"url\":\"https:\/\/bartek-kruk.pl\/product\/indywidualny-mentoring-biznesowy\/\",\"name\":\"Indywidualny Mentoring Biznesowy - Bartek Kruk\",\"isPartOf\":{\"@id\":\"https:\/\/bartek-kruk.pl\/#website\"},\"primaryImageOfPage\":{\"@id\":\"https:\/\/bartek-kruk.pl\/product\/indywidualny-mentoring-biznesowy\/#primaryimage\"},\"image\":{\"@id\":\"https:\/\/bartek-kruk.pl\/product\/indywidualny-mentoring-biznesowy\/#primaryimage\"},\"thumbnailUrl\":\"https:\/\/bartek-kruk.pl\/wp-content\/uploads\/2025\/03\/ChatGPT-Image-30-mar-2025-21_14_12.png\",\"datePublished\":\"2025-03-30T18:06:57+00:00\",\"dateModified\":\"2025-06-05T20:57:10+00:00\",\"breadcrumb\":{\"@id\":\"https:\/\/bartek-kruk.pl\/product\/indywidualny-mentoring-biznesowy\/#breadcrumb\"},\"inLanguage\":\"en-US\",\"potentialAction\":[{\"@type\":\"ReadAction\",\"target\":[\"https:\/\/bartek-kruk.pl\/product\/indywidualny-mentoring-biznesowy\/\"]}]},{\"@type\":\"ImageObject\",\"inLanguage\":\"en-US\",\"@id\":\"https:\/\/bartek-kruk.pl\/product\/indywidualny-mentoring-biznesowy\/#primaryimage\",\"url\":\"https:\/\/bartek-kruk.pl\/wp-content\/uploads\/2025\/03\/ChatGPT-Image-30-mar-2025-21_14_12.png\",\"contentUrl\":\"https:\/\/bartek-kruk.pl\/wp-content\/uploads\/2025\/03\/ChatGPT-Image-30-mar-2025-21_14_12.png\",\"width\":1024,\"height\":1024},{\"@type\":\"BreadcrumbList\",\"@id\":\"https:\/\/bartek-kruk.pl\/product\/indywidualny-mentoring-biznesowy\/#breadcrumb\",\"itemListElement\":[{\"@type\":\"ListItem\",\"position\":1,\"name\":\"Strona g\u0142\u00f3wna\",\"item\":\"https:\/\/bartek-kruk.pl\/\"},{\"@type\":\"ListItem\",\"position\":2,\"name\":\"Sklep\",\"item\":\"https:\/\/bartek-kruk.pl\/sklep\/\"},{\"@type\":\"ListItem\",\"position\":3,\"name\":\"Indywidualny Mentoring Biznesowy\"}]},{\"@type\":\"WebSite\",\"@id\":\"https:\/\/bartek-kruk.pl\/#website\",\"url\":\"https:\/\/bartek-kruk.pl\/\",\"name\":\"Bartek Kruk\",\"description\":\"Trening Personalny | Terapia | Szkolenia\",\"publisher\":{\"@id\":\"https:\/\/bartek-kruk.pl\/#\/schema\/person\/db8c951a4d31a75b256b28d668b4e18d\"},\"potentialAction\":[{\"@type\":\"SearchAction\",\"target\":{\"@type\":\"EntryPoint\",\"urlTemplate\":\"https:\/\/bartek-kruk.pl\/?s={search_term_string}\"},\"query-input\":{\"@type\":\"PropertyValueSpecification\",\"valueRequired\":true,\"valueName\":\"search_term_string\"}}],\"inLanguage\":\"en-US\"},{\"@type\":[\"Person\",\"Organization\"],\"@id\":\"https:\/\/bartek-kruk.pl\/#\/schema\/person\/db8c951a4d31a75b256b28d668b4e18d\",\"name\":\"Bartek Kruk\",\"image\":{\"@type\":\"ImageObject\",\"inLanguage\":\"en-US\",\"@id\":\"https:\/\/bartek-kruk.pl\/#\/schema\/person\/image\/\",\"url\":\"https:\/\/bartek-kruk.pl\/wp-content\/uploads\/2025\/07\/images.jpg\",\"contentUrl\":\"https:\/\/bartek-kruk.pl\/wp-content\/uploads\/2025\/07\/images.jpg\",\"width\":225,\"height\":225,\"caption\":\"Bartek Kruk\"},\"logo\":{\"@id\":\"https:\/\/bartek-kruk.pl\/#\/schema\/person\/image\/\"},\"sameAs\":[\"https:\/\/bartek-kruk.pl\",\"https:\/\/www.facebook.com\/bartekkrukworkout\",\"https:\/\/www.instagram.com\/bartekkruk_\/?hl=en\"]}]}<\/script>\n<!-- \/ Yoast SEO plugin. -->","yoast_head_json":{"title":"Indywidualny Mentoring Biznesowy - Bartek Kruk","robots":{"index":"index","follow":"follow","max-snippet":"max-snippet:-1","max-image-preview":"max-image-preview:large","max-video-preview":"max-video-preview:-1"},"canonical":"https:\/\/bartek-kruk.pl\/en\/product\/indywidualny-mentoring-biznesowy\/","og_locale":"en_US","og_type":"article","og_title":"Indywidualny Mentoring Biznesowy - Bartek Kruk","og_description":"Mentoring biznesowy dla trener\u00f3w \u2013 rozwijaj sw\u00f3j biznes i zacznij zarabia\u0107 wi\u0119cej! \u00a0 Jeste\u015b trenerem, ale nie wiesz, jak skutecznie pozyskiwa\u0107 klient\u00f3w? Chcesz prowadzi\u0107 sw\u00f3j w\u0142asny biznes, ale nie masz jasnej strategii? A mo\u017ce ju\u017c dzia\u0142asz, ale czujesz, \u017ce utkn\u0105\u0142e\u015b i nie wiesz, jak wej\u015b\u0107 na wy\u017cszy poziom zarobk\u00f3w? \u00a0 Je\u015bli tak \u2013 dobrze trafi\u0142e\u015b. [&hellip;]","og_url":"https:\/\/bartek-kruk.pl\/en\/product\/indywidualny-mentoring-biznesowy\/","og_site_name":"Bartek Kruk","article_publisher":"https:\/\/www.facebook.com\/bartekkrukworkout","article_modified_time":"2025-06-05T20:57:10+00:00","og_image":[{"width":1024,"height":1024,"url":"https:\/\/bartek-kruk.pl\/wp-content\/uploads\/2025\/03\/ChatGPT-Image-30-mar-2025-21_14_12.png","type":"image\/png"}],"twitter_card":"summary_large_image","twitter_misc":{"Est. reading time":"2 minutes"},"schema":{"@context":"https:\/\/schema.org","@graph":[{"@type":"WebPage","@id":"https:\/\/bartek-kruk.pl\/product\/indywidualny-mentoring-biznesowy\/","url":"https:\/\/bartek-kruk.pl\/product\/indywidualny-mentoring-biznesowy\/","name":"Indywidualny Mentoring Biznesowy - Bartek Kruk","isPartOf":{"@id":"https:\/\/bartek-kruk.pl\/#website"},"primaryImageOfPage":{"@id":"https:\/\/bartek-kruk.pl\/product\/indywidualny-mentoring-biznesowy\/#primaryimage"},"image":{"@id":"https:\/\/bartek-kruk.pl\/product\/indywidualny-mentoring-biznesowy\/#primaryimage"},"thumbnailUrl":"https:\/\/bartek-kruk.pl\/wp-content\/uploads\/2025\/03\/ChatGPT-Image-30-mar-2025-21_14_12.png","datePublished":"2025-03-30T18:06:57+00:00","dateModified":"2025-06-05T20:57:10+00:00","breadcrumb":{"@id":"https:\/\/bartek-kruk.pl\/product\/indywidualny-mentoring-biznesowy\/#breadcrumb"},"inLanguage":"en-US","potentialAction":[{"@type":"ReadAction","target":["https:\/\/bartek-kruk.pl\/product\/indywidualny-mentoring-biznesowy\/"]}]},{"@type":"ImageObject","inLanguage":"en-US","@id":"https:\/\/bartek-kruk.pl\/product\/indywidualny-mentoring-biznesowy\/#primaryimage","url":"https:\/\/bartek-kruk.pl\/wp-content\/uploads\/2025\/03\/ChatGPT-Image-30-mar-2025-21_14_12.png","contentUrl":"https:\/\/bartek-kruk.pl\/wp-content\/uploads\/2025\/03\/ChatGPT-Image-30-mar-2025-21_14_12.png","width":1024,"height":1024},{"@type":"BreadcrumbList","@id":"https:\/\/bartek-kruk.pl\/product\/indywidualny-mentoring-biznesowy\/#breadcrumb","itemListElement":[{"@type":"ListItem","position":1,"name":"Strona g\u0142\u00f3wna","item":"https:\/\/bartek-kruk.pl\/"},{"@type":"ListItem","position":2,"name":"Sklep","item":"https:\/\/bartek-kruk.pl\/sklep\/"},{"@type":"ListItem","position":3,"name":"Indywidualny Mentoring Biznesowy"}]},{"@type":"WebSite","@id":"https:\/\/bartek-kruk.pl\/#website","url":"https:\/\/bartek-kruk.pl\/","name":"Bartek Kruk","description":"Personal Training | Therapy | Training","publisher":{"@id":"https:\/\/bartek-kruk.pl\/#\/schema\/person\/db8c951a4d31a75b256b28d668b4e18d"},"potentialAction":[{"@type":"SearchAction","target":{"@type":"EntryPoint","urlTemplate":"https:\/\/bartek-kruk.pl\/?s={search_term_string}"},"query-input":{"@type":"PropertyValueSpecification","valueRequired":true,"valueName":"search_term_string"}}],"inLanguage":"en-US"},{"@type":["Person","Organization"],"@id":"https:\/\/bartek-kruk.pl\/#\/schema\/person\/db8c951a4d31a75b256b28d668b4e18d","name":"Bartek Kruk","image":{"@type":"ImageObject","inLanguage":"en-US","@id":"https:\/\/bartek-kruk.pl\/#\/schema\/person\/image\/","url":"https:\/\/bartek-kruk.pl\/wp-content\/uploads\/2025\/07\/images.jpg","contentUrl":"https:\/\/bartek-kruk.pl\/wp-content\/uploads\/2025\/07\/images.jpg","width":225,"height":225,"caption":"Bartek Kruk"},"logo":{"@id":"https:\/\/bartek-kruk.pl\/#\/schema\/person\/image\/"},"sameAs":["https:\/\/bartek-kruk.pl","https:\/\/www.facebook.com\/bartekkrukworkout","https:\/\/www.instagram.com\/bartekkruk_\/?hl=en"]}]}},"_links":{"self":[{"href":"https:\/\/bartek-kruk.pl\/en\/wp-json\/wp\/v2\/product\/22474","targetHints":{"allow":["GET"]}}],"collection":[{"href":"https:\/\/bartek-kruk.pl\/en\/wp-json\/wp\/v2\/product"}],"about":[{"href":"https:\/\/bartek-kruk.pl\/en\/wp-json\/wp\/v2\/types\/product"}],"replies":[{"embeddable":true,"href":"https:\/\/bartek-kruk.pl\/en\/wp-json\/wp\/v2\/comments?post=22474"}],"wp:featuredmedia":[{"embeddable":true,"href":"https:\/\/bartek-kruk.pl\/en\/wp-json\/wp\/v2\/media\/22492"}],"wp:attachment":[{"href":"https:\/\/bartek-kruk.pl\/en\/wp-json\/wp\/v2\/media?parent=22474"}],"wp:term":[{"taxonomy":"product_brand","embeddable":true,"href":"https:\/\/bartek-kruk.pl\/en\/wp-json\/wp\/v2\/product_brand?post=22474"},{"taxonomy":"product_cat","embeddable":true,"href":"https:\/\/bartek-kruk.pl\/en\/wp-json\/wp\/v2\/product_cat?post=22474"},{"taxonomy":"product_tag","embeddable":true,"href":"https:\/\/bartek-kruk.pl\/en\/wp-json\/wp\/v2\/product_tag?post=22474"}],"curies":[{"name":"wp","href":"https:\/\/api.w.org\/{rel}","templated":true}]}}