{"id":22478,"date":"2025-03-30T18:13:05","date_gmt":"2025-03-30T18:13:05","guid":{"rendered":"https:\/\/bartek-kruk.pl\/?post_type=product&#038;p=22478"},"modified":"2025-06-05T19:38:02","modified_gmt":"2025-06-05T19:38:02","slug":"indywidualny-mentoring-szkoleniowy","status":"publish","type":"product","link":"https:\/\/bartek-kruk.pl\/en\/product\/indywidualny-mentoring-szkoleniowy\/","title":{"rendered":"Individual Training Mentoring"},"content":{"rendered":"<ul>\n<li>Take your coaching and therapy skills to the next level! \ud83d\ude80 Accelerate development with 1:1 work.<\/li>\n<li>\ud83d\udcaa\u00a0<strong>Areas:<\/strong>\u00a0Calisthenics, personal training, medical training, manual and therapeutic techniques (P-DTR, trigger points, ANS, cupping, visceral, scars and others).<\/li>\n<li>\ud83c\udfaf\u00a0<strong>Advantage:<\/strong> 100% attention, tailored to your needs, faster progress than on courses<\/li>\n<\/ul>","protected":false},"excerpt":{"rendered":"<p>Podnie\u015b swoje umiej\u0119tno\u015bci trenerskie i terapeutyczne na wy\u017cszy poziom! \ud83d\ude80 Szybszy rozw\u00f3j dzi\u0119ki pracy 1:1. \ud83d\udcaa\u00a0Obszary:\u00a0Kalistenika, trening personalny, trening medyczny, techniki manualne i terapeutyczne (P-DTR, punkty spustowe, AUN, ba\u0144ki, wisceralna, blizny i inne). \ud83c\udfaf\u00a0Korzy\u015b\u0107: 100% uwagi, dopasowanie do Twoich potrzeb, szybszy progres ni\u017c na kursach<\/p>","protected":false},"featured_media":22500,"comment_status":"open","ping_status":"closed","template":"","meta":[],"product_brand":[],"product_cat":[149],"product_tag":[],"class_list":{"0":"post-22478","1":"product","2":"type-product","3":"status-publish","4":"has-post-thumbnail","6":"product_cat-kursy-i-szkolenia","8":"first","9":"instock","10":"sale","11":"sold-individually","12":"shipping-taxable","13":"purchasable","14":"product-type-variable","15":"add-to-wishlist-after_add_to_cart"},"yoast_head":"<!-- This site is optimized with the Yoast SEO plugin v25.8 - https:\/\/yoast.com\/wordpress\/plugins\/seo\/ -->\n<title>Indywidualny Mentoring Szkoleniowy - Bartek Kruk<\/title>\n<meta name=\"robots\" content=\"index, follow, max-snippet:-1, max-image-preview:large, max-video-preview:-1\" \/>\n<link rel=\"canonical\" href=\"https:\/\/bartek-kruk.pl\/en\/product\/indywidualny-mentoring-szkoleniowy\/\" \/>\n<meta property=\"og:locale\" content=\"en_US\" \/>\n<meta property=\"og:type\" content=\"article\" \/>\n<meta property=\"og:title\" content=\"Indywidualny Mentoring Szkoleniowy - Bartek Kruk\" \/>\n<meta property=\"og:description\" content=\"Podnie\u015b swoje umiej\u0119tno\u015bci trenerskie i terapeutyczne na wy\u017cszy poziom! \ud83d\ude80 Szybszy rozw\u00f3j dzi\u0119ki pracy 1:1. \ud83d\udcaa\u00a0Obszary:\u00a0Kalistenika, trening personalny, trening medyczny, techniki manualne i terapeutyczne (P-DTR, punkty spustowe, AUN, ba\u0144ki, wisceralna, blizny i inne). \ud83c\udfaf\u00a0Korzy\u015b\u0107: 100% uwagi, dopasowanie do Twoich potrzeb, szybszy progres ni\u017c na kursach\" \/>\n<meta property=\"og:url\" content=\"https:\/\/bartek-kruk.pl\/en\/product\/indywidualny-mentoring-szkoleniowy\/\" \/>\n<meta property=\"og:site_name\" content=\"Bartek Kruk\" \/>\n<meta property=\"article:publisher\" content=\"https:\/\/www.facebook.com\/bartekkrukworkout\" \/>\n<meta property=\"article:modified_time\" content=\"2025-06-05T19:38:02+00:00\" \/>\n<meta property=\"og:image\" content=\"https:\/\/bartek-kruk.pl\/wp-content\/uploads\/2025\/03\/ChatGPT-Image-30-mar-2025-21_28_22.png\" \/>\n\t<meta property=\"og:image:width\" content=\"1024\" \/>\n\t<meta property=\"og:image:height\" content=\"1024\" \/>\n\t<meta property=\"og:image:type\" content=\"image\/png\" \/>\n<meta name=\"twitter:card\" content=\"summary_large_image\" \/>\n<script type=\"application\/ld+json\" class=\"yoast-schema-graph\">{\"@context\":\"https:\/\/schema.org\",\"@graph\":[{\"@type\":\"WebPage\",\"@id\":\"https:\/\/bartek-kruk.pl\/product\/indywidualny-mentoring-szkoleniowy\/\",\"url\":\"https:\/\/bartek-kruk.pl\/product\/indywidualny-mentoring-szkoleniowy\/\",\"name\":\"Indywidualny Mentoring Szkoleniowy - Bartek Kruk\",\"isPartOf\":{\"@id\":\"https:\/\/bartek-kruk.pl\/#website\"},\"primaryImageOfPage\":{\"@id\":\"https:\/\/bartek-kruk.pl\/product\/indywidualny-mentoring-szkoleniowy\/#primaryimage\"},\"image\":{\"@id\":\"https:\/\/bartek-kruk.pl\/product\/indywidualny-mentoring-szkoleniowy\/#primaryimage\"},\"thumbnailUrl\":\"https:\/\/bartek-kruk.pl\/wp-content\/uploads\/2025\/03\/ChatGPT-Image-30-mar-2025-21_28_22.png\",\"datePublished\":\"2025-03-30T18:13:05+00:00\",\"dateModified\":\"2025-06-05T19:38:02+00:00\",\"breadcrumb\":{\"@id\":\"https:\/\/bartek-kruk.pl\/product\/indywidualny-mentoring-szkoleniowy\/#breadcrumb\"},\"inLanguage\":\"en-US\",\"potentialAction\":[{\"@type\":\"ReadAction\",\"target\":[\"https:\/\/bartek-kruk.pl\/product\/indywidualny-mentoring-szkoleniowy\/\"]}]},{\"@type\":\"ImageObject\",\"inLanguage\":\"en-US\",\"@id\":\"https:\/\/bartek-kruk.pl\/product\/indywidualny-mentoring-szkoleniowy\/#primaryimage\",\"url\":\"https:\/\/bartek-kruk.pl\/wp-content\/uploads\/2025\/03\/ChatGPT-Image-30-mar-2025-21_28_22.png\",\"contentUrl\":\"https:\/\/bartek-kruk.pl\/wp-content\/uploads\/2025\/03\/ChatGPT-Image-30-mar-2025-21_28_22.png\",\"width\":1024,\"height\":1024},{\"@type\":\"BreadcrumbList\",\"@id\":\"https:\/\/bartek-kruk.pl\/product\/indywidualny-mentoring-szkoleniowy\/#breadcrumb\",\"itemListElement\":[{\"@type\":\"ListItem\",\"position\":1,\"name\":\"Strona g\u0142\u00f3wna\",\"item\":\"https:\/\/bartek-kruk.pl\/\"},{\"@type\":\"ListItem\",\"position\":2,\"name\":\"Sklep\",\"item\":\"https:\/\/bartek-kruk.pl\/sklep\/\"},{\"@type\":\"ListItem\",\"position\":3,\"name\":\"Indywidualny Mentoring Szkoleniowy\"}]},{\"@type\":\"WebSite\",\"@id\":\"https:\/\/bartek-kruk.pl\/#website\",\"url\":\"https:\/\/bartek-kruk.pl\/\",\"name\":\"Bartek Kruk\",\"description\":\"Trening Personalny | Terapia | Szkolenia\",\"publisher\":{\"@id\":\"https:\/\/bartek-kruk.pl\/#\/schema\/person\/db8c951a4d31a75b256b28d668b4e18d\"},\"potentialAction\":[{\"@type\":\"SearchAction\",\"target\":{\"@type\":\"EntryPoint\",\"urlTemplate\":\"https:\/\/bartek-kruk.pl\/?s={search_term_string}\"},\"query-input\":{\"@type\":\"PropertyValueSpecification\",\"valueRequired\":true,\"valueName\":\"search_term_string\"}}],\"inLanguage\":\"en-US\"},{\"@type\":[\"Person\",\"Organization\"],\"@id\":\"https:\/\/bartek-kruk.pl\/#\/schema\/person\/db8c951a4d31a75b256b28d668b4e18d\",\"name\":\"Bartek Kruk\",\"image\":{\"@type\":\"ImageObject\",\"inLanguage\":\"en-US\",\"@id\":\"https:\/\/bartek-kruk.pl\/#\/schema\/person\/image\/\",\"url\":\"https:\/\/bartek-kruk.pl\/wp-content\/uploads\/2025\/07\/images.jpg\",\"contentUrl\":\"https:\/\/bartek-kruk.pl\/wp-content\/uploads\/2025\/07\/images.jpg\",\"width\":225,\"height\":225,\"caption\":\"Bartek Kruk\"},\"logo\":{\"@id\":\"https:\/\/bartek-kruk.pl\/#\/schema\/person\/image\/\"},\"sameAs\":[\"https:\/\/bartek-kruk.pl\",\"https:\/\/www.facebook.com\/bartekkrukworkout\",\"https:\/\/www.instagram.com\/bartekkruk_\/?hl=en\"]}]}<\/script>\n<!-- \/ Yoast SEO plugin. -->","yoast_head_json":{"title":"Indywidualny Mentoring Szkoleniowy - Bartek Kruk","robots":{"index":"index","follow":"follow","max-snippet":"max-snippet:-1","max-image-preview":"max-image-preview:large","max-video-preview":"max-video-preview:-1"},"canonical":"https:\/\/bartek-kruk.pl\/en\/product\/indywidualny-mentoring-szkoleniowy\/","og_locale":"en_US","og_type":"article","og_title":"Indywidualny Mentoring Szkoleniowy - Bartek Kruk","og_description":"Podnie\u015b swoje umiej\u0119tno\u015bci trenerskie i terapeutyczne na wy\u017cszy poziom! \ud83d\ude80 Szybszy rozw\u00f3j dzi\u0119ki pracy 1:1. \ud83d\udcaa\u00a0Obszary:\u00a0Kalistenika, trening personalny, trening medyczny, techniki manualne i terapeutyczne (P-DTR, punkty spustowe, AUN, ba\u0144ki, wisceralna, blizny i inne). \ud83c\udfaf\u00a0Korzy\u015b\u0107: 100% uwagi, dopasowanie do Twoich potrzeb, szybszy progres ni\u017c na kursach","og_url":"https:\/\/bartek-kruk.pl\/en\/product\/indywidualny-mentoring-szkoleniowy\/","og_site_name":"Bartek Kruk","article_publisher":"https:\/\/www.facebook.com\/bartekkrukworkout","article_modified_time":"2025-06-05T19:38:02+00:00","og_image":[{"width":1024,"height":1024,"url":"https:\/\/bartek-kruk.pl\/wp-content\/uploads\/2025\/03\/ChatGPT-Image-30-mar-2025-21_28_22.png","type":"image\/png"}],"twitter_card":"summary_large_image","schema":{"@context":"https:\/\/schema.org","@graph":[{"@type":"WebPage","@id":"https:\/\/bartek-kruk.pl\/product\/indywidualny-mentoring-szkoleniowy\/","url":"https:\/\/bartek-kruk.pl\/product\/indywidualny-mentoring-szkoleniowy\/","name":"Indywidualny Mentoring Szkoleniowy - Bartek Kruk","isPartOf":{"@id":"https:\/\/bartek-kruk.pl\/#website"},"primaryImageOfPage":{"@id":"https:\/\/bartek-kruk.pl\/product\/indywidualny-mentoring-szkoleniowy\/#primaryimage"},"image":{"@id":"https:\/\/bartek-kruk.pl\/product\/indywidualny-mentoring-szkoleniowy\/#primaryimage"},"thumbnailUrl":"https:\/\/bartek-kruk.pl\/wp-content\/uploads\/2025\/03\/ChatGPT-Image-30-mar-2025-21_28_22.png","datePublished":"2025-03-30T18:13:05+00:00","dateModified":"2025-06-05T19:38:02+00:00","breadcrumb":{"@id":"https:\/\/bartek-kruk.pl\/product\/indywidualny-mentoring-szkoleniowy\/#breadcrumb"},"inLanguage":"en-US","potentialAction":[{"@type":"ReadAction","target":["https:\/\/bartek-kruk.pl\/product\/indywidualny-mentoring-szkoleniowy\/"]}]},{"@type":"ImageObject","inLanguage":"en-US","@id":"https:\/\/bartek-kruk.pl\/product\/indywidualny-mentoring-szkoleniowy\/#primaryimage","url":"https:\/\/bartek-kruk.pl\/wp-content\/uploads\/2025\/03\/ChatGPT-Image-30-mar-2025-21_28_22.png","contentUrl":"https:\/\/bartek-kruk.pl\/wp-content\/uploads\/2025\/03\/ChatGPT-Image-30-mar-2025-21_28_22.png","width":1024,"height":1024},{"@type":"BreadcrumbList","@id":"https:\/\/bartek-kruk.pl\/product\/indywidualny-mentoring-szkoleniowy\/#breadcrumb","itemListElement":[{"@type":"ListItem","position":1,"name":"Strona g\u0142\u00f3wna","item":"https:\/\/bartek-kruk.pl\/"},{"@type":"ListItem","position":2,"name":"Sklep","item":"https:\/\/bartek-kruk.pl\/sklep\/"},{"@type":"ListItem","position":3,"name":"Indywidualny Mentoring Szkoleniowy"}]},{"@type":"WebSite","@id":"https:\/\/bartek-kruk.pl\/#website","url":"https:\/\/bartek-kruk.pl\/","name":"Bartek Kruk","description":"Personal Training | Therapy | Training","publisher":{"@id":"https:\/\/bartek-kruk.pl\/#\/schema\/person\/db8c951a4d31a75b256b28d668b4e18d"},"potentialAction":[{"@type":"SearchAction","target":{"@type":"EntryPoint","urlTemplate":"https:\/\/bartek-kruk.pl\/?s={search_term_string}"},"query-input":{"@type":"PropertyValueSpecification","valueRequired":true,"valueName":"search_term_string"}}],"inLanguage":"en-US"},{"@type":["Person","Organization"],"@id":"https:\/\/bartek-kruk.pl\/#\/schema\/person\/db8c951a4d31a75b256b28d668b4e18d","name":"Bartek Kruk","image":{"@type":"ImageObject","inLanguage":"en-US","@id":"https:\/\/bartek-kruk.pl\/#\/schema\/person\/image\/","url":"https:\/\/bartek-kruk.pl\/wp-content\/uploads\/2025\/07\/images.jpg","contentUrl":"https:\/\/bartek-kruk.pl\/wp-content\/uploads\/2025\/07\/images.jpg","width":225,"height":225,"caption":"Bartek Kruk"},"logo":{"@id":"https:\/\/bartek-kruk.pl\/#\/schema\/person\/image\/"},"sameAs":["https:\/\/bartek-kruk.pl","https:\/\/www.facebook.com\/bartekkrukworkout","https:\/\/www.instagram.com\/bartekkruk_\/?hl=en"]}]}},"_links":{"self":[{"href":"https:\/\/bartek-kruk.pl\/en\/wp-json\/wp\/v2\/product\/22478","targetHints":{"allow":["GET"]}}],"collection":[{"href":"https:\/\/bartek-kruk.pl\/en\/wp-json\/wp\/v2\/product"}],"about":[{"href":"https:\/\/bartek-kruk.pl\/en\/wp-json\/wp\/v2\/types\/product"}],"replies":[{"embeddable":true,"href":"https:\/\/bartek-kruk.pl\/en\/wp-json\/wp\/v2\/comments?post=22478"}],"wp:featuredmedia":[{"embeddable":true,"href":"https:\/\/bartek-kruk.pl\/en\/wp-json\/wp\/v2\/media\/22500"}],"wp:attachment":[{"href":"https:\/\/bartek-kruk.pl\/en\/wp-json\/wp\/v2\/media?parent=22478"}],"wp:term":[{"taxonomy":"product_brand","embeddable":true,"href":"https:\/\/bartek-kruk.pl\/en\/wp-json\/wp\/v2\/product_brand?post=22478"},{"taxonomy":"product_cat","embeddable":true,"href":"https:\/\/bartek-kruk.pl\/en\/wp-json\/wp\/v2\/product_cat?post=22478"},{"taxonomy":"product_tag","embeddable":true,"href":"https:\/\/bartek-kruk.pl\/en\/wp-json\/wp\/v2\/product_tag?post=22478"}],"curies":[{"name":"wp","href":"https:\/\/api.w.org\/{rel}","templated":true}]}}