{"id":22776,"date":"2025-06-05T18:41:10","date_gmt":"2025-06-05T18:41:10","guid":{"rendered":"https:\/\/bartek-kruk.pl\/?post_type=product&#038;p=22776"},"modified":"2025-06-09T00:26:33","modified_gmt":"2025-06-09T00:26:33","slug":"fundamenty-street-workout-ebook","status":"publish","type":"product","link":"https:\/\/bartek-kruk.pl\/en\/product\/fundamenty-street-workout-ebook\/","title":{"rendered":"Street Workout Foundations \u2013 ebook"},"content":{"rendered":"<p>\ud83c\udf1f STREET WORKOUT FUNDAMENTALS \u2013 KNOWLEDGE FROM THE BASICS \ud83d\udcaa<\/p>\n<p>New e-book from Bartek Kruk and Konrad Figel!<\/p>\n<p>Are you interested in calisthenics or street workout? Or perhaps you&#039;re just starting out and unsure where to start? This e-book is your roadmap into the world of bodyweight training. 68 pages of specifics, content, graphics, exercises, and practical knowledge\u2014from the absolute basics to advanced nuances.<\/p>\n<p>What will you find inside?<br \/>\n\ud83d\udccc Differences between calisthenics and street workout<br \/>\n\ud83d\udccc Basic movement patterns and functional tests<br \/>\n\ud83d\udccc Characteristics of the three main categories: freestyle, sets&amp;reps, street lifting<br \/>\n\ud83d\udccc How to program your training and minimize the risk of injury<br \/>\n\ud83d\udccc The foundations of health and a long-term approach to sport<br \/>\n\ud83d\udccc Extras in the form of graphics, illustrations, links to video guides<\/p>\n<p>It&#039;s not just theory \u2013 it&#039;s a complete guide that will work for you:<br \/>\n\ud83d\udd25 for total beginners<br \/>\n\ud83d\udd25 for intermediate level learners who want to organize their knowledge<br \/>\n\ud83d\udd25 for players and coaches who want to have solid foundations for their players<\/p>\n<p>If you want to develop consciously, train smarter, not just harder, this e-book is for you. \ud83d\udcd8 &quot;Street Workout Foundations. Knowledge from the Ground Up&quot; \u2013 go for more than just training. Build your foundation.<\/p>","protected":false},"excerpt":{"rendered":"<p>\ud83c\udf1f FUNDAMENTY STREET WORKOUT \u2013 WIEDZA OD PODSTAW \ud83d\udcaa Nowy e-book od Bartka Kruka i Konrada Figla! Masz zajawk\u0119 na kalistenik\u0119 lub street workout? A mo\u017ce dopiero zaczynasz i nie wiesz, od czego ruszy\u0107? Ten e-book to Twoja mapa drogowa w \u015bwiecie treningu z mas\u0105 cia\u0142a. 68 stron konkret\u00f3w, merytoryki, grafik, \u0107wicze\u0144 i wiedzy praktycznej [&hellip;]<\/p>","protected":false},"featured_media":22827,"comment_status":"open","ping_status":"closed","template":"","meta":[],"product_brand":[],"product_cat":[174],"product_tag":[],"class_list":{"0":"post-22776","1":"product","2":"type-product","3":"status-publish","4":"has-post-thumbnail","6":"product_cat-e-booki","8":"first","9":"instock","10":"sale","11":"downloadable","12":"virtual","13":"purchasable","14":"product-type-simple","15":"add-to-wishlist-after_add_to_cart"},"yoast_head":"<!-- This site is optimized with the Yoast SEO plugin v25.8 - https:\/\/yoast.com\/wordpress\/plugins\/seo\/ -->\n<title>Fundamenty Street Workout - ebook - Bartek Kruk<\/title>\n<meta name=\"robots\" content=\"index, follow, max-snippet:-1, max-image-preview:large, max-video-preview:-1\" \/>\n<link rel=\"canonical\" href=\"https:\/\/bartek-kruk.pl\/en\/product\/fundamenty-street-workout-ebook\/\" \/>\n<meta property=\"og:locale\" content=\"en_US\" \/>\n<meta property=\"og:type\" content=\"article\" \/>\n<meta property=\"og:title\" content=\"Fundamenty Street Workout - ebook - Bartek Kruk\" \/>\n<meta property=\"og:description\" content=\"\ud83c\udf1f FUNDAMENTY STREET WORKOUT \u2013 WIEDZA OD PODSTAW \ud83d\udcaa Nowy e-book od Bartka Kruka i Konrada Figla! Masz zajawk\u0119 na kalistenik\u0119 lub street workout? A mo\u017ce dopiero zaczynasz i nie wiesz, od czego ruszy\u0107? Ten e-book to Twoja mapa drogowa w \u015bwiecie treningu z mas\u0105 cia\u0142a. 68 stron konkret\u00f3w, merytoryki, grafik, \u0107wicze\u0144 i wiedzy praktycznej [&hellip;]\" \/>\n<meta property=\"og:url\" content=\"https:\/\/bartek-kruk.pl\/en\/product\/fundamenty-street-workout-ebook\/\" \/>\n<meta property=\"og:site_name\" content=\"Bartek Kruk\" \/>\n<meta property=\"article:publisher\" content=\"https:\/\/www.facebook.com\/bartekkrukworkout\" \/>\n<meta property=\"article:modified_time\" content=\"2025-06-09T00:26:33+00:00\" \/>\n<meta property=\"og:image\" content=\"https:\/\/bartek-kruk.pl\/wp-content\/uploads\/2025\/06\/IMG_2393.jpeg\" \/>\n\t<meta property=\"og:image:width\" content=\"1251\" \/>\n\t<meta property=\"og:image:height\" content=\"1972\" \/>\n\t<meta property=\"og:image:type\" content=\"image\/jpeg\" \/>\n<meta name=\"twitter:card\" content=\"summary_large_image\" \/>\n<meta name=\"twitter:label1\" content=\"Est. reading time\" \/>\n\t<meta name=\"twitter:data1\" content=\"1 minute\" \/>\n<script type=\"application\/ld+json\" class=\"yoast-schema-graph\">{\"@context\":\"https:\/\/schema.org\",\"@graph\":[{\"@type\":\"WebPage\",\"@id\":\"https:\/\/bartek-kruk.pl\/product\/fundamenty-street-workout-ebook\/\",\"url\":\"https:\/\/bartek-kruk.pl\/product\/fundamenty-street-workout-ebook\/\",\"name\":\"Fundamenty Street Workout - ebook - Bartek Kruk\",\"isPartOf\":{\"@id\":\"https:\/\/bartek-kruk.pl\/#website\"},\"primaryImageOfPage\":{\"@id\":\"https:\/\/bartek-kruk.pl\/product\/fundamenty-street-workout-ebook\/#primaryimage\"},\"image\":{\"@id\":\"https:\/\/bartek-kruk.pl\/product\/fundamenty-street-workout-ebook\/#primaryimage\"},\"thumbnailUrl\":\"https:\/\/bartek-kruk.pl\/wp-content\/uploads\/2025\/06\/IMG_2393.jpeg\",\"datePublished\":\"2025-06-05T18:41:10+00:00\",\"dateModified\":\"2025-06-09T00:26:33+00:00\",\"breadcrumb\":{\"@id\":\"https:\/\/bartek-kruk.pl\/product\/fundamenty-street-workout-ebook\/#breadcrumb\"},\"inLanguage\":\"en-US\",\"potentialAction\":[{\"@type\":\"ReadAction\",\"target\":[\"https:\/\/bartek-kruk.pl\/product\/fundamenty-street-workout-ebook\/\"]}]},{\"@type\":\"ImageObject\",\"inLanguage\":\"en-US\",\"@id\":\"https:\/\/bartek-kruk.pl\/product\/fundamenty-street-workout-ebook\/#primaryimage\",\"url\":\"https:\/\/bartek-kruk.pl\/wp-content\/uploads\/2025\/06\/IMG_2393.jpeg\",\"contentUrl\":\"https:\/\/bartek-kruk.pl\/wp-content\/uploads\/2025\/06\/IMG_2393.jpeg\",\"width\":1251,\"height\":1972,\"caption\":\"Screenshot\"},{\"@type\":\"BreadcrumbList\",\"@id\":\"https:\/\/bartek-kruk.pl\/product\/fundamenty-street-workout-ebook\/#breadcrumb\",\"itemListElement\":[{\"@type\":\"ListItem\",\"position\":1,\"name\":\"Strona g\u0142\u00f3wna\",\"item\":\"https:\/\/bartek-kruk.pl\/\"},{\"@type\":\"ListItem\",\"position\":2,\"name\":\"Sklep\",\"item\":\"https:\/\/bartek-kruk.pl\/sklep\/\"},{\"@type\":\"ListItem\",\"position\":3,\"name\":\"Fundamenty Street Workout &#8211; ebook\"}]},{\"@type\":\"WebSite\",\"@id\":\"https:\/\/bartek-kruk.pl\/#website\",\"url\":\"https:\/\/bartek-kruk.pl\/\",\"name\":\"Bartek Kruk\",\"description\":\"Trening Personalny | Terapia | Szkolenia\",\"publisher\":{\"@id\":\"https:\/\/bartek-kruk.pl\/#\/schema\/person\/db8c951a4d31a75b256b28d668b4e18d\"},\"potentialAction\":[{\"@type\":\"SearchAction\",\"target\":{\"@type\":\"EntryPoint\",\"urlTemplate\":\"https:\/\/bartek-kruk.pl\/?s={search_term_string}\"},\"query-input\":{\"@type\":\"PropertyValueSpecification\",\"valueRequired\":true,\"valueName\":\"search_term_string\"}}],\"inLanguage\":\"en-US\"},{\"@type\":[\"Person\",\"Organization\"],\"@id\":\"https:\/\/bartek-kruk.pl\/#\/schema\/person\/db8c951a4d31a75b256b28d668b4e18d\",\"name\":\"Bartek Kruk\",\"image\":{\"@type\":\"ImageObject\",\"inLanguage\":\"en-US\",\"@id\":\"https:\/\/bartek-kruk.pl\/#\/schema\/person\/image\/\",\"url\":\"https:\/\/bartek-kruk.pl\/wp-content\/uploads\/2025\/07\/images.jpg\",\"contentUrl\":\"https:\/\/bartek-kruk.pl\/wp-content\/uploads\/2025\/07\/images.jpg\",\"width\":225,\"height\":225,\"caption\":\"Bartek Kruk\"},\"logo\":{\"@id\":\"https:\/\/bartek-kruk.pl\/#\/schema\/person\/image\/\"},\"sameAs\":[\"https:\/\/bartek-kruk.pl\",\"https:\/\/www.facebook.com\/bartekkrukworkout\",\"https:\/\/www.instagram.com\/bartekkruk_\/?hl=en\"]}]}<\/script>\n<!-- \/ Yoast SEO plugin. -->","yoast_head_json":{"title":"Fundamenty Street Workout - ebook - Bartek Kruk","robots":{"index":"index","follow":"follow","max-snippet":"max-snippet:-1","max-image-preview":"max-image-preview:large","max-video-preview":"max-video-preview:-1"},"canonical":"https:\/\/bartek-kruk.pl\/en\/product\/fundamenty-street-workout-ebook\/","og_locale":"en_US","og_type":"article","og_title":"Fundamenty Street Workout - ebook - Bartek Kruk","og_description":"\ud83c\udf1f FUNDAMENTY STREET WORKOUT \u2013 WIEDZA OD PODSTAW \ud83d\udcaa Nowy e-book od Bartka Kruka i Konrada Figla! Masz zajawk\u0119 na kalistenik\u0119 lub street workout? A mo\u017ce dopiero zaczynasz i nie wiesz, od czego ruszy\u0107? Ten e-book to Twoja mapa drogowa w \u015bwiecie treningu z mas\u0105 cia\u0142a. 68 stron konkret\u00f3w, merytoryki, grafik, \u0107wicze\u0144 i wiedzy praktycznej [&hellip;]","og_url":"https:\/\/bartek-kruk.pl\/en\/product\/fundamenty-street-workout-ebook\/","og_site_name":"Bartek Kruk","article_publisher":"https:\/\/www.facebook.com\/bartekkrukworkout","article_modified_time":"2025-06-09T00:26:33+00:00","og_image":[{"width":1251,"height":1972,"url":"https:\/\/bartek-kruk.pl\/wp-content\/uploads\/2025\/06\/IMG_2393.jpeg","type":"image\/jpeg"}],"twitter_card":"summary_large_image","twitter_misc":{"Est. reading time":"1 minute"},"schema":{"@context":"https:\/\/schema.org","@graph":[{"@type":"WebPage","@id":"https:\/\/bartek-kruk.pl\/product\/fundamenty-street-workout-ebook\/","url":"https:\/\/bartek-kruk.pl\/product\/fundamenty-street-workout-ebook\/","name":"Fundamenty Street Workout - ebook - Bartek Kruk","isPartOf":{"@id":"https:\/\/bartek-kruk.pl\/#website"},"primaryImageOfPage":{"@id":"https:\/\/bartek-kruk.pl\/product\/fundamenty-street-workout-ebook\/#primaryimage"},"image":{"@id":"https:\/\/bartek-kruk.pl\/product\/fundamenty-street-workout-ebook\/#primaryimage"},"thumbnailUrl":"https:\/\/bartek-kruk.pl\/wp-content\/uploads\/2025\/06\/IMG_2393.jpeg","datePublished":"2025-06-05T18:41:10+00:00","dateModified":"2025-06-09T00:26:33+00:00","breadcrumb":{"@id":"https:\/\/bartek-kruk.pl\/product\/fundamenty-street-workout-ebook\/#breadcrumb"},"inLanguage":"en-US","potentialAction":[{"@type":"ReadAction","target":["https:\/\/bartek-kruk.pl\/product\/fundamenty-street-workout-ebook\/"]}]},{"@type":"ImageObject","inLanguage":"en-US","@id":"https:\/\/bartek-kruk.pl\/product\/fundamenty-street-workout-ebook\/#primaryimage","url":"https:\/\/bartek-kruk.pl\/wp-content\/uploads\/2025\/06\/IMG_2393.jpeg","contentUrl":"https:\/\/bartek-kruk.pl\/wp-content\/uploads\/2025\/06\/IMG_2393.jpeg","width":1251,"height":1972,"caption":"Screenshot"},{"@type":"BreadcrumbList","@id":"https:\/\/bartek-kruk.pl\/product\/fundamenty-street-workout-ebook\/#breadcrumb","itemListElement":[{"@type":"ListItem","position":1,"name":"Strona g\u0142\u00f3wna","item":"https:\/\/bartek-kruk.pl\/"},{"@type":"ListItem","position":2,"name":"Sklep","item":"https:\/\/bartek-kruk.pl\/sklep\/"},{"@type":"ListItem","position":3,"name":"Fundamenty Street Workout &#8211; ebook"}]},{"@type":"WebSite","@id":"https:\/\/bartek-kruk.pl\/#website","url":"https:\/\/bartek-kruk.pl\/","name":"Bartek Kruk","description":"Personal Training | Therapy | Training","publisher":{"@id":"https:\/\/bartek-kruk.pl\/#\/schema\/person\/db8c951a4d31a75b256b28d668b4e18d"},"potentialAction":[{"@type":"SearchAction","target":{"@type":"EntryPoint","urlTemplate":"https:\/\/bartek-kruk.pl\/?s={search_term_string}"},"query-input":{"@type":"PropertyValueSpecification","valueRequired":true,"valueName":"search_term_string"}}],"inLanguage":"en-US"},{"@type":["Person","Organization"],"@id":"https:\/\/bartek-kruk.pl\/#\/schema\/person\/db8c951a4d31a75b256b28d668b4e18d","name":"Bartek Kruk","image":{"@type":"ImageObject","inLanguage":"en-US","@id":"https:\/\/bartek-kruk.pl\/#\/schema\/person\/image\/","url":"https:\/\/bartek-kruk.pl\/wp-content\/uploads\/2025\/07\/images.jpg","contentUrl":"https:\/\/bartek-kruk.pl\/wp-content\/uploads\/2025\/07\/images.jpg","width":225,"height":225,"caption":"Bartek Kruk"},"logo":{"@id":"https:\/\/bartek-kruk.pl\/#\/schema\/person\/image\/"},"sameAs":["https:\/\/bartek-kruk.pl","https:\/\/www.facebook.com\/bartekkrukworkout","https:\/\/www.instagram.com\/bartekkruk_\/?hl=en"]}]}},"_links":{"self":[{"href":"https:\/\/bartek-kruk.pl\/en\/wp-json\/wp\/v2\/product\/22776","targetHints":{"allow":["GET"]}}],"collection":[{"href":"https:\/\/bartek-kruk.pl\/en\/wp-json\/wp\/v2\/product"}],"about":[{"href":"https:\/\/bartek-kruk.pl\/en\/wp-json\/wp\/v2\/types\/product"}],"replies":[{"embeddable":true,"href":"https:\/\/bartek-kruk.pl\/en\/wp-json\/wp\/v2\/comments?post=22776"}],"wp:featuredmedia":[{"embeddable":true,"href":"https:\/\/bartek-kruk.pl\/en\/wp-json\/wp\/v2\/media\/22827"}],"wp:attachment":[{"href":"https:\/\/bartek-kruk.pl\/en\/wp-json\/wp\/v2\/media?parent=22776"}],"wp:term":[{"taxonomy":"product_brand","embeddable":true,"href":"https:\/\/bartek-kruk.pl\/en\/wp-json\/wp\/v2\/product_brand?post=22776"},{"taxonomy":"product_cat","embeddable":true,"href":"https:\/\/bartek-kruk.pl\/en\/wp-json\/wp\/v2\/product_cat?post=22776"},{"taxonomy":"product_tag","embeddable":true,"href":"https:\/\/bartek-kruk.pl\/en\/wp-json\/wp\/v2\/product_tag?post=22776"}],"curies":[{"name":"wp","href":"https:\/\/api.w.org\/{rel}","templated":true}]}}