{"id":22907,"date":"2025-06-24T19:34:36","date_gmt":"2025-06-24T19:34:36","guid":{"rendered":"https:\/\/bartek-kruk.pl\/?post_type=product&#038;p=22907"},"modified":"2025-06-24T19:35:53","modified_gmt":"2025-06-24T19:35:53","slug":"czapka-street-workout","status":"publish","type":"product","link":"https:\/\/bartek-kruk.pl\/en\/product\/czapka-street-workout\/","title":{"rendered":"Street Workout Cap"},"content":{"rendered":"<p>STREET WORKOUT cap \u2013 classic full cap with embroidery\u00a0<img decoding=\"async\" class=\"an1\" draggable=\"false\" src=\"https:\/\/fonts.gstatic.com\/s\/e\/notoemoji\/16.0\/1f9e2\/32.png\" alt=\"\ud83e\udde2\" data-emoji=\"\ud83e\udde2\" aria-label=\"\ud83e\udde2\" \/><img decoding=\"async\" class=\"an1\" draggable=\"false\" src=\"https:\/\/fonts.gstatic.com\/s\/e\/notoemoji\/16.0\/1f525\/32.png\" alt=\"\ud83d\udd25\" data-emoji=\"\ud83d\udd25\" aria-label=\"\ud83d\udd25\" \/><\/p>\n<p>Minimalist form, strong message.<\/p>\n<p dir=\"auto\"><img decoding=\"async\" class=\"an1\" draggable=\"false\" src=\"https:\/\/fonts.gstatic.com\/s\/e\/notoemoji\/16.0\/2705\/32.png\" alt=\"\u2705\" data-emoji=\"\u2705\" aria-label=\"\u2705\" \/>\u00a0The black full cap with white embroidered STREET WORKOUT lettering is more than just an accessory to your style.<\/p>\n<p><img decoding=\"async\" class=\"an1\" draggable=\"false\" src=\"https:\/\/fonts.gstatic.com\/s\/e\/notoemoji\/16.0\/2714_fe0f\/32.png\" alt=\"\u2714\ufe0f\" data-emoji=\"\u2714\ufe0f\" aria-label=\"\u2714\ufe0f\" \/>\u00a0Perfect for everyday use \u2013 especially on warmer days\u00a0<img decoding=\"async\" class=\"an1\" draggable=\"false\" src=\"https:\/\/fonts.gstatic.com\/s\/e\/notoemoji\/16.0\/1f31e\/32.png\" alt=\"\ud83c\udf1e\" data-emoji=\"\ud83c\udf1e\" aria-label=\"\ud83c\udf1e\" \/><\/p>\n<p><img decoding=\"async\" class=\"an1\" draggable=\"false\" src=\"https:\/\/fonts.gstatic.com\/s\/e\/notoemoji\/16.0\/2714_fe0f\/32.png\" alt=\"\u2714\ufe0f\" data-emoji=\"\u2714\ufe0f\" aria-label=\"\u2714\ufe0f\" \/>\u00a0Light material that fits well and doesn&#039;t heat up your head<\/p>\n<p><img decoding=\"async\" class=\"an1\" draggable=\"false\" src=\"https:\/\/fonts.gstatic.com\/s\/e\/notoemoji\/16.0\/2714_fe0f\/32.png\" alt=\"\u2714\ufe0f\" data-emoji=\"\u2714\ufe0f\" aria-label=\"\u2714\ufe0f\" \/>\u00a0Embroidery instead of printing \u2013 durable, clear, solid\u00a0<img decoding=\"async\" class=\"an1\" draggable=\"false\" src=\"https:\/\/fonts.gstatic.com\/s\/e\/notoemoji\/16.0\/1f9f5\/32.png\" alt=\"\ud83e\uddf5\" data-emoji=\"\ud83e\uddf5\" aria-label=\"\ud83e\uddf5\" \/><\/p>\n<p><img decoding=\"async\" class=\"an1\" draggable=\"false\" src=\"https:\/\/fonts.gstatic.com\/s\/e\/notoemoji\/16.0\/2714_fe0f\/32.png\" alt=\"\u2714\ufe0f\" data-emoji=\"\u2714\ufe0f\" aria-label=\"\u2714\ufe0f\" \/>\u00a0It suits every style \u2013 for training, the city, the park\u00a0<img decoding=\"async\" class=\"an1\" draggable=\"false\" src=\"https:\/\/fonts.gstatic.com\/s\/e\/notoemoji\/16.0\/1f3d9_fe0f\/32.png\" alt=\"\ud83c\udfd9\ufe0f\" data-emoji=\"\ud83c\udfd9\ufe0f\" aria-label=\"\ud83c\udfd9\ufe0f\" \/><img decoding=\"async\" class=\"an1\" draggable=\"false\" src=\"https:\/\/fonts.gstatic.com\/s\/e\/notoemoji\/16.0\/1f3cb_fe0f_200d_2642_fe0f\/32.png\" alt=\"\ud83c\udfcb\ufe0f\u200d\u2642\ufe0f\" data-emoji=\"\ud83c\udfcb\ufe0f\u200d\u2642\ufe0f\" aria-label=\"\ud83c\udfcb\ufe0f\u200d\u2642\ufe0f\" \/><\/p>\n<p dir=\"auto\">This is a hat for those who know what progress, regularity and passion are.\u00a0<img decoding=\"async\" class=\"an1\" draggable=\"false\" src=\"https:\/\/fonts.gstatic.com\/s\/e\/notoemoji\/16.0\/1f938_200d_2642_fe0f\/32.png\" alt=\"\ud83e\udd38\u200d\u2642\ufe0f\" data-emoji=\"\ud83e\udd38\u200d\u2642\ufe0f\" aria-label=\"\ud83e\udd38\u200d\u2642\ufe0f\" \/><\/p>\n<p dir=\"auto\">The inscription on the front means you don&#039;t have to say anything more - anyone who knows the topic will understand it immediately\u00a0<img decoding=\"async\" class=\"an1\" draggable=\"false\" src=\"https:\/\/fonts.gstatic.com\/s\/e\/notoemoji\/16.0\/1f60e\/32.png\" alt=\"\ud83d\ude0e\" data-emoji=\"\ud83d\ude0e\" aria-label=\"\ud83d\ude0e\" \/><\/p>\n<p dir=\"auto\">People who pass you on the street, in the park, or at a sports event will see STREET WORKOUT and know who they&#039;re dealing with. The hat becomes a distinctive symbol, and that&#039;s what makes it unique.\u00a0<img decoding=\"async\" class=\"an1\" draggable=\"false\" src=\"https:\/\/fonts.gstatic.com\/s\/e\/notoemoji\/16.0\/1f4aa\/32.png\" alt=\"\ud83d\udcaa\" data-emoji=\"\ud83d\udcaa\" aria-label=\"\ud83d\udcaa\" \/><\/p>\n<p>If street workout is more than just training for you,<\/p>\n<p dir=\"auto\">this hat will be exactly where it should be \u2013 on your head\u00a0<img decoding=\"async\" class=\"an1\" draggable=\"false\" src=\"https:\/\/fonts.gstatic.com\/s\/e\/notoemoji\/16.0\/1f4aa\/32.png\" alt=\"\ud83d\udcaa\" data-emoji=\"\ud83d\udcaa\" aria-label=\"\ud83d\udcaa\" \/><img decoding=\"async\" class=\"an1\" draggable=\"false\" src=\"https:\/\/fonts.gstatic.com\/s\/e\/notoemoji\/16.0\/1f9e2\/32.png\" alt=\"\ud83e\udde2\" data-emoji=\"\ud83e\udde2\" aria-label=\"\ud83e\udde2\" \/><\/p>","protected":false},"excerpt":{"rendered":"<p>Czapka STREET WORKOUT \u2013 klasyczny full cap z haftem\u00a0 Minimalistyczna forma, mocny przekaz. \u00a0Czarna czapka full cap z bia\u0142ym, haftowanym napisem STREET WORKOUT to co\u015b wi\u0119cej ni\u017c tylko dodatek do styl\u00f3wki. \u00a0Idealna na co dzie\u0144 \u2013 zw\u0142aszcza w cieplejsze dni\u00a0 \u00a0Lekki materia\u0142, kt\u00f3ry dobrze le\u017cy i nie grzeje g\u0142owy \u00a0Haft zamiast nadruku \u2013 trwa\u0142y, wyra\u017any, [&hellip;]<\/p>","protected":false},"featured_media":22911,"comment_status":"open","ping_status":"closed","template":"","meta":[],"product_brand":[],"product_cat":[175,144,145],"product_tag":[],"class_list":{"0":"post-22907","1":"product","2":"type-product","3":"status-publish","4":"has-post-thumbnail","6":"product_cat-czapki","7":"product_cat-sklep","8":"product_cat-odziez-sportowa","10":"first","11":"instock","12":"sale","13":"shipping-taxable","14":"purchasable","15":"product-type-simple","16":"add-to-wishlist-after_add_to_cart"},"yoast_head":"<!-- This site is optimized with the Yoast SEO plugin v25.8 - https:\/\/yoast.com\/wordpress\/plugins\/seo\/ -->\n<title>Czapka \u201eStreet Workout\u201d - Bartek Kruk<\/title>\n<meta name=\"robots\" content=\"index, follow, max-snippet:-1, max-image-preview:large, max-video-preview:-1\" \/>\n<link rel=\"canonical\" href=\"https:\/\/bartek-kruk.pl\/en\/product\/czapka-street-workout\/\" \/>\n<meta property=\"og:locale\" content=\"en_US\" \/>\n<meta property=\"og:type\" content=\"article\" \/>\n<meta property=\"og:title\" content=\"Czapka \u201eStreet Workout\u201d - Bartek Kruk\" \/>\n<meta property=\"og:description\" content=\"Czapka STREET WORKOUT \u2013 klasyczny full cap z haftem\u00a0 Minimalistyczna forma, mocny przekaz. \u00a0Czarna czapka full cap z bia\u0142ym, haftowanym napisem STREET WORKOUT to co\u015b wi\u0119cej ni\u017c tylko dodatek do styl\u00f3wki. \u00a0Idealna na co dzie\u0144 \u2013 zw\u0142aszcza w cieplejsze dni\u00a0 \u00a0Lekki materia\u0142, kt\u00f3ry dobrze le\u017cy i nie grzeje g\u0142owy \u00a0Haft zamiast nadruku \u2013 trwa\u0142y, wyra\u017any, [&hellip;]\" \/>\n<meta property=\"og:url\" content=\"https:\/\/bartek-kruk.pl\/en\/product\/czapka-street-workout\/\" \/>\n<meta property=\"og:site_name\" content=\"Bartek Kruk\" \/>\n<meta property=\"article:publisher\" content=\"https:\/\/www.facebook.com\/bartekkrukworkout\" \/>\n<meta property=\"article:modified_time\" content=\"2025-06-24T19:35:53+00:00\" \/>\n<meta property=\"og:image\" content=\"https:\/\/bartek-kruk.pl\/wp-content\/uploads\/2025\/06\/IMG_3498-scaled.jpeg\" \/>\n\t<meta property=\"og:image:width\" content=\"2048\" \/>\n\t<meta property=\"og:image:height\" content=\"2560\" \/>\n\t<meta property=\"og:image:type\" content=\"image\/jpeg\" \/>\n<meta name=\"twitter:card\" content=\"summary_large_image\" \/>\n<meta name=\"twitter:label1\" content=\"Est. reading time\" \/>\n\t<meta name=\"twitter:data1\" content=\"1 minute\" \/>\n<script type=\"application\/ld+json\" class=\"yoast-schema-graph\">{\"@context\":\"https:\/\/schema.org\",\"@graph\":[{\"@type\":\"WebPage\",\"@id\":\"https:\/\/bartek-kruk.pl\/product\/czapka-street-workout\/\",\"url\":\"https:\/\/bartek-kruk.pl\/product\/czapka-street-workout\/\",\"name\":\"Czapka \u201eStreet Workout\u201d - Bartek Kruk\",\"isPartOf\":{\"@id\":\"https:\/\/bartek-kruk.pl\/#website\"},\"primaryImageOfPage\":{\"@id\":\"https:\/\/bartek-kruk.pl\/product\/czapka-street-workout\/#primaryimage\"},\"image\":{\"@id\":\"https:\/\/bartek-kruk.pl\/product\/czapka-street-workout\/#primaryimage\"},\"thumbnailUrl\":\"https:\/\/bartek-kruk.pl\/wp-content\/uploads\/2025\/06\/IMG_3498-scaled.jpeg\",\"datePublished\":\"2025-06-24T19:34:36+00:00\",\"dateModified\":\"2025-06-24T19:35:53+00:00\",\"breadcrumb\":{\"@id\":\"https:\/\/bartek-kruk.pl\/product\/czapka-street-workout\/#breadcrumb\"},\"inLanguage\":\"en-US\",\"potentialAction\":[{\"@type\":\"ReadAction\",\"target\":[\"https:\/\/bartek-kruk.pl\/product\/czapka-street-workout\/\"]}]},{\"@type\":\"ImageObject\",\"inLanguage\":\"en-US\",\"@id\":\"https:\/\/bartek-kruk.pl\/product\/czapka-street-workout\/#primaryimage\",\"url\":\"https:\/\/bartek-kruk.pl\/wp-content\/uploads\/2025\/06\/IMG_3498-scaled.jpeg\",\"contentUrl\":\"https:\/\/bartek-kruk.pl\/wp-content\/uploads\/2025\/06\/IMG_3498-scaled.jpeg\",\"width\":2048,\"height\":2560},{\"@type\":\"BreadcrumbList\",\"@id\":\"https:\/\/bartek-kruk.pl\/product\/czapka-street-workout\/#breadcrumb\",\"itemListElement\":[{\"@type\":\"ListItem\",\"position\":1,\"name\":\"Strona g\u0142\u00f3wna\",\"item\":\"https:\/\/bartek-kruk.pl\/\"},{\"@type\":\"ListItem\",\"position\":2,\"name\":\"Sklep\",\"item\":\"https:\/\/bartek-kruk.pl\/sklep\/\"},{\"@type\":\"ListItem\",\"position\":3,\"name\":\"Czapka \u201eStreet Workout\u201d\"}]},{\"@type\":\"WebSite\",\"@id\":\"https:\/\/bartek-kruk.pl\/#website\",\"url\":\"https:\/\/bartek-kruk.pl\/\",\"name\":\"Bartek Kruk\",\"description\":\"Trening Personalny | Terapia | Szkolenia\",\"publisher\":{\"@id\":\"https:\/\/bartek-kruk.pl\/#\/schema\/person\/db8c951a4d31a75b256b28d668b4e18d\"},\"potentialAction\":[{\"@type\":\"SearchAction\",\"target\":{\"@type\":\"EntryPoint\",\"urlTemplate\":\"https:\/\/bartek-kruk.pl\/?s={search_term_string}\"},\"query-input\":{\"@type\":\"PropertyValueSpecification\",\"valueRequired\":true,\"valueName\":\"search_term_string\"}}],\"inLanguage\":\"en-US\"},{\"@type\":[\"Person\",\"Organization\"],\"@id\":\"https:\/\/bartek-kruk.pl\/#\/schema\/person\/db8c951a4d31a75b256b28d668b4e18d\",\"name\":\"Bartek Kruk\",\"image\":{\"@type\":\"ImageObject\",\"inLanguage\":\"en-US\",\"@id\":\"https:\/\/bartek-kruk.pl\/#\/schema\/person\/image\/\",\"url\":\"https:\/\/bartek-kruk.pl\/wp-content\/uploads\/2025\/07\/images.jpg\",\"contentUrl\":\"https:\/\/bartek-kruk.pl\/wp-content\/uploads\/2025\/07\/images.jpg\",\"width\":225,\"height\":225,\"caption\":\"Bartek Kruk\"},\"logo\":{\"@id\":\"https:\/\/bartek-kruk.pl\/#\/schema\/person\/image\/\"},\"sameAs\":[\"https:\/\/bartek-kruk.pl\",\"https:\/\/www.facebook.com\/bartekkrukworkout\",\"https:\/\/www.instagram.com\/bartekkruk_\/?hl=en\"]}]}<\/script>\n<!-- \/ Yoast SEO plugin. -->","yoast_head_json":{"title":"Czapka \u201eStreet Workout\u201d - Bartek Kruk","robots":{"index":"index","follow":"follow","max-snippet":"max-snippet:-1","max-image-preview":"max-image-preview:large","max-video-preview":"max-video-preview:-1"},"canonical":"https:\/\/bartek-kruk.pl\/en\/product\/czapka-street-workout\/","og_locale":"en_US","og_type":"article","og_title":"Czapka \u201eStreet Workout\u201d - Bartek Kruk","og_description":"Czapka STREET WORKOUT \u2013 klasyczny full cap z haftem\u00a0 Minimalistyczna forma, mocny przekaz. \u00a0Czarna czapka full cap z bia\u0142ym, haftowanym napisem STREET WORKOUT to co\u015b wi\u0119cej ni\u017c tylko dodatek do styl\u00f3wki. \u00a0Idealna na co dzie\u0144 \u2013 zw\u0142aszcza w cieplejsze dni\u00a0 \u00a0Lekki materia\u0142, kt\u00f3ry dobrze le\u017cy i nie grzeje g\u0142owy \u00a0Haft zamiast nadruku \u2013 trwa\u0142y, wyra\u017any, [&hellip;]","og_url":"https:\/\/bartek-kruk.pl\/en\/product\/czapka-street-workout\/","og_site_name":"Bartek Kruk","article_publisher":"https:\/\/www.facebook.com\/bartekkrukworkout","article_modified_time":"2025-06-24T19:35:53+00:00","og_image":[{"width":2048,"height":2560,"url":"https:\/\/bartek-kruk.pl\/wp-content\/uploads\/2025\/06\/IMG_3498-scaled.jpeg","type":"image\/jpeg"}],"twitter_card":"summary_large_image","twitter_misc":{"Est. reading time":"1 minute"},"schema":{"@context":"https:\/\/schema.org","@graph":[{"@type":"WebPage","@id":"https:\/\/bartek-kruk.pl\/product\/czapka-street-workout\/","url":"https:\/\/bartek-kruk.pl\/product\/czapka-street-workout\/","name":"Czapka \u201eStreet Workout\u201d - Bartek Kruk","isPartOf":{"@id":"https:\/\/bartek-kruk.pl\/#website"},"primaryImageOfPage":{"@id":"https:\/\/bartek-kruk.pl\/product\/czapka-street-workout\/#primaryimage"},"image":{"@id":"https:\/\/bartek-kruk.pl\/product\/czapka-street-workout\/#primaryimage"},"thumbnailUrl":"https:\/\/bartek-kruk.pl\/wp-content\/uploads\/2025\/06\/IMG_3498-scaled.jpeg","datePublished":"2025-06-24T19:34:36+00:00","dateModified":"2025-06-24T19:35:53+00:00","breadcrumb":{"@id":"https:\/\/bartek-kruk.pl\/product\/czapka-street-workout\/#breadcrumb"},"inLanguage":"en-US","potentialAction":[{"@type":"ReadAction","target":["https:\/\/bartek-kruk.pl\/product\/czapka-street-workout\/"]}]},{"@type":"ImageObject","inLanguage":"en-US","@id":"https:\/\/bartek-kruk.pl\/product\/czapka-street-workout\/#primaryimage","url":"https:\/\/bartek-kruk.pl\/wp-content\/uploads\/2025\/06\/IMG_3498-scaled.jpeg","contentUrl":"https:\/\/bartek-kruk.pl\/wp-content\/uploads\/2025\/06\/IMG_3498-scaled.jpeg","width":2048,"height":2560},{"@type":"BreadcrumbList","@id":"https:\/\/bartek-kruk.pl\/product\/czapka-street-workout\/#breadcrumb","itemListElement":[{"@type":"ListItem","position":1,"name":"Strona g\u0142\u00f3wna","item":"https:\/\/bartek-kruk.pl\/"},{"@type":"ListItem","position":2,"name":"Sklep","item":"https:\/\/bartek-kruk.pl\/sklep\/"},{"@type":"ListItem","position":3,"name":"Czapka \u201eStreet Workout\u201d"}]},{"@type":"WebSite","@id":"https:\/\/bartek-kruk.pl\/#website","url":"https:\/\/bartek-kruk.pl\/","name":"Bartek Kruk","description":"Personal Training | Therapy | Training","publisher":{"@id":"https:\/\/bartek-kruk.pl\/#\/schema\/person\/db8c951a4d31a75b256b28d668b4e18d"},"potentialAction":[{"@type":"SearchAction","target":{"@type":"EntryPoint","urlTemplate":"https:\/\/bartek-kruk.pl\/?s={search_term_string}"},"query-input":{"@type":"PropertyValueSpecification","valueRequired":true,"valueName":"search_term_string"}}],"inLanguage":"en-US"},{"@type":["Person","Organization"],"@id":"https:\/\/bartek-kruk.pl\/#\/schema\/person\/db8c951a4d31a75b256b28d668b4e18d","name":"Bartek Kruk","image":{"@type":"ImageObject","inLanguage":"en-US","@id":"https:\/\/bartek-kruk.pl\/#\/schema\/person\/image\/","url":"https:\/\/bartek-kruk.pl\/wp-content\/uploads\/2025\/07\/images.jpg","contentUrl":"https:\/\/bartek-kruk.pl\/wp-content\/uploads\/2025\/07\/images.jpg","width":225,"height":225,"caption":"Bartek Kruk"},"logo":{"@id":"https:\/\/bartek-kruk.pl\/#\/schema\/person\/image\/"},"sameAs":["https:\/\/bartek-kruk.pl","https:\/\/www.facebook.com\/bartekkrukworkout","https:\/\/www.instagram.com\/bartekkruk_\/?hl=en"]}]}},"_links":{"self":[{"href":"https:\/\/bartek-kruk.pl\/en\/wp-json\/wp\/v2\/product\/22907","targetHints":{"allow":["GET"]}}],"collection":[{"href":"https:\/\/bartek-kruk.pl\/en\/wp-json\/wp\/v2\/product"}],"about":[{"href":"https:\/\/bartek-kruk.pl\/en\/wp-json\/wp\/v2\/types\/product"}],"replies":[{"embeddable":true,"href":"https:\/\/bartek-kruk.pl\/en\/wp-json\/wp\/v2\/comments?post=22907"}],"wp:featuredmedia":[{"embeddable":true,"href":"https:\/\/bartek-kruk.pl\/en\/wp-json\/wp\/v2\/media\/22911"}],"wp:attachment":[{"href":"https:\/\/bartek-kruk.pl\/en\/wp-json\/wp\/v2\/media?parent=22907"}],"wp:term":[{"taxonomy":"product_brand","embeddable":true,"href":"https:\/\/bartek-kruk.pl\/en\/wp-json\/wp\/v2\/product_brand?post=22907"},{"taxonomy":"product_cat","embeddable":true,"href":"https:\/\/bartek-kruk.pl\/en\/wp-json\/wp\/v2\/product_cat?post=22907"},{"taxonomy":"product_tag","embeddable":true,"href":"https:\/\/bartek-kruk.pl\/en\/wp-json\/wp\/v2\/product_tag?post=22907"}],"curies":[{"name":"wp","href":"https:\/\/api.w.org\/{rel}","templated":true}]}}