{"id":22959,"date":"2025-08-10T14:42:55","date_gmt":"2025-08-10T14:42:55","guid":{"rendered":"https:\/\/bartek-kruk.pl\/?post_type=product&#038;p=22959"},"modified":"2025-08-10T15:00:44","modified_gmt":"2025-08-10T15:00:44","slug":"akupunktura","status":"publish","type":"product","link":"https:\/\/bartek-kruk.pl\/en\/product\/akupunktura\/","title":{"rendered":"Acupuncture"},"content":{"rendered":"<p>\u2705 During an acupuncture appointment, you receive a complete, individual approach to your health or pain problem<\/p>\n<p>\u2705 We start with a thorough interview during which we discuss your ailments, injury history, current symptoms, and lifestyle<\/p>\n<p>\u2705 Based on the conversation, I select the appropriate action strategy and places that will require work<\/p>\n<p>\u2705 During the visit, I perform an acupuncture treatment \u2013 I precisely select the points that will help in your case<\/p>\n<p>\u2705 Thin, safe needles stimulate the nervous system, improve circulation, and relax muscles and fascia<\/p>\n<p>\u2705 Acupuncture works on a wide range of ailments: joint pain, back pain, migraines, menstrual pain, tension, digestive problems, sinus problems, allergies and more<\/p>\n<p>\u2705 Each session is not only about working on the symptom, but also supporting the regeneration of the entire body and improving well-being<\/p>\n<p>\u2705 The visit lasts approximately 60 minutes, during which you have time to rest and fully focus on yourself<\/p>\n<p>\u2705 After the procedure, we discuss further steps and you receive recommendations from me that will help you get back to balance<\/p>\n<p>\u2705 Acupuncture is a safe, natural method that really helps \u2013 your health is always my priority<\/p>","protected":false},"excerpt":{"rendered":"<p>\u2705 Na wizycie z Akupunktury otrzymujesz pe\u0142ne, indywidualne podej\u015bcie do Twojego problemu zdrowotnego lub b\u00f3lowego \u2705 Zaczynamy od dok\u0142adnego wywiadu, podczas kt\u00f3rego omawiamy Twoje dolegliwo\u015bci, histori\u0119 uraz\u00f3w, aktualne objawy i styl \u017cycia \u2705 Na podstawie rozmowy dobieram odpowiedni\u0105 strategi\u0119 dzia\u0142ania i miejsca, kt\u00f3re b\u0119d\u0105 wymaga\u0142y pracy \u2705 W trakcie wizyty przeprowadzam zabieg akupunktury \u2013 precyzyjnie [&hellip;]<\/p>","protected":false},"featured_media":22964,"comment_status":"open","ping_status":"closed","template":"","meta":[],"product_brand":[],"product_cat":[142],"product_tag":[],"class_list":{"0":"post-22959","1":"product","2":"type-product","3":"status-publish","4":"has-post-thumbnail","6":"product_cat-wspolpraca-terapeutyczna","8":"first","9":"instock","10":"sale","11":"virtual","12":"purchasable","13":"product-type-simple","14":"add-to-wishlist-after_add_to_cart"},"yoast_head":"<!-- This site is optimized with the Yoast SEO plugin v25.8 - https:\/\/yoast.com\/wordpress\/plugins\/seo\/ -->\n<title>Akupunktura - Bartek Kruk<\/title>\n<meta name=\"robots\" content=\"index, follow, max-snippet:-1, max-image-preview:large, max-video-preview:-1\" \/>\n<link rel=\"canonical\" href=\"https:\/\/bartek-kruk.pl\/en\/product\/akupunktura\/\" \/>\n<meta property=\"og:locale\" content=\"en_US\" \/>\n<meta property=\"og:type\" content=\"article\" \/>\n<meta property=\"og:title\" content=\"Akupunktura - Bartek Kruk\" \/>\n<meta property=\"og:description\" content=\"\u2705 Na wizycie z Akupunktury otrzymujesz pe\u0142ne, indywidualne podej\u015bcie do Twojego problemu zdrowotnego lub b\u00f3lowego \u2705 Zaczynamy od dok\u0142adnego wywiadu, podczas kt\u00f3rego omawiamy Twoje dolegliwo\u015bci, histori\u0119 uraz\u00f3w, aktualne objawy i styl \u017cycia \u2705 Na podstawie rozmowy dobieram odpowiedni\u0105 strategi\u0119 dzia\u0142ania i miejsca, kt\u00f3re b\u0119d\u0105 wymaga\u0142y pracy \u2705 W trakcie wizyty przeprowadzam zabieg akupunktury \u2013 precyzyjnie [&hellip;]\" \/>\n<meta property=\"og:url\" content=\"https:\/\/bartek-kruk.pl\/en\/product\/akupunktura\/\" \/>\n<meta property=\"og:site_name\" content=\"Bartek Kruk\" \/>\n<meta property=\"article:publisher\" content=\"https:\/\/www.facebook.com\/bartekkrukworkout\" \/>\n<meta property=\"article:modified_time\" content=\"2025-08-10T15:00:44+00:00\" \/>\n<meta property=\"og:image\" content=\"https:\/\/bartek-kruk.pl\/wp-content\/uploads\/2025\/07\/IMG_4487-scaled.jpg\" \/>\n\t<meta property=\"og:image:width\" content=\"1707\" \/>\n\t<meta property=\"og:image:height\" content=\"2560\" \/>\n\t<meta property=\"og:image:type\" content=\"image\/jpeg\" \/>\n<meta name=\"twitter:card\" content=\"summary_large_image\" \/>\n<meta name=\"twitter:label1\" content=\"Est. reading time\" \/>\n\t<meta name=\"twitter:data1\" content=\"2 minutes\" \/>\n<script type=\"application\/ld+json\" class=\"yoast-schema-graph\">{\"@context\":\"https:\/\/schema.org\",\"@graph\":[{\"@type\":\"WebPage\",\"@id\":\"https:\/\/bartek-kruk.pl\/product\/akupunktura\/\",\"url\":\"https:\/\/bartek-kruk.pl\/product\/akupunktura\/\",\"name\":\"Akupunktura - Bartek Kruk\",\"isPartOf\":{\"@id\":\"https:\/\/bartek-kruk.pl\/#website\"},\"primaryImageOfPage\":{\"@id\":\"https:\/\/bartek-kruk.pl\/product\/akupunktura\/#primaryimage\"},\"image\":{\"@id\":\"https:\/\/bartek-kruk.pl\/product\/akupunktura\/#primaryimage\"},\"thumbnailUrl\":\"https:\/\/bartek-kruk.pl\/wp-content\/uploads\/2025\/07\/IMG_4487-scaled.jpg\",\"datePublished\":\"2025-08-10T14:42:55+00:00\",\"dateModified\":\"2025-08-10T15:00:44+00:00\",\"breadcrumb\":{\"@id\":\"https:\/\/bartek-kruk.pl\/product\/akupunktura\/#breadcrumb\"},\"inLanguage\":\"en-US\",\"potentialAction\":[{\"@type\":\"ReadAction\",\"target\":[\"https:\/\/bartek-kruk.pl\/product\/akupunktura\/\"]}]},{\"@type\":\"ImageObject\",\"inLanguage\":\"en-US\",\"@id\":\"https:\/\/bartek-kruk.pl\/product\/akupunktura\/#primaryimage\",\"url\":\"https:\/\/bartek-kruk.pl\/wp-content\/uploads\/2025\/07\/IMG_4487-scaled.jpg\",\"contentUrl\":\"https:\/\/bartek-kruk.pl\/wp-content\/uploads\/2025\/07\/IMG_4487-scaled.jpg\",\"width\":1707,\"height\":2560},{\"@type\":\"BreadcrumbList\",\"@id\":\"https:\/\/bartek-kruk.pl\/product\/akupunktura\/#breadcrumb\",\"itemListElement\":[{\"@type\":\"ListItem\",\"position\":1,\"name\":\"Strona g\u0142\u00f3wna\",\"item\":\"https:\/\/bartek-kruk.pl\/\"},{\"@type\":\"ListItem\",\"position\":2,\"name\":\"Sklep\",\"item\":\"https:\/\/bartek-kruk.pl\/sklep\/\"},{\"@type\":\"ListItem\",\"position\":3,\"name\":\"Akupunktura\"}]},{\"@type\":\"WebSite\",\"@id\":\"https:\/\/bartek-kruk.pl\/#website\",\"url\":\"https:\/\/bartek-kruk.pl\/\",\"name\":\"Bartek Kruk\",\"description\":\"Trening Personalny | Terapia | Szkolenia\",\"publisher\":{\"@id\":\"https:\/\/bartek-kruk.pl\/#\/schema\/person\/db8c951a4d31a75b256b28d668b4e18d\"},\"potentialAction\":[{\"@type\":\"SearchAction\",\"target\":{\"@type\":\"EntryPoint\",\"urlTemplate\":\"https:\/\/bartek-kruk.pl\/?s={search_term_string}\"},\"query-input\":{\"@type\":\"PropertyValueSpecification\",\"valueRequired\":true,\"valueName\":\"search_term_string\"}}],\"inLanguage\":\"en-US\"},{\"@type\":[\"Person\",\"Organization\"],\"@id\":\"https:\/\/bartek-kruk.pl\/#\/schema\/person\/db8c951a4d31a75b256b28d668b4e18d\",\"name\":\"Bartek Kruk\",\"image\":{\"@type\":\"ImageObject\",\"inLanguage\":\"en-US\",\"@id\":\"https:\/\/bartek-kruk.pl\/#\/schema\/person\/image\/\",\"url\":\"https:\/\/bartek-kruk.pl\/wp-content\/uploads\/2025\/07\/images.jpg\",\"contentUrl\":\"https:\/\/bartek-kruk.pl\/wp-content\/uploads\/2025\/07\/images.jpg\",\"width\":225,\"height\":225,\"caption\":\"Bartek Kruk\"},\"logo\":{\"@id\":\"https:\/\/bartek-kruk.pl\/#\/schema\/person\/image\/\"},\"sameAs\":[\"https:\/\/bartek-kruk.pl\",\"https:\/\/www.facebook.com\/bartekkrukworkout\",\"https:\/\/www.instagram.com\/bartekkruk_\/?hl=en\"]}]}<\/script>\n<!-- \/ Yoast SEO plugin. -->","yoast_head_json":{"title":"Akupunktura - Bartek Kruk","robots":{"index":"index","follow":"follow","max-snippet":"max-snippet:-1","max-image-preview":"max-image-preview:large","max-video-preview":"max-video-preview:-1"},"canonical":"https:\/\/bartek-kruk.pl\/en\/product\/akupunktura\/","og_locale":"en_US","og_type":"article","og_title":"Akupunktura - Bartek Kruk","og_description":"\u2705 Na wizycie z Akupunktury otrzymujesz pe\u0142ne, indywidualne podej\u015bcie do Twojego problemu zdrowotnego lub b\u00f3lowego \u2705 Zaczynamy od dok\u0142adnego wywiadu, podczas kt\u00f3rego omawiamy Twoje dolegliwo\u015bci, histori\u0119 uraz\u00f3w, aktualne objawy i styl \u017cycia \u2705 Na podstawie rozmowy dobieram odpowiedni\u0105 strategi\u0119 dzia\u0142ania i miejsca, kt\u00f3re b\u0119d\u0105 wymaga\u0142y pracy \u2705 W trakcie wizyty przeprowadzam zabieg akupunktury \u2013 precyzyjnie [&hellip;]","og_url":"https:\/\/bartek-kruk.pl\/en\/product\/akupunktura\/","og_site_name":"Bartek Kruk","article_publisher":"https:\/\/www.facebook.com\/bartekkrukworkout","article_modified_time":"2025-08-10T15:00:44+00:00","og_image":[{"width":1707,"height":2560,"url":"https:\/\/bartek-kruk.pl\/wp-content\/uploads\/2025\/07\/IMG_4487-scaled.jpg","type":"image\/jpeg"}],"twitter_card":"summary_large_image","twitter_misc":{"Est. reading time":"2 minutes"},"schema":{"@context":"https:\/\/schema.org","@graph":[{"@type":"WebPage","@id":"https:\/\/bartek-kruk.pl\/product\/akupunktura\/","url":"https:\/\/bartek-kruk.pl\/product\/akupunktura\/","name":"Akupunktura - Bartek Kruk","isPartOf":{"@id":"https:\/\/bartek-kruk.pl\/#website"},"primaryImageOfPage":{"@id":"https:\/\/bartek-kruk.pl\/product\/akupunktura\/#primaryimage"},"image":{"@id":"https:\/\/bartek-kruk.pl\/product\/akupunktura\/#primaryimage"},"thumbnailUrl":"https:\/\/bartek-kruk.pl\/wp-content\/uploads\/2025\/07\/IMG_4487-scaled.jpg","datePublished":"2025-08-10T14:42:55+00:00","dateModified":"2025-08-10T15:00:44+00:00","breadcrumb":{"@id":"https:\/\/bartek-kruk.pl\/product\/akupunktura\/#breadcrumb"},"inLanguage":"en-US","potentialAction":[{"@type":"ReadAction","target":["https:\/\/bartek-kruk.pl\/product\/akupunktura\/"]}]},{"@type":"ImageObject","inLanguage":"en-US","@id":"https:\/\/bartek-kruk.pl\/product\/akupunktura\/#primaryimage","url":"https:\/\/bartek-kruk.pl\/wp-content\/uploads\/2025\/07\/IMG_4487-scaled.jpg","contentUrl":"https:\/\/bartek-kruk.pl\/wp-content\/uploads\/2025\/07\/IMG_4487-scaled.jpg","width":1707,"height":2560},{"@type":"BreadcrumbList","@id":"https:\/\/bartek-kruk.pl\/product\/akupunktura\/#breadcrumb","itemListElement":[{"@type":"ListItem","position":1,"name":"Strona g\u0142\u00f3wna","item":"https:\/\/bartek-kruk.pl\/"},{"@type":"ListItem","position":2,"name":"Sklep","item":"https:\/\/bartek-kruk.pl\/sklep\/"},{"@type":"ListItem","position":3,"name":"Akupunktura"}]},{"@type":"WebSite","@id":"https:\/\/bartek-kruk.pl\/#website","url":"https:\/\/bartek-kruk.pl\/","name":"Bartek Kruk","description":"Personal Training | Therapy | Training","publisher":{"@id":"https:\/\/bartek-kruk.pl\/#\/schema\/person\/db8c951a4d31a75b256b28d668b4e18d"},"potentialAction":[{"@type":"SearchAction","target":{"@type":"EntryPoint","urlTemplate":"https:\/\/bartek-kruk.pl\/?s={search_term_string}"},"query-input":{"@type":"PropertyValueSpecification","valueRequired":true,"valueName":"search_term_string"}}],"inLanguage":"en-US"},{"@type":["Person","Organization"],"@id":"https:\/\/bartek-kruk.pl\/#\/schema\/person\/db8c951a4d31a75b256b28d668b4e18d","name":"Bartek Kruk","image":{"@type":"ImageObject","inLanguage":"en-US","@id":"https:\/\/bartek-kruk.pl\/#\/schema\/person\/image\/","url":"https:\/\/bartek-kruk.pl\/wp-content\/uploads\/2025\/07\/images.jpg","contentUrl":"https:\/\/bartek-kruk.pl\/wp-content\/uploads\/2025\/07\/images.jpg","width":225,"height":225,"caption":"Bartek Kruk"},"logo":{"@id":"https:\/\/bartek-kruk.pl\/#\/schema\/person\/image\/"},"sameAs":["https:\/\/bartek-kruk.pl","https:\/\/www.facebook.com\/bartekkrukworkout","https:\/\/www.instagram.com\/bartekkruk_\/?hl=en"]}]}},"_links":{"self":[{"href":"https:\/\/bartek-kruk.pl\/en\/wp-json\/wp\/v2\/product\/22959","targetHints":{"allow":["GET"]}}],"collection":[{"href":"https:\/\/bartek-kruk.pl\/en\/wp-json\/wp\/v2\/product"}],"about":[{"href":"https:\/\/bartek-kruk.pl\/en\/wp-json\/wp\/v2\/types\/product"}],"replies":[{"embeddable":true,"href":"https:\/\/bartek-kruk.pl\/en\/wp-json\/wp\/v2\/comments?post=22959"}],"wp:featuredmedia":[{"embeddable":true,"href":"https:\/\/bartek-kruk.pl\/en\/wp-json\/wp\/v2\/media\/22964"}],"wp:attachment":[{"href":"https:\/\/bartek-kruk.pl\/en\/wp-json\/wp\/v2\/media?parent=22959"}],"wp:term":[{"taxonomy":"product_brand","embeddable":true,"href":"https:\/\/bartek-kruk.pl\/en\/wp-json\/wp\/v2\/product_brand?post=22959"},{"taxonomy":"product_cat","embeddable":true,"href":"https:\/\/bartek-kruk.pl\/en\/wp-json\/wp\/v2\/product_cat?post=22959"},{"taxonomy":"product_tag","embeddable":true,"href":"https:\/\/bartek-kruk.pl\/en\/wp-json\/wp\/v2\/product_tag?post=22959"}],"curies":[{"name":"wp","href":"https:\/\/api.w.org\/{rel}","templated":true}]}}