{"id":23073,"date":"2025-08-10T14:53:39","date_gmt":"2025-08-10T14:53:39","guid":{"rendered":"https:\/\/bartek-kruk.pl\/?post_type=product&#038;p=23073"},"modified":"2025-08-10T14:53:39","modified_gmt":"2025-08-10T14:53:39","slug":"elektrostymulacja-nerwu-blednego","status":"publish","type":"product","link":"https:\/\/bartek-kruk.pl\/en\/product\/elektrostymulacja-nerwu-blednego\/","title":{"rendered":"Vagus Nerve Electrostimulation"},"content":{"rendered":"<p>\ud83d\udd39 First, we conduct an interview, I check your stress level, regeneration, sleep, and the symptoms you come with.<\/p>\n<p>\ud83d\udd39 We perform HRV testing (heart rate variability), analyze the balance of the nervous system: sympathetic vs parasympathetic.<\/p>\n<p>\ud83d\udd39 I also check your breathing, the number of breaths per minute and your body&#039;s response to stress.<\/p>\n<p>\ud83d\udd39 Based on this, I select the stimulation parameters \u2013 all individually for you.<\/p>\n<p>The treatment involves safe and gentle stimulation of the vagus nerve (electrodes on the ear or neck).<\/p>\n<p>\ud83d\udd39 Effects? Better sleep, regeneration, reduced stress, improved digestion, and peace of mind.<\/p>\n<p>\ud83d\udd39 Finally, I&#039;ll give you specific tips on how to take care of your nervous system on a daily basis.<\/p>\n<p>\ud83d\udc49 Perfect for people who are overloaded, stressed, have problems with sleep, digestive system or regeneration.<\/p>\n<p>Make an appointment if you want to see how quickly your body can get back on track.<\/p>","protected":false},"excerpt":{"rendered":"<p>\ud83d\udd39 Na pocz\u0105tku robimy wywiad, sprawdzam Tw\u00f3j poziom stresu, regeneracji, snu i objawy, z kt\u00f3rymi przychodzisz. \ud83d\udd39 Wykonujemy badanie HRV (zmienno\u015b\u0107 rytmu serca), analizujemy balans uk\u0142adu nerwowego: wsp\u00f3\u0142czulny vs przywsp\u00f3\u0142czulny. \ud83d\udd39 Badam te\u017c Tw\u00f3j oddech, liczb\u0119 oddech\u00f3w na minut\u0119 i reakcj\u0119 organizmu na stres. \ud83d\udd39 Na tej podstawie dobieram parametry stymulacji \u2013 wszystko indywidualnie dla [&hellip;]<\/p>","protected":false},"featured_media":23074,"comment_status":"open","ping_status":"closed","template":"","meta":[],"product_brand":[],"product_cat":[142],"product_tag":[],"class_list":{"0":"post-23073","1":"product","2":"type-product","3":"status-publish","4":"has-post-thumbnail","6":"product_cat-wspolpraca-terapeutyczna","8":"first","9":"instock","10":"sale","11":"virtual","12":"purchasable","13":"product-type-simple","14":"add-to-wishlist-after_add_to_cart"},"yoast_head":"<!-- This site is optimized with the Yoast SEO plugin v25.8 - https:\/\/yoast.com\/wordpress\/plugins\/seo\/ -->\n<title>Elektrostymulacja Nerwu B\u0142\u0119dnego - Bartek Kruk<\/title>\n<meta name=\"robots\" content=\"index, follow, max-snippet:-1, max-image-preview:large, max-video-preview:-1\" \/>\n<link rel=\"canonical\" href=\"https:\/\/bartek-kruk.pl\/en\/product\/elektrostymulacja-nerwu-blednego\/\" \/>\n<meta property=\"og:locale\" content=\"en_US\" \/>\n<meta property=\"og:type\" content=\"article\" \/>\n<meta property=\"og:title\" content=\"Elektrostymulacja Nerwu B\u0142\u0119dnego - Bartek Kruk\" \/>\n<meta property=\"og:description\" content=\"\ud83d\udd39 Na pocz\u0105tku robimy wywiad, sprawdzam Tw\u00f3j poziom stresu, regeneracji, snu i objawy, z kt\u00f3rymi przychodzisz. \ud83d\udd39 Wykonujemy badanie HRV (zmienno\u015b\u0107 rytmu serca), analizujemy balans uk\u0142adu nerwowego: wsp\u00f3\u0142czulny vs przywsp\u00f3\u0142czulny. \ud83d\udd39 Badam te\u017c Tw\u00f3j oddech, liczb\u0119 oddech\u00f3w na minut\u0119 i reakcj\u0119 organizmu na stres. \ud83d\udd39 Na tej podstawie dobieram parametry stymulacji \u2013 wszystko indywidualnie dla [&hellip;]\" \/>\n<meta property=\"og:url\" content=\"https:\/\/bartek-kruk.pl\/en\/product\/elektrostymulacja-nerwu-blednego\/\" \/>\n<meta property=\"og:site_name\" content=\"Bartek Kruk\" \/>\n<meta property=\"article:publisher\" content=\"https:\/\/www.facebook.com\/bartekkrukworkout\" \/>\n<meta property=\"og:image\" content=\"https:\/\/bartek-kruk.pl\/wp-content\/uploads\/2025\/08\/IMG_4444-scaled.jpg\" \/>\n\t<meta property=\"og:image:width\" content=\"1707\" \/>\n\t<meta property=\"og:image:height\" content=\"2560\" \/>\n\t<meta property=\"og:image:type\" content=\"image\/jpeg\" \/>\n<meta name=\"twitter:card\" content=\"summary_large_image\" \/>\n<meta name=\"twitter:label1\" content=\"Est. reading time\" \/>\n\t<meta name=\"twitter:data1\" content=\"1 minute\" \/>\n<script type=\"application\/ld+json\" class=\"yoast-schema-graph\">{\"@context\":\"https:\/\/schema.org\",\"@graph\":[{\"@type\":\"WebPage\",\"@id\":\"https:\/\/bartek-kruk.pl\/product\/elektrostymulacja-nerwu-blednego\/\",\"url\":\"https:\/\/bartek-kruk.pl\/product\/elektrostymulacja-nerwu-blednego\/\",\"name\":\"Elektrostymulacja Nerwu B\u0142\u0119dnego - Bartek Kruk\",\"isPartOf\":{\"@id\":\"https:\/\/bartek-kruk.pl\/#website\"},\"primaryImageOfPage\":{\"@id\":\"https:\/\/bartek-kruk.pl\/product\/elektrostymulacja-nerwu-blednego\/#primaryimage\"},\"image\":{\"@id\":\"https:\/\/bartek-kruk.pl\/product\/elektrostymulacja-nerwu-blednego\/#primaryimage\"},\"thumbnailUrl\":\"https:\/\/bartek-kruk.pl\/wp-content\/uploads\/2025\/08\/IMG_4444-scaled.jpg\",\"datePublished\":\"2025-08-10T14:53:39+00:00\",\"breadcrumb\":{\"@id\":\"https:\/\/bartek-kruk.pl\/product\/elektrostymulacja-nerwu-blednego\/#breadcrumb\"},\"inLanguage\":\"en-US\",\"potentialAction\":[{\"@type\":\"ReadAction\",\"target\":[\"https:\/\/bartek-kruk.pl\/product\/elektrostymulacja-nerwu-blednego\/\"]}]},{\"@type\":\"ImageObject\",\"inLanguage\":\"en-US\",\"@id\":\"https:\/\/bartek-kruk.pl\/product\/elektrostymulacja-nerwu-blednego\/#primaryimage\",\"url\":\"https:\/\/bartek-kruk.pl\/wp-content\/uploads\/2025\/08\/IMG_4444-scaled.jpg\",\"contentUrl\":\"https:\/\/bartek-kruk.pl\/wp-content\/uploads\/2025\/08\/IMG_4444-scaled.jpg\",\"width\":1707,\"height\":2560},{\"@type\":\"BreadcrumbList\",\"@id\":\"https:\/\/bartek-kruk.pl\/product\/elektrostymulacja-nerwu-blednego\/#breadcrumb\",\"itemListElement\":[{\"@type\":\"ListItem\",\"position\":1,\"name\":\"Strona g\u0142\u00f3wna\",\"item\":\"https:\/\/bartek-kruk.pl\/\"},{\"@type\":\"ListItem\",\"position\":2,\"name\":\"Sklep\",\"item\":\"https:\/\/bartek-kruk.pl\/sklep\/\"},{\"@type\":\"ListItem\",\"position\":3,\"name\":\"Elektrostymulacja Nerwu B\u0142\u0119dnego\"}]},{\"@type\":\"WebSite\",\"@id\":\"https:\/\/bartek-kruk.pl\/#website\",\"url\":\"https:\/\/bartek-kruk.pl\/\",\"name\":\"Bartek Kruk\",\"description\":\"Trening Personalny | Terapia | Szkolenia\",\"publisher\":{\"@id\":\"https:\/\/bartek-kruk.pl\/#\/schema\/person\/db8c951a4d31a75b256b28d668b4e18d\"},\"potentialAction\":[{\"@type\":\"SearchAction\",\"target\":{\"@type\":\"EntryPoint\",\"urlTemplate\":\"https:\/\/bartek-kruk.pl\/?s={search_term_string}\"},\"query-input\":{\"@type\":\"PropertyValueSpecification\",\"valueRequired\":true,\"valueName\":\"search_term_string\"}}],\"inLanguage\":\"en-US\"},{\"@type\":[\"Person\",\"Organization\"],\"@id\":\"https:\/\/bartek-kruk.pl\/#\/schema\/person\/db8c951a4d31a75b256b28d668b4e18d\",\"name\":\"Bartek Kruk\",\"image\":{\"@type\":\"ImageObject\",\"inLanguage\":\"en-US\",\"@id\":\"https:\/\/bartek-kruk.pl\/#\/schema\/person\/image\/\",\"url\":\"https:\/\/bartek-kruk.pl\/wp-content\/uploads\/2025\/07\/images.jpg\",\"contentUrl\":\"https:\/\/bartek-kruk.pl\/wp-content\/uploads\/2025\/07\/images.jpg\",\"width\":225,\"height\":225,\"caption\":\"Bartek Kruk\"},\"logo\":{\"@id\":\"https:\/\/bartek-kruk.pl\/#\/schema\/person\/image\/\"},\"sameAs\":[\"https:\/\/bartek-kruk.pl\",\"https:\/\/www.facebook.com\/bartekkrukworkout\",\"https:\/\/www.instagram.com\/bartekkruk_\/?hl=en\"]}]}<\/script>\n<!-- \/ Yoast SEO plugin. -->","yoast_head_json":{"title":"Elektrostymulacja Nerwu B\u0142\u0119dnego - Bartek Kruk","robots":{"index":"index","follow":"follow","max-snippet":"max-snippet:-1","max-image-preview":"max-image-preview:large","max-video-preview":"max-video-preview:-1"},"canonical":"https:\/\/bartek-kruk.pl\/en\/product\/elektrostymulacja-nerwu-blednego\/","og_locale":"en_US","og_type":"article","og_title":"Elektrostymulacja Nerwu B\u0142\u0119dnego - Bartek Kruk","og_description":"\ud83d\udd39 Na pocz\u0105tku robimy wywiad, sprawdzam Tw\u00f3j poziom stresu, regeneracji, snu i objawy, z kt\u00f3rymi przychodzisz. \ud83d\udd39 Wykonujemy badanie HRV (zmienno\u015b\u0107 rytmu serca), analizujemy balans uk\u0142adu nerwowego: wsp\u00f3\u0142czulny vs przywsp\u00f3\u0142czulny. \ud83d\udd39 Badam te\u017c Tw\u00f3j oddech, liczb\u0119 oddech\u00f3w na minut\u0119 i reakcj\u0119 organizmu na stres. \ud83d\udd39 Na tej podstawie dobieram parametry stymulacji \u2013 wszystko indywidualnie dla [&hellip;]","og_url":"https:\/\/bartek-kruk.pl\/en\/product\/elektrostymulacja-nerwu-blednego\/","og_site_name":"Bartek Kruk","article_publisher":"https:\/\/www.facebook.com\/bartekkrukworkout","og_image":[{"width":1707,"height":2560,"url":"https:\/\/bartek-kruk.pl\/wp-content\/uploads\/2025\/08\/IMG_4444-scaled.jpg","type":"image\/jpeg"}],"twitter_card":"summary_large_image","twitter_misc":{"Est. reading time":"1 minute"},"schema":{"@context":"https:\/\/schema.org","@graph":[{"@type":"WebPage","@id":"https:\/\/bartek-kruk.pl\/product\/elektrostymulacja-nerwu-blednego\/","url":"https:\/\/bartek-kruk.pl\/product\/elektrostymulacja-nerwu-blednego\/","name":"Elektrostymulacja Nerwu B\u0142\u0119dnego - Bartek Kruk","isPartOf":{"@id":"https:\/\/bartek-kruk.pl\/#website"},"primaryImageOfPage":{"@id":"https:\/\/bartek-kruk.pl\/product\/elektrostymulacja-nerwu-blednego\/#primaryimage"},"image":{"@id":"https:\/\/bartek-kruk.pl\/product\/elektrostymulacja-nerwu-blednego\/#primaryimage"},"thumbnailUrl":"https:\/\/bartek-kruk.pl\/wp-content\/uploads\/2025\/08\/IMG_4444-scaled.jpg","datePublished":"2025-08-10T14:53:39+00:00","breadcrumb":{"@id":"https:\/\/bartek-kruk.pl\/product\/elektrostymulacja-nerwu-blednego\/#breadcrumb"},"inLanguage":"en-US","potentialAction":[{"@type":"ReadAction","target":["https:\/\/bartek-kruk.pl\/product\/elektrostymulacja-nerwu-blednego\/"]}]},{"@type":"ImageObject","inLanguage":"en-US","@id":"https:\/\/bartek-kruk.pl\/product\/elektrostymulacja-nerwu-blednego\/#primaryimage","url":"https:\/\/bartek-kruk.pl\/wp-content\/uploads\/2025\/08\/IMG_4444-scaled.jpg","contentUrl":"https:\/\/bartek-kruk.pl\/wp-content\/uploads\/2025\/08\/IMG_4444-scaled.jpg","width":1707,"height":2560},{"@type":"BreadcrumbList","@id":"https:\/\/bartek-kruk.pl\/product\/elektrostymulacja-nerwu-blednego\/#breadcrumb","itemListElement":[{"@type":"ListItem","position":1,"name":"Strona g\u0142\u00f3wna","item":"https:\/\/bartek-kruk.pl\/"},{"@type":"ListItem","position":2,"name":"Sklep","item":"https:\/\/bartek-kruk.pl\/sklep\/"},{"@type":"ListItem","position":3,"name":"Elektrostymulacja Nerwu B\u0142\u0119dnego"}]},{"@type":"WebSite","@id":"https:\/\/bartek-kruk.pl\/#website","url":"https:\/\/bartek-kruk.pl\/","name":"Bartek Kruk","description":"Personal Training | Therapy | Training","publisher":{"@id":"https:\/\/bartek-kruk.pl\/#\/schema\/person\/db8c951a4d31a75b256b28d668b4e18d"},"potentialAction":[{"@type":"SearchAction","target":{"@type":"EntryPoint","urlTemplate":"https:\/\/bartek-kruk.pl\/?s={search_term_string}"},"query-input":{"@type":"PropertyValueSpecification","valueRequired":true,"valueName":"search_term_string"}}],"inLanguage":"en-US"},{"@type":["Person","Organization"],"@id":"https:\/\/bartek-kruk.pl\/#\/schema\/person\/db8c951a4d31a75b256b28d668b4e18d","name":"Bartek Kruk","image":{"@type":"ImageObject","inLanguage":"en-US","@id":"https:\/\/bartek-kruk.pl\/#\/schema\/person\/image\/","url":"https:\/\/bartek-kruk.pl\/wp-content\/uploads\/2025\/07\/images.jpg","contentUrl":"https:\/\/bartek-kruk.pl\/wp-content\/uploads\/2025\/07\/images.jpg","width":225,"height":225,"caption":"Bartek Kruk"},"logo":{"@id":"https:\/\/bartek-kruk.pl\/#\/schema\/person\/image\/"},"sameAs":["https:\/\/bartek-kruk.pl","https:\/\/www.facebook.com\/bartekkrukworkout","https:\/\/www.instagram.com\/bartekkruk_\/?hl=en"]}]}},"_links":{"self":[{"href":"https:\/\/bartek-kruk.pl\/en\/wp-json\/wp\/v2\/product\/23073","targetHints":{"allow":["GET"]}}],"collection":[{"href":"https:\/\/bartek-kruk.pl\/en\/wp-json\/wp\/v2\/product"}],"about":[{"href":"https:\/\/bartek-kruk.pl\/en\/wp-json\/wp\/v2\/types\/product"}],"replies":[{"embeddable":true,"href":"https:\/\/bartek-kruk.pl\/en\/wp-json\/wp\/v2\/comments?post=23073"}],"wp:featuredmedia":[{"embeddable":true,"href":"https:\/\/bartek-kruk.pl\/en\/wp-json\/wp\/v2\/media\/23074"}],"wp:attachment":[{"href":"https:\/\/bartek-kruk.pl\/en\/wp-json\/wp\/v2\/media?parent=23073"}],"wp:term":[{"taxonomy":"product_brand","embeddable":true,"href":"https:\/\/bartek-kruk.pl\/en\/wp-json\/wp\/v2\/product_brand?post=23073"},{"taxonomy":"product_cat","embeddable":true,"href":"https:\/\/bartek-kruk.pl\/en\/wp-json\/wp\/v2\/product_cat?post=23073"},{"taxonomy":"product_tag","embeddable":true,"href":"https:\/\/bartek-kruk.pl\/en\/wp-json\/wp\/v2\/product_tag?post=23073"}],"curies":[{"name":"wp","href":"https:\/\/api.w.org\/{rel}","templated":true}]}}